{"id":1039,"date":"2015-10-15T18:39:19","date_gmt":"2015-10-15T17:39:19","guid":{"rendered":"https:\/\/www.ac-am.fr\/?page_id=1039"},"modified":"2021-10-11T10:56:19","modified_gmt":"2021-10-11T09:56:19","slug":"les-mysteres-de-notre-monde-interieur-et-exterieur","status":"publish","type":"page","link":"https:\/\/www.ac-am.fr\/index.php\/les-mysteres-de-notre-monde-interieur-et-exterieur\/","title":{"rendered":"Les Myst\u00e8res de notre Monde Int\u00e9rieur et Ext\u00e9rieur."},"content":{"rendered":"<div id=\"web\" style=\"background-attachment: fixed; border: 2px solid #000000; border-radius: 10px; opacity: 0.90; width: 600px;\">\n<table class=\"aligncenter\" style=\"width: 600px;\" border=\"0\">\n<tbody>\n<tr>\n<td>\n<table class=\"aligncenter\" style=\"width: 567px; height: 190px;\" border=\"0\">\n<tbody>\n<tr>\n<td><img decoding=\"async\" class=\"aligncenter\" src=\"https:\/\/www.ac-am.fr\/wp-content\/uploads\/2015\/09\/barre_mr.gif\" alt=\"\" border=\"0\"><\/td>\n<\/tr>\n<tr>\n<td class=\"gmoyen\" style=\"text-align: center;\"><b><i><a name=\"Interrogations\"><\/a><span class=\"ntitre1\">Les Myst\u00e8res de notre Monde Int\u00e9rieur et Ext\u00e9rieur.<\/span><\/i><\/b><\/td>\n<\/tr>\n<tr>\n<td colspan=\"2\"><img decoding=\"async\" class=\"aligncenter\" src=\"https:\/\/www.ac-am.fr\/wp-content\/uploads\/2015\/09\/barre_mr.gif\" alt=\"\" border=\"0\"><\/td>\n<\/tr>\n<\/tbody>\n<\/table>\n<table class=\"aligncenter\" style=\"width: 580px; border: 3px; border-color: #000000; border-style: solid ridge;\">\n<tbody>\n<tr>\n<td colspan=\"2\" bgcolor=\"#7a7d94\">&nbsp;<\/td>\n<\/tr>\n<tr>\n<td><a name=\"celine_inmyworld_medium\"><\/a><span class=\"nnormal\">C\u00e9line Inmyworld M\u00e9dium.<\/span><\/td>\n<td class=\"gpetit\">\n<ul>\n<li>Contact avec vos d\u00e9funts, messages de vos Guides Spirituels et de votre \u00e2me,<br \/>\nguidance sur votre chemin de vie, nettoyage \u00e9nerg\u00e9tique des lieux, d\u00e9gagement de magie noire et \u00e9nergies n\u00e9gatives, mentorat (coaching) pour d\u00e9velopper votre m\u00e9diumnit\u00e9, accompagnement des enfants m\u00e9diums, accompagnement th\u00e9rapeutique, voyance, contact avec votre animal perdu, cr\u00e9ation de bijoux personnalis\u00e9s en pierres semi-pr\u00e9cieuses&#8230;<\/li>\n<\/ul>\n<\/td>\n<\/tr>\n<tr>\n<td style=\"text-align: center;\" colspan=\"2\"><a href=\"https:\/\/www.celineinmyworldmedium.com\/\" target=\"_blank\" rel=\"noopener\"><img decoding=\"async\" class=\" aligncenter\" =\"\"=\"\" src=\"https:\/\/www.ac-am.fr\/wp-content\/uploads\/2021\/10\/celine_inmyworld_site.jpg\" alt=\"\" border=\"0\"><\/a><\/td>\n<\/tr>\n<\/tbody>\n<\/table>\n<table class=\"aligncenter\" style=\"width: 580px; border: 3px; border-color: #000000; border-style: solid ridge;\">\n<tbody>\n<tr>\n<td colspan=\"3\" bgcolor=\"#7a7d84\">&nbsp;<\/td>\n<\/tr>\n<tr>\n<td><a name=\"vie_corps_perdu\"><\/a><span class=\"nnormal\">La Vie \u00e0 corps perdu.<\/span><\/td>\n<td class=\"gpetit\">\n<ul>\n<li>Adelin nous pr\u00e9sente son futur livre sur l&rsquo;apr\u00e8s mort avec t\u00e9moignages et approche de cette \u00ab\u00a0porte\u00a0\u00bb qui angoisse tant notre civilisation occidentale&#8230;<\/li>\n<\/ul>\n<\/td>\n<td style=\"vertical-align: middle;\"><a href=\"https:\/\/adelin.pagesperso-orange.fr\/\" target=\"_blank\" rel=\"noopener\"><img loading=\"lazy\" decoding=\"async\" src=\"https:\/\/www.ac-am.fr\/wp-content\/uploads\/2015\/10\/lvacp.jpg\" alt=\"\" width=\"120\" height=\"91\" border=\"0\"><\/a><\/td>\n<\/tr>\n<\/tbody>\n<\/table>\n<table class=\"aligncenter\" style=\"width: 580px; border: 3px; border-color: #000000; border-style: solid ridge;\">\n<tbody>\n<tr>\n<td colspan=\"2\" bgcolor=\"#7a7d74\">&nbsp;<\/td>\n<\/tr>\n<tr>\n<td><a name=\"Sourciere_Aimee\"><\/a><span class=\"nnormal\">Ma Sourci\u00e8re bien Aim\u00e9e&#8230;<\/span><\/td>\n<td class=\"gpetit\">\n<ul>\n<li>Quand adolescent vous vous d\u00e9couvrez un don. Pour ma part, c&rsquo;\u00e9tait sourci\u00e8re. Mais lorsque j&rsquo;ai senti qu&rsquo;une premi\u00e8re porte s&rsquo;\u00e9tait ouverte, je l&rsquo;avoue, j&rsquo;ai eu peur, et j&rsquo;ai pr\u00e9f\u00e9r\u00e9 ne pas ouvrir les portes suivantes&#8230; J&rsquo;ai jou\u00e9 avec ce don pendant des ann\u00e9es, confront\u00e9e aux regards incr\u00e9dules qui s&rsquo;autorisaient \u00e0 me tester&#8230;<\/li>\n<\/ul>\n<\/td>\n<\/tr>\n<tr>\n<td colspan=\"2\" align=\"center\"><a href=\"https:\/\/masourciere.blogspot.fr\/\" target=\"_blank\" rel=\"noopener\"><img loading=\"lazy\" decoding=\"async\" class=\"aligncenter\" src=\"https:\/\/www.ac-am.fr\/wp-content\/uploads\/2015\/12\/ma_sourciere.png\" alt=\"\" width=\"530\" height=\"95\" border=\"0\"><\/a><\/td>\n<\/tr>\n<\/tbody>\n<\/table>\n<table class=\"aligncenter\" style=\"width: 580px; border: 3px; border-color: #000000; border-style: solid ridge;\">\n<tbody>\n<tr>\n<td colspan=\"2\" bgcolor=\"#7a7d64\">&nbsp;<\/td>\n<\/tr>\n<tr>\n<td><a name=\"chrystal_energie\"><\/a><span class=\"nnormal\">Crystal Energy&#8230;<\/span><\/td>\n<td class=\"gpetit\">\n<ul>\n<li>Vous croyez au pouvoir des pierres, ce site est donc pour vous. Le r\u00e8gne min\u00e9ral \u00e0 une immense influence sur l&rsquo;homme, l&rsquo;\u00e9nergie est en son \u00ab\u00a0coeur\u00a0\u00bb&#8230;<\/li>\n<\/ul>\n<\/td>\n<\/tr>\n<tr>\n<td colspan=\"2\" align=\"center\"><a href=\"https:\/\/www.pierresmagiques.com\/\" target=\"_blank\" rel=\"noopener\"><img decoding=\"async\" class=\"aligncenter\" src=\"https:\/\/www.ac-am.fr\/wp-content\/uploads\/2015\/10\/ban_ce.gif\" alt=\"\" border=\"0\"><\/a><\/td>\n<\/tr>\n<\/tbody>\n<\/table>\n<table class=\"aligncenter\" style=\"width: 580px; border: 3px; border-color: #000000; border-style: solid ridge;\">\n<tbody>\n<tr>\n<td colspan=\"2\" bgcolor=\"#7a7d54\">&nbsp;<\/td>\n<\/tr>\n<tr>\n<td><a name=\"Alina_officiel\"><\/a><span class=\"nnormal\">\u2606 La Magie d&rsquo;Alina \u2606<\/span><\/td>\n<td class=\"gpetit\">\n<ul>\n<li>Je m&rsquo;appelle Alina et je suis chanteuse f\u00e9erique et pa\u00efenne. Vous d\u00e9couvrirez dans ce blog, tous mes chants et mes rituels, mais aussi des chants f\u00e9eriques doux et apaisants.<\/li>\n<li>J&rsquo;anime aussi une chronique sur Radio Arcadie, le samedi matin entre 11h et 12h. Je propose aux auditeurs de d\u00e9couvrir des artistes, auteurs, illustrateurs, artisans, musiciens qui me touchent et dont l&rsquo;univers est proche de la f\u00e9erie, de la magie, de la musique celte et m\u00e9di\u00e9vale. Je m&rsquo;occupe aussi en tant que mod\u00e9ratrice de la communaut\u00e9 de wicca radio, et je suis animatrice sur le forum wiccan domhanda.<\/li>\n<li>Je vous souhaite un bon voyage au pays de la f\u00e9erie et de la magie.<\/li>\n<\/ul>\n<\/td>\n<\/tr>\n<tr>\n<td colspan=\"2\" align=\"center\"><a href=\"https:\/\/www.alinaofficiel.com\/\" target=\"_blank\" rel=\"noopener\"><img loading=\"lazy\" decoding=\"async\" class=\"aligncenter\" src=\"https:\/\/www.ac-am.fr\/wp-content\/uploads\/2015\/12\/alina_officiel.jpg\" alt=\"\" width=\"528\" height=\"194\" border=\"0\"><\/a><\/td>\n<\/tr>\n<\/tbody>\n<\/table>\n<table class=\"aligncenter\" style=\"width: 580px; border: 3px; border-color: #000000; border-style: solid ridge;\">\n<tbody>\n<tr>\n<td colspan=\"2\" bgcolor=\"#7a7d44\">&nbsp;<\/td>\n<\/tr>\n<tr>\n<td><a name=\"Patricia_Turcotte\"><\/a><span class=\"nnormal\">Les \u00c9critures de Patricia Turcotte.<\/span><\/td>\n<td class=\"gpetit\">\n<ul>\n<li>Un Vieux-Sage m&rsquo;a dit:\u00a0\u00bb Patricia, cherche bien dans le plus profond de ton \u00eatre, ce que tu aimerais accomplir \u00e0 compter de ce jour, et ce, autant dans la pauvret\u00e9 financi\u00e8re, dans la maladie et la solitude, que dans la prosp\u00e9rit\u00e9, la sant\u00e9, ou la c\u00e9l\u00e9brit\u00e9.\u00a0\u00bb Sans h\u00e9siter je lui r\u00e9ponds: \u00c9crire. Ce sage me r\u00e9f\u00e8re alors au dicton populaire: Plus tu attends d&rsquo;avoir l&rsquo;air d&rsquo;un ange pour agir et plus tu risques d&rsquo;avoir l&rsquo;air b\u00eate. Bienvenue sur ce blog ! Patricia Turcotte.<\/li>\n<\/ul>\n<\/td>\n<\/tr>\n<tr>\n<td colspan=\"2\" align=\"center\"><a href=\"https:\/\/patricia-turcotte.blogspot.com\" target=\"_blank\" rel=\"noopener\"><img loading=\"lazy\" decoding=\"async\" class=\"aligncenter\" src=\"https:\/\/www.ac-am.fr\/wp-content\/uploads\/2015\/10\/turcotte.jpg\" alt=\"Banni\u00e8re blog Patricia Turcotte\" width=\"468\" height=\"100\" border=\"0\"><\/a><\/td>\n<\/tr>\n<\/tbody>\n<\/table>\n<table class=\"aligncenter\" style=\"width: 580px; border: 3px; border-color: #000000; border-style: solid ridge;\">\n<tbody>\n<tr>\n<td style=\"background-color: #7a7d34;\" colspan=\"2\">&nbsp;<\/td>\n<\/tr>\n<tr>\n<td><a name=\"EMI_JP_JOURDAN\"><\/a><span class=\"nnormal\">EMI : Une \u00e9nigme pour la science.<\/span><\/td>\n<td class=\"gpetit\">\n<ul>\n<li>Cela fait bient\u00f4t vingt ans que je rencontre, \u00e9coute et interroge des centaines de personnes qui ont un point commun : elles ont toutes v\u00e9cu une histoire impossible.<br \/>\nVingt ans \u00e0 enregistrer, d\u00e9cortiquer et surtout \u00e0 essayer de comprendre leurs t\u00e9moignages.<br \/>\nDes centaines d&rsquo;histoires, tout aussi incroyables les unes que les autres, et pourtant si semblables.<\/li>\n<\/ul>\n<\/td>\n<\/tr>\n<tr>\n<td colspan=\"2\" align=\"center\"><a href=\"http:\/\/www.deadlinelelivre.fr\/\" target=\"_blank\" rel=\"noopener\"><img loading=\"lazy\" decoding=\"async\" class=\"aligncenter\" src=\"https:\/\/www.ac-am.fr\/wp-content\/uploads\/2015\/12\/EMI_JP_Jourdan.png\" alt=\"Banni\u00e8re site EMI docteur Jean-Pierre Jourdan\" width=\"550\" height=\"103\" border=\"0\"><\/a><\/td>\n<\/tr>\n<\/tbody>\n<\/table>\n<p><!--\n\n\n<table class=\"aligncenter\" style=\"width: 580px; border: 3px; border-color: #000000; border-style: solid ridge;\">\n\n\n<tbody>\n\n\n<tr>\n\n\n<td style=\"background-color: #7a7d24;\" colspan=\"2\">&nbsp;<\/td>\n\n\n<\/tr>\n\n\n\n\n<tr>\n\n\n<td><a name=\"GEEPP\"><\/a><span class=\"nnormal\">G.E.E.P.P. : Laboratoire de Parapsychologie de Toulouse.<\/span><\/td>\n\n\n\n\n<td class=\"gpetit\">\n\n\n<ul>\n \t\n\n<li>Vous trouverez avant tout sur ce site de la documentation de fond. Pour conna\u00eetre l'actualit\u00e9 (en particulier les annonces de conf\u00e9rences) consultez www.metapsychique.org et www.inrees.com.<\/li>\n\n\n<\/ul>\n\n\n<\/td>\n\n\n<\/tr>\n\n\n\n\n<tr>\n\n\n<td colspan=\"2\" align=\"center\"><a href=\"http:\/\/geepp.free.fr\/index1024.htm\" target=\"_blank\" rel=\"noopener\"><img loading=\"lazy\" decoding=\"async\" class=\"aligncenter\" src=\"http:\/\/www.ac-am.fr\/wp-content\/uploads\/2016\/08\/geepp.png\" alt=\"Banni\u00e8re site du GEEPP\" width=\"400\" height=\"64\" border=\"0\"><\/a><\/td>\n\n\n<\/tr>\n\n\n<\/tbody>\n\n\n<\/table>\n\n\n--><\/p>\n<table class=\"aligncenter\" style=\"width: 567px;\" border=\"0\">\n<tbody>\n<tr>\n<td colspan=\"3\"><img loading=\"lazy\" decoding=\"async\" src=\"https:\/\/www.ac-am.fr\/wp-content\/uploads\/2015\/09\/barre_mr.gif\" alt=\"\" width=\"550\" vspace=\"10\" height=\"7\" border=\"0\" align=\"middle\"><\/td>\n<\/tr>\n<tr>\n<td colspan=\"3\"><span class=\"nnormal\"><a href=\"contact.php\" target=\"_self\" rel=\"noopener\"><img decoding=\"async\" src=\"https:\/\/www.ac-am.fr\/wp-content\/uploads\/2015\/09\/email.gif\" alt=\"\" hspace=\"5\" border=\"0\" align=\"left\"><\/a>Messages et \u00c9crits&#8230; [\u00c0 vos claviers]<\/span><\/td>\n<\/tr>\n<tr>\n<td colspan=\"3\" align=\"center\">&nbsp;<\/p>\n<table style=\"background-attachment: fixed; border: 2px solid #000000; border-radius: 10px; opacity: 0.90;\">\n<tbody>\n<tr>\n<td><a href=\"https:\/\/www.ac-am.fr\/\" target=\"_top\" rel=\"noopener\"><img decoding=\"async\" src=\"http:\/\/www.ac-am.fr\/wp-content\/uploads\/2015\/09\/accueil.jpg\" alt=\"\" border=\"0\" align=\"middle\"><\/a><\/td>\n<\/tr>\n<\/tbody>\n<\/table>\n<\/td>\n<\/tr>\n<tr>\n<td colspan=\"3\"><img loading=\"lazy\" decoding=\"async\" src=\"https:\/\/www.ac-am.fr\/wp-content\/uploads\/2015\/09\/barre_mr.gif\" alt=\"\" width=\"550\" vspace=\"10\" height=\"7\" border=\"0\" align=\"middle\"><\/td>\n<\/tr>\n<\/tbody>\n<\/table>\n<\/td>\n<\/tr>\n<\/tbody>\n<\/table>\n<\/div>\n<div style=\"padding-bottom:20px; padding-top:10px;\" class=\"hupso-share-buttons\"><!-- Hupso Share Buttons - https:\/\/www.hupso.com\/share\/ --><a class=\"hupso_toolbar\" href=\"https:\/\/www.hupso.com\/share\/\"><img decoding=\"async\" src=\"https:\/\/static.hupso.com\/share\/buttons\/lang\/fr\/share.png\" style=\"border:0px; padding-top: 5px; float:left;\" alt=\"Share Button\"\/><\/a><script type=\"text\/javascript\">var hupso_services_t=new Array(\"Twitter\",\"Facebook\",\"Google Plus\");var hupso_background_t=\"#EAF4FF\";var hupso_border_t=\"#66CCFF\";var hupso_toolbar_size_t=\"big\";var hupso_image_folder_url = \"\";var hupso_url_t=\"\";var hupso_title_t=\"Les%20Myst%C3%A8res%20de%20notre%20Monde%20Int%C3%A9rieur%20et%20Ext%C3%A9rieur.\";<\/script><script type=\"text\/javascript\" src=\"https:\/\/static.hupso.com\/share\/js\/share_toolbar.js\"><\/script><!-- Hupso Share Buttons --><\/div>","protected":false},"excerpt":{"rendered":"<p>Les Myst\u00e8res de notre Monde Int\u00e9rieur et Ext\u00e9rieur. &nbsp; C\u00e9line Inmyworld M\u00e9dium. Contact avec vos&#8230;<\/p>\n","protected":false},"author":1,"featured_media":0,"parent":0,"menu_order":0,"comment_status":"closed","ping_status":"closed","template":"web.php","meta":{"footnotes":""},"class_list":["post-1039","page","type-page","status-publish","hentry"],"yoast_head":"<!-- This site is optimized with the Yoast SEO plugin v26.9 - https:\/\/yoast.com\/product\/yoast-seo-wordpress\/ -->\n<title>ACAM - Les Myst\u00e8res de notre Monde Int\u00e9rieur et Ext\u00e9rieur.<\/title>\n<meta name=\"description\" content=\"Cela fait bient\u00f4t vingt ans que je rencontre, \u00e9coute et interroge des centaines de personnes qui ont un point commun : elles ont une histoire\" \/>\n<meta name=\"robots\" content=\"index, follow, max-snippet:-1, max-image-preview:large, max-video-preview:-1\" \/>\n<link rel=\"canonical\" href=\"https:\/\/www.ac-am.fr\/index.php\/les-mysteres-de-notre-monde-interieur-et-exterieur\/\" \/>\n<meta property=\"og:locale\" content=\"fr_FR\" \/>\n<meta property=\"og:type\" content=\"article\" \/>\n<meta property=\"og:title\" content=\"ACAM - Les Myst\u00e8res de notre Monde Int\u00e9rieur et Ext\u00e9rieur.\" \/>\n<meta property=\"og:description\" content=\"Cela fait bient\u00f4t vingt ans que je rencontre, \u00e9coute et interroge des centaines de personnes qui ont un point commun : elles ont une histoire\" \/>\n<meta property=\"og:url\" content=\"https:\/\/www.ac-am.fr\/index.php\/les-mysteres-de-notre-monde-interieur-et-exterieur\/\" \/>\n<meta property=\"og:site_name\" content=\"Autre Conscience, Autre Monde\" \/>\n<meta property=\"article:publisher\" content=\"https:\/\/fr-fr.facebook.com\/claude.acam\/\" \/>\n<meta property=\"article:modified_time\" content=\"2021-10-11T09:56:19+00:00\" \/>\n<meta property=\"og:image\" content=\"https:\/\/www.ac-am.fr\/wp-content\/uploads\/2015\/09\/barre_mr.gif\" \/>\n<meta name=\"twitter:card\" content=\"summary_large_image\" \/>\n<meta name=\"twitter:label1\" content=\"Dur\u00e9e de lecture estim\u00e9e\" \/>\n\t<meta name=\"twitter:data1\" content=\"5 minutes\" \/>\n<script type=\"application\/ld+json\" class=\"yoast-schema-graph\">{\"@context\":\"https:\/\/schema.org\",\"@graph\":[{\"@type\":\"WebPage\",\"@id\":\"https:\/\/www.ac-am.fr\/index.php\/les-mysteres-de-notre-monde-interieur-et-exterieur\/\",\"url\":\"https:\/\/www.ac-am.fr\/index.php\/les-mysteres-de-notre-monde-interieur-et-exterieur\/\",\"name\":\"ACAM - Les Myst\u00e8res de notre Monde Int\u00e9rieur et Ext\u00e9rieur.\",\"isPartOf\":{\"@id\":\"https:\/\/www.ac-am.fr\/#website\"},\"primaryImageOfPage\":{\"@id\":\"https:\/\/www.ac-am.fr\/index.php\/les-mysteres-de-notre-monde-interieur-et-exterieur\/#primaryimage\"},\"image\":{\"@id\":\"https:\/\/www.ac-am.fr\/index.php\/les-mysteres-de-notre-monde-interieur-et-exterieur\/#primaryimage\"},\"thumbnailUrl\":\"https:\/\/www.ac-am.fr\/wp-content\/uploads\/2015\/09\/barre_mr.gif\",\"datePublished\":\"2015-10-15T17:39:19+00:00\",\"dateModified\":\"2021-10-11T09:56:19+00:00\",\"description\":\"Cela fait bient\u00f4t vingt ans que je rencontre, \u00e9coute et interroge des centaines de personnes qui ont un point commun : elles ont une histoire\",\"breadcrumb\":{\"@id\":\"https:\/\/www.ac-am.fr\/index.php\/les-mysteres-de-notre-monde-interieur-et-exterieur\/#breadcrumb\"},\"inLanguage\":\"fr-FR\",\"potentialAction\":[{\"@type\":\"ReadAction\",\"target\":[\"https:\/\/www.ac-am.fr\/index.php\/les-mysteres-de-notre-monde-interieur-et-exterieur\/\"]}]},{\"@type\":\"ImageObject\",\"inLanguage\":\"fr-FR\",\"@id\":\"https:\/\/www.ac-am.fr\/index.php\/les-mysteres-de-notre-monde-interieur-et-exterieur\/#primaryimage\",\"url\":\"https:\/\/www.ac-am.fr\/wp-content\/uploads\/2015\/09\/barre_mr.gif\",\"contentUrl\":\"https:\/\/www.ac-am.fr\/wp-content\/uploads\/2015\/09\/barre_mr.gif\",\"width\":550,\"height\":7,\"caption\":\"barre marron\"},{\"@type\":\"BreadcrumbList\",\"@id\":\"https:\/\/www.ac-am.fr\/index.php\/les-mysteres-de-notre-monde-interieur-et-exterieur\/#breadcrumb\",\"itemListElement\":[{\"@type\":\"ListItem\",\"position\":1,\"name\":\"Accueil\",\"item\":\"https:\/\/www.ac-am.fr\/\"},{\"@type\":\"ListItem\",\"position\":2,\"name\":\"Les Myst\u00e8res de notre Monde Int\u00e9rieur et Ext\u00e9rieur.\"}]},{\"@type\":\"WebSite\",\"@id\":\"https:\/\/www.ac-am.fr\/#website\",\"url\":\"https:\/\/www.ac-am.fr\/\",\"name\":\"Autre Conscience, Autre Monde\",\"description\":\"\",\"publisher\":{\"@id\":\"https:\/\/www.ac-am.fr\/#organization\"},\"potentialAction\":[{\"@type\":\"SearchAction\",\"target\":{\"@type\":\"EntryPoint\",\"urlTemplate\":\"https:\/\/www.ac-am.fr\/?s={search_term_string}\"},\"query-input\":{\"@type\":\"PropertyValueSpecification\",\"valueRequired\":true,\"valueName\":\"search_term_string\"}}],\"inLanguage\":\"fr-FR\"},{\"@type\":\"Organization\",\"@id\":\"https:\/\/www.ac-am.fr\/#organization\",\"name\":\"Autre Conscience, Autre Monde\",\"url\":\"https:\/\/www.ac-am.fr\/\",\"logo\":{\"@type\":\"ImageObject\",\"inLanguage\":\"fr-FR\",\"@id\":\"https:\/\/www.ac-am.fr\/#\/schema\/logo\/image\/\",\"url\":\"https:\/\/www.ac-am.fr\/wp-content\/uploads\/2015\/10\/bd_ac_am.gif\",\"contentUrl\":\"https:\/\/www.ac-am.fr\/wp-content\/uploads\/2015\/10\/bd_ac_am.gif\",\"width\":370,\"height\":65,\"caption\":\"Autre Conscience, Autre Monde\"},\"image\":{\"@id\":\"https:\/\/www.ac-am.fr\/#\/schema\/logo\/image\/\"},\"sameAs\":[\"https:\/\/fr-fr.facebook.com\/claude.acam\/\",\"https:\/\/www.youtube.com\/user\/consciencemonde\"]}]}<\/script>\n<!-- \/ Yoast SEO plugin. -->","yoast_head_json":{"title":"ACAM - Les Myst\u00e8res de notre Monde Int\u00e9rieur et Ext\u00e9rieur.","description":"Cela fait bient\u00f4t vingt ans que je rencontre, \u00e9coute et interroge des centaines de personnes qui ont un point commun : elles ont une histoire","robots":{"index":"index","follow":"follow","max-snippet":"max-snippet:-1","max-image-preview":"max-image-preview:large","max-video-preview":"max-video-preview:-1"},"canonical":"https:\/\/www.ac-am.fr\/index.php\/les-mysteres-de-notre-monde-interieur-et-exterieur\/","og_locale":"fr_FR","og_type":"article","og_title":"ACAM - Les Myst\u00e8res de notre Monde Int\u00e9rieur et Ext\u00e9rieur.","og_description":"Cela fait bient\u00f4t vingt ans que je rencontre, \u00e9coute et interroge des centaines de personnes qui ont un point commun : elles ont une histoire","og_url":"https:\/\/www.ac-am.fr\/index.php\/les-mysteres-de-notre-monde-interieur-et-exterieur\/","og_site_name":"Autre Conscience, Autre Monde","article_publisher":"https:\/\/fr-fr.facebook.com\/claude.acam\/","article_modified_time":"2021-10-11T09:56:19+00:00","og_image":[{"url":"https:\/\/www.ac-am.fr\/wp-content\/uploads\/2015\/09\/barre_mr.gif","type":"","width":"","height":""}],"twitter_card":"summary_large_image","twitter_misc":{"Dur\u00e9e de lecture estim\u00e9e":"5 minutes"},"schema":{"@context":"https:\/\/schema.org","@graph":[{"@type":"WebPage","@id":"https:\/\/www.ac-am.fr\/index.php\/les-mysteres-de-notre-monde-interieur-et-exterieur\/","url":"https:\/\/www.ac-am.fr\/index.php\/les-mysteres-de-notre-monde-interieur-et-exterieur\/","name":"ACAM - Les Myst\u00e8res de notre Monde Int\u00e9rieur et Ext\u00e9rieur.","isPartOf":{"@id":"https:\/\/www.ac-am.fr\/#website"},"primaryImageOfPage":{"@id":"https:\/\/www.ac-am.fr\/index.php\/les-mysteres-de-notre-monde-interieur-et-exterieur\/#primaryimage"},"image":{"@id":"https:\/\/www.ac-am.fr\/index.php\/les-mysteres-de-notre-monde-interieur-et-exterieur\/#primaryimage"},"thumbnailUrl":"https:\/\/www.ac-am.fr\/wp-content\/uploads\/2015\/09\/barre_mr.gif","datePublished":"2015-10-15T17:39:19+00:00","dateModified":"2021-10-11T09:56:19+00:00","description":"Cela fait bient\u00f4t vingt ans que je rencontre, \u00e9coute et interroge des centaines de personnes qui ont un point commun : elles ont une histoire","breadcrumb":{"@id":"https:\/\/www.ac-am.fr\/index.php\/les-mysteres-de-notre-monde-interieur-et-exterieur\/#breadcrumb"},"inLanguage":"fr-FR","potentialAction":[{"@type":"ReadAction","target":["https:\/\/www.ac-am.fr\/index.php\/les-mysteres-de-notre-monde-interieur-et-exterieur\/"]}]},{"@type":"ImageObject","inLanguage":"fr-FR","@id":"https:\/\/www.ac-am.fr\/index.php\/les-mysteres-de-notre-monde-interieur-et-exterieur\/#primaryimage","url":"https:\/\/www.ac-am.fr\/wp-content\/uploads\/2015\/09\/barre_mr.gif","contentUrl":"https:\/\/www.ac-am.fr\/wp-content\/uploads\/2015\/09\/barre_mr.gif","width":550,"height":7,"caption":"barre marron"},{"@type":"BreadcrumbList","@id":"https:\/\/www.ac-am.fr\/index.php\/les-mysteres-de-notre-monde-interieur-et-exterieur\/#breadcrumb","itemListElement":[{"@type":"ListItem","position":1,"name":"Accueil","item":"https:\/\/www.ac-am.fr\/"},{"@type":"ListItem","position":2,"name":"Les Myst\u00e8res de notre Monde Int\u00e9rieur et Ext\u00e9rieur."}]},{"@type":"WebSite","@id":"https:\/\/www.ac-am.fr\/#website","url":"https:\/\/www.ac-am.fr\/","name":"Autre Conscience, Autre Monde","description":"","publisher":{"@id":"https:\/\/www.ac-am.fr\/#organization"},"potentialAction":[{"@type":"SearchAction","target":{"@type":"EntryPoint","urlTemplate":"https:\/\/www.ac-am.fr\/?s={search_term_string}"},"query-input":{"@type":"PropertyValueSpecification","valueRequired":true,"valueName":"search_term_string"}}],"inLanguage":"fr-FR"},{"@type":"Organization","@id":"https:\/\/www.ac-am.fr\/#organization","name":"Autre Conscience, Autre Monde","url":"https:\/\/www.ac-am.fr\/","logo":{"@type":"ImageObject","inLanguage":"fr-FR","@id":"https:\/\/www.ac-am.fr\/#\/schema\/logo\/image\/","url":"https:\/\/www.ac-am.fr\/wp-content\/uploads\/2015\/10\/bd_ac_am.gif","contentUrl":"https:\/\/www.ac-am.fr\/wp-content\/uploads\/2015\/10\/bd_ac_am.gif","width":370,"height":65,"caption":"Autre Conscience, Autre Monde"},"image":{"@id":"https:\/\/www.ac-am.fr\/#\/schema\/logo\/image\/"},"sameAs":["https:\/\/fr-fr.facebook.com\/claude.acam\/","https:\/\/www.youtube.com\/user\/consciencemonde"]}]}},"_links":{"self":[{"href":"https:\/\/www.ac-am.fr\/index.php\/wp-json\/wp\/v2\/pages\/1039","targetHints":{"allow":["GET"]}}],"collection":[{"href":"https:\/\/www.ac-am.fr\/index.php\/wp-json\/wp\/v2\/pages"}],"about":[{"href":"https:\/\/www.ac-am.fr\/index.php\/wp-json\/wp\/v2\/types\/page"}],"author":[{"embeddable":true,"href":"https:\/\/www.ac-am.fr\/index.php\/wp-json\/wp\/v2\/users\/1"}],"replies":[{"embeddable":true,"href":"https:\/\/www.ac-am.fr\/index.php\/wp-json\/wp\/v2\/comments?post=1039"}],"version-history":[{"count":24,"href":"https:\/\/www.ac-am.fr\/index.php\/wp-json\/wp\/v2\/pages\/1039\/revisions"}],"predecessor-version":[{"id":4494,"href":"https:\/\/www.ac-am.fr\/index.php\/wp-json\/wp\/v2\/pages\/1039\/revisions\/4494"}],"wp:attachment":[{"href":"https:\/\/www.ac-am.fr\/index.php\/wp-json\/wp\/v2\/media?parent=1039"}],"curies":[{"name":"wp","href":"https:\/\/api.w.org\/{rel}","templated":true}]}}