{"id":1055,"date":"2015-10-15T20:38:54","date_gmt":"2015-10-15T19:38:54","guid":{"rendered":"https:\/\/www.ac-am.fr\/?page_id=1055"},"modified":"2015-12-26T23:35:08","modified_gmt":"2015-12-26T22:35:08","slug":"le-web-des-infos","status":"publish","type":"page","link":"https:\/\/www.ac-am.fr\/index.php\/le-web-des-infos\/","title":{"rendered":"Le Web des Infos."},"content":{"rendered":"<table class=\"aligncenter\" style=\"width: 600px;\" border=\"0\">\n<tbody>\n<tr>\n<td>\n<table class=\"aligncenter\" style=\"width: 580px; height: 190px;\" border=\"0\">\n<tbody>\n<tr>\n<td><img decoding=\"async\" class=\"aligncenter\" src=\"http:\/\/www.ac-am.fr\/wp-content\/uploads\/2015\/09\/barre_mr.gif\" alt=\"\" border=\"0\" \/><\/td>\n<\/tr>\n<tr>\n<td class=\"gmoyen\" style=\"text-align: center;\"><b><i><a name=\"Arts\"><\/a><span class=\"ntitre1\">Le Web des Infos.<\/span><\/i><\/b><\/td>\n<\/tr>\n<tr>\n<td colspan=\"2\"><img decoding=\"async\" class=\"aligncenter\" src=\"http:\/\/www.ac-am.fr\/wp-content\/uploads\/2015\/09\/barre_mr.gif\" alt=\"\" border=\"0\" \/><\/td>\n<\/tr>\n<\/tbody>\n<\/table>\n<table class=\"aligncenter\" style=\"width: 580px; border: 3px; border-color: #000000; border-style: solid ridge;\">\n<tbody>\n<tr>\n<td colspan=\"3\" bgcolor=\"#7a7d94\">\u00a0<\/td>\n<\/tr>\n<tr>\n<td style=\"vertical-align: middle;\"><a href=\"http:\/\/ashtar.sheran.free.fr\/ashtar-sheran.htm\" target=\"_blank\"><img decoding=\"async\" src=\"http:\/\/www.ac-am.fr\/wp-content\/uploads\/2015\/10\/ashtar-logo.jpg\" alt=\"\" border=\"0\" \/><\/a><\/td>\n<td style=\"text-align: left;\"><span class=\"nnormal\">ASHTAR SHERAN.<\/span><\/td>\n<td class=\"gpetit\">\n<ul>\n<li>Date du premier message d&rsquo;Ashtar connu sur Terre au XX\u00e8me si\u00e8cle :\n<p> Le 18 Juillet 1952, re\u00e7u par le contact\u00e9 Am\u00e9ricain George Van Tassel (USA). 1952 correspond \u00e0 l&rsquo;ann\u00e9e o\u00f9 les observations d&rsquo;ovnis ont \u00e9t\u00e9 les plus nombreuses \u00e0 ce jour. Le terme \u00ab\u00a0Ashtar Command\u00a0\u00bb, a \u00e9t\u00e9 lanc\u00e9 par l&rsquo;\u00e9diteur Robert Short, un ancien ami de George Van Tassel. .<\/li>\n<\/ul>\n<\/td>\n<\/tr>\n<\/tbody>\n<\/table>\n<table class=\"aligncenter\" style=\"width: 580px; border: 3px; border-color: #000000; border-style: solid ridge;\">\n<tbody>\n<tr>\n<td colspan=\"2\" bgcolor=\"#7a7d84\">\u00a0<\/td>\n<\/tr>\n<tr>\n<td><a name=\"Area51\"><\/a><span class=\"nnormal\">Area51.<\/span><\/td>\n<td class=\"gpetit\">\n<ul>\n<li>Bienvenue sur mon blog Area51. Ce lieu a pour but de regrouper et diffuser le maximum d\u2019informations concernant tout ce qui se rapporte au ph\u00e9nom\u00e8ne extraterrestre. Vous y trouverez articles, photos, vid\u00e9os et liens. Je vous recommande de faire preuve de discernement dans tout ce que vous lirez, car il est pratiquement impossible de v\u00e9rifier l\u2019authenticit\u00e9 de tous les documents qui circulent sur le net.<\/li>\n<\/ul>\n<\/td>\n<\/tr>\n<tr>\n<td colspan=\"2\" align=\"middle\"><a href=\"http:\/\/area51blog.wordpress.com\/about\/\" target=\"_blank\"><img loading=\"lazy\" decoding=\"async\" class=\"aligncenter\" src=\"http:\/\/www.ac-am.fr\/wp-content\/uploads\/2015\/10\/area51.jpg\" alt=\"\" width=\"468\" height=\"87\" border=\"0\" \/><\/a><\/td>\n<\/tr>\n<\/tbody>\n<\/table>\n<table class=\"aligncenter\" style=\"width: 580px; border: 3px; border-color: #000000; border-style: solid ridge;\">\n<tbody>\n<tr>\n<td colspan=\"3\" bgcolor=\"#7a7d74\">\u00a0<\/td>\n<\/tr>\n<tr>\n<td style=\"text-align: left;\"><a name=\"lumieres_lune\"><\/a><span class=\"nnormal\">Lumi\u00e8res sur la Lune&#8230;<\/span><\/td>\n<td class=\"gpetit\">\n<ul>\n<li>Un site qui ne vous laisse pas de poussi\u00e8re lunaire. Il semble qu&rsquo;il y ait une forte activit\u00e9 \u00ab\u00a0technologique\u00a0\u00bb, n&rsquo;est-ce pas messieurs de la N.A.S.A.?<\/li>\n<\/ul>\n<\/td>\n<td style=\"vertical-align: middle;\"><a href=\"http:\/\/lheureux.free.fr\/\" target=\"_blank\"><img loading=\"lazy\" decoding=\"async\" src=\"http:\/\/www.ac-am.fr\/wp-content\/uploads\/2015\/10\/torch.gif\" alt=\"\" width=\"65\" height=\"128\" border=\"0\" \/><\/a><\/td>\n<\/tr>\n<\/tbody>\n<\/table>\n<table class=\"aligncenter\" style=\"width: 567px;\" border=\"0\">\n<tbody>\n<tr>\n<td colspan=\"3\"><img loading=\"lazy\" decoding=\"async\" src=\"http:\/\/www.ac-am.fr\/wp-content\/uploads\/2015\/09\/barre_mr.gif\" alt=\"\" width=\"550\" height=\"7\" align=\"middle\" border=\"0\" vspace=\"10\" \/><\/td>\n<\/tr>\n<tr>\n<td colspan=\"3\"><span class=\"nnormal\"><a href=\"contact.php\" target=\"_self\"><img decoding=\"async\" src=\"http:\/\/www.ac-am.fr\/wp-content\/uploads\/2015\/09\/email.gif\" alt=\"\" align=\"left\" border=\"0\" hspace=\"5\" \/><\/a>Messages et \u00c9crits&#8230; [\u00c0 vos claviers]<\/span><\/td>\n<\/tr>\n<tr>\n<td colspan=\"3\" align=\"center\">\n<table border=\"1\">\n<tbody>\n<tr>\n<td><a href=\"http:\/\/www.ac-am.fr\/\" target=\"_top\"><img decoding=\"async\" src=\"http:\/\/www.ac-am.fr\/wp-content\/uploads\/2015\/09\/accueil.jpg\" alt=\"\" align=\"middle\" border=\"0\" \/><\/a><\/td>\n<td bgcolor=\"\">\n<div><script src=\"http:\/\/counter8.allfreecounter.com\/private\/countertab.js?c=cc2992caa3f4994cb98f2a5eabfa5cec\" type=\"text\/javascript\"><\/script><noscript><a href=\"http:\/\/www.compteurdevisite.com\" title=\"compteur de visite pour site\" \/><img decoding=\"async\" src=\"http:\/\/counter8.allfreecounter.com\/private\/compteurdevisite.php?c=cc2992caa3f4994cb98f2a5eabfa5cec\" border=\"0\" title=\"compteur de visite pour site\" alt=\"compteur de visite pour site\" \/><\/noscript><\/div>\n<\/td>\n<\/tr>\n<\/tbody>\n<\/table>\n<\/td>\n<\/tr>\n<tr>\n<td colspan=\"3\"><img loading=\"lazy\" decoding=\"async\" src=\"http:\/\/www.ac-am.fr\/wp-content\/uploads\/2015\/09\/barre_mr.gif\" alt=\"\" width=\"550\" height=\"7\" align=\"middle\" border=\"0\" vspace=\"10\" \/><\/td>\n<\/tr>\n<\/tbody>\n<\/table>\n<\/td>\n<\/tr>\n<\/tbody>\n<\/table>\n<div style=\"padding-bottom:20px; padding-top:10px;\" class=\"hupso-share-buttons\"><!-- Hupso Share Buttons - https:\/\/www.hupso.com\/share\/ --><a class=\"hupso_toolbar\" href=\"https:\/\/www.hupso.com\/share\/\"><img decoding=\"async\" src=\"https:\/\/static.hupso.com\/share\/buttons\/lang\/fr\/share.png\" style=\"border:0px; padding-top: 5px; float:left;\" alt=\"Share Button\"\/><\/a><script type=\"text\/javascript\">var hupso_services_t=new Array(\"Twitter\",\"Facebook\",\"Google Plus\");var hupso_background_t=\"#EAF4FF\";var hupso_border_t=\"#66CCFF\";var hupso_toolbar_size_t=\"big\";var hupso_image_folder_url = \"\";var hupso_url_t=\"\";var hupso_title_t=\"Le%20Web%20des%20Infos.\";<\/script><script type=\"text\/javascript\" src=\"https:\/\/static.hupso.com\/share\/js\/share_toolbar.js\"><\/script><!-- Hupso Share Buttons --><\/div>","protected":false},"excerpt":{"rendered":"<p>Le Web des Infos. \u00a0 ASHTAR SHERAN. Date du premier message d&rsquo;Ashtar connu sur Terre&#8230;<\/p>\n","protected":false},"author":1,"featured_media":0,"parent":0,"menu_order":0,"comment_status":"closed","ping_status":"closed","template":"web.php","meta":{"footnotes":""},"class_list":["post-1055","page","type-page","status-publish","hentry"],"yoast_head":"<!-- This site is optimized with the Yoast SEO plugin v26.9 - https:\/\/yoast.com\/product\/yoast-seo-wordpress\/ -->\n<title>Le Web des Infos. - Autre Conscience, Autre Monde<\/title>\n<meta name=\"robots\" content=\"index, follow, max-snippet:-1, max-image-preview:large, max-video-preview:-1\" \/>\n<link rel=\"canonical\" href=\"https:\/\/www.ac-am.fr\/index.php\/le-web-des-infos\/\" \/>\n<meta property=\"og:locale\" content=\"fr_FR\" \/>\n<meta property=\"og:type\" content=\"article\" \/>\n<meta property=\"og:title\" content=\"Le Web des Infos. - Autre Conscience, Autre Monde\" \/>\n<meta property=\"og:description\" content=\"Le Web des Infos. \u00a0 ASHTAR SHERAN. Date du premier message d&rsquo;Ashtar connu sur Terre...\" \/>\n<meta property=\"og:url\" content=\"https:\/\/www.ac-am.fr\/index.php\/le-web-des-infos\/\" \/>\n<meta property=\"og:site_name\" content=\"Autre Conscience, Autre Monde\" \/>\n<meta property=\"article:publisher\" content=\"https:\/\/fr-fr.facebook.com\/claude.acam\/\" \/>\n<meta property=\"article:modified_time\" content=\"2015-12-26T22:35:08+00:00\" \/>\n<meta property=\"og:image\" content=\"http:\/\/www.ac-am.fr\/wp-content\/uploads\/2015\/09\/barre_mr.gif\" \/>\n<meta name=\"twitter:card\" content=\"summary_large_image\" \/>\n<meta name=\"twitter:label1\" content=\"Dur\u00e9e de lecture estim\u00e9e\" \/>\n\t<meta name=\"twitter:data1\" content=\"1 minute\" \/>\n<script type=\"application\/ld+json\" class=\"yoast-schema-graph\">{\"@context\":\"https:\/\/schema.org\",\"@graph\":[{\"@type\":\"WebPage\",\"@id\":\"https:\/\/www.ac-am.fr\/index.php\/le-web-des-infos\/\",\"url\":\"https:\/\/www.ac-am.fr\/index.php\/le-web-des-infos\/\",\"name\":\"Le Web des Infos. - Autre Conscience, Autre Monde\",\"isPartOf\":{\"@id\":\"https:\/\/www.ac-am.fr\/#website\"},\"primaryImageOfPage\":{\"@id\":\"https:\/\/www.ac-am.fr\/index.php\/le-web-des-infos\/#primaryimage\"},\"image\":{\"@id\":\"https:\/\/www.ac-am.fr\/index.php\/le-web-des-infos\/#primaryimage\"},\"thumbnailUrl\":\"http:\/\/www.ac-am.fr\/wp-content\/uploads\/2015\/09\/barre_mr.gif\",\"datePublished\":\"2015-10-15T19:38:54+00:00\",\"dateModified\":\"2015-12-26T22:35:08+00:00\",\"breadcrumb\":{\"@id\":\"https:\/\/www.ac-am.fr\/index.php\/le-web-des-infos\/#breadcrumb\"},\"inLanguage\":\"fr-FR\",\"potentialAction\":[{\"@type\":\"ReadAction\",\"target\":[\"https:\/\/www.ac-am.fr\/index.php\/le-web-des-infos\/\"]}]},{\"@type\":\"ImageObject\",\"inLanguage\":\"fr-FR\",\"@id\":\"https:\/\/www.ac-am.fr\/index.php\/le-web-des-infos\/#primaryimage\",\"url\":\"https:\/\/www.ac-am.fr\/wp-content\/uploads\/2015\/09\/barre_mr.gif\",\"contentUrl\":\"https:\/\/www.ac-am.fr\/wp-content\/uploads\/2015\/09\/barre_mr.gif\",\"width\":550,\"height\":7,\"caption\":\"barre marron\"},{\"@type\":\"BreadcrumbList\",\"@id\":\"https:\/\/www.ac-am.fr\/index.php\/le-web-des-infos\/#breadcrumb\",\"itemListElement\":[{\"@type\":\"ListItem\",\"position\":1,\"name\":\"Accueil\",\"item\":\"https:\/\/www.ac-am.fr\/\"},{\"@type\":\"ListItem\",\"position\":2,\"name\":\"Le Web des Infos.\"}]},{\"@type\":\"WebSite\",\"@id\":\"https:\/\/www.ac-am.fr\/#website\",\"url\":\"https:\/\/www.ac-am.fr\/\",\"name\":\"Autre Conscience, Autre Monde\",\"description\":\"\",\"publisher\":{\"@id\":\"https:\/\/www.ac-am.fr\/#organization\"},\"potentialAction\":[{\"@type\":\"SearchAction\",\"target\":{\"@type\":\"EntryPoint\",\"urlTemplate\":\"https:\/\/www.ac-am.fr\/?s={search_term_string}\"},\"query-input\":{\"@type\":\"PropertyValueSpecification\",\"valueRequired\":true,\"valueName\":\"search_term_string\"}}],\"inLanguage\":\"fr-FR\"},{\"@type\":\"Organization\",\"@id\":\"https:\/\/www.ac-am.fr\/#organization\",\"name\":\"Autre Conscience, Autre Monde\",\"url\":\"https:\/\/www.ac-am.fr\/\",\"logo\":{\"@type\":\"ImageObject\",\"inLanguage\":\"fr-FR\",\"@id\":\"https:\/\/www.ac-am.fr\/#\/schema\/logo\/image\/\",\"url\":\"https:\/\/www.ac-am.fr\/wp-content\/uploads\/2015\/10\/bd_ac_am.gif\",\"contentUrl\":\"https:\/\/www.ac-am.fr\/wp-content\/uploads\/2015\/10\/bd_ac_am.gif\",\"width\":370,\"height\":65,\"caption\":\"Autre Conscience, Autre Monde\"},\"image\":{\"@id\":\"https:\/\/www.ac-am.fr\/#\/schema\/logo\/image\/\"},\"sameAs\":[\"https:\/\/fr-fr.facebook.com\/claude.acam\/\",\"https:\/\/www.youtube.com\/user\/consciencemonde\"]}]}<\/script>\n<!-- \/ Yoast SEO plugin. -->","yoast_head_json":{"title":"Le Web des Infos. - Autre Conscience, Autre Monde","robots":{"index":"index","follow":"follow","max-snippet":"max-snippet:-1","max-image-preview":"max-image-preview:large","max-video-preview":"max-video-preview:-1"},"canonical":"https:\/\/www.ac-am.fr\/index.php\/le-web-des-infos\/","og_locale":"fr_FR","og_type":"article","og_title":"Le Web des Infos. - Autre Conscience, Autre Monde","og_description":"Le Web des Infos. \u00a0 ASHTAR SHERAN. Date du premier message d&rsquo;Ashtar connu sur Terre...","og_url":"https:\/\/www.ac-am.fr\/index.php\/le-web-des-infos\/","og_site_name":"Autre Conscience, Autre Monde","article_publisher":"https:\/\/fr-fr.facebook.com\/claude.acam\/","article_modified_time":"2015-12-26T22:35:08+00:00","og_image":[{"url":"http:\/\/www.ac-am.fr\/wp-content\/uploads\/2015\/09\/barre_mr.gif","type":"","width":"","height":""}],"twitter_card":"summary_large_image","twitter_misc":{"Dur\u00e9e de lecture estim\u00e9e":"1 minute"},"schema":{"@context":"https:\/\/schema.org","@graph":[{"@type":"WebPage","@id":"https:\/\/www.ac-am.fr\/index.php\/le-web-des-infos\/","url":"https:\/\/www.ac-am.fr\/index.php\/le-web-des-infos\/","name":"Le Web des Infos. - Autre Conscience, Autre Monde","isPartOf":{"@id":"https:\/\/www.ac-am.fr\/#website"},"primaryImageOfPage":{"@id":"https:\/\/www.ac-am.fr\/index.php\/le-web-des-infos\/#primaryimage"},"image":{"@id":"https:\/\/www.ac-am.fr\/index.php\/le-web-des-infos\/#primaryimage"},"thumbnailUrl":"http:\/\/www.ac-am.fr\/wp-content\/uploads\/2015\/09\/barre_mr.gif","datePublished":"2015-10-15T19:38:54+00:00","dateModified":"2015-12-26T22:35:08+00:00","breadcrumb":{"@id":"https:\/\/www.ac-am.fr\/index.php\/le-web-des-infos\/#breadcrumb"},"inLanguage":"fr-FR","potentialAction":[{"@type":"ReadAction","target":["https:\/\/www.ac-am.fr\/index.php\/le-web-des-infos\/"]}]},{"@type":"ImageObject","inLanguage":"fr-FR","@id":"https:\/\/www.ac-am.fr\/index.php\/le-web-des-infos\/#primaryimage","url":"https:\/\/www.ac-am.fr\/wp-content\/uploads\/2015\/09\/barre_mr.gif","contentUrl":"https:\/\/www.ac-am.fr\/wp-content\/uploads\/2015\/09\/barre_mr.gif","width":550,"height":7,"caption":"barre marron"},{"@type":"BreadcrumbList","@id":"https:\/\/www.ac-am.fr\/index.php\/le-web-des-infos\/#breadcrumb","itemListElement":[{"@type":"ListItem","position":1,"name":"Accueil","item":"https:\/\/www.ac-am.fr\/"},{"@type":"ListItem","position":2,"name":"Le Web des Infos."}]},{"@type":"WebSite","@id":"https:\/\/www.ac-am.fr\/#website","url":"https:\/\/www.ac-am.fr\/","name":"Autre Conscience, Autre Monde","description":"","publisher":{"@id":"https:\/\/www.ac-am.fr\/#organization"},"potentialAction":[{"@type":"SearchAction","target":{"@type":"EntryPoint","urlTemplate":"https:\/\/www.ac-am.fr\/?s={search_term_string}"},"query-input":{"@type":"PropertyValueSpecification","valueRequired":true,"valueName":"search_term_string"}}],"inLanguage":"fr-FR"},{"@type":"Organization","@id":"https:\/\/www.ac-am.fr\/#organization","name":"Autre Conscience, Autre Monde","url":"https:\/\/www.ac-am.fr\/","logo":{"@type":"ImageObject","inLanguage":"fr-FR","@id":"https:\/\/www.ac-am.fr\/#\/schema\/logo\/image\/","url":"https:\/\/www.ac-am.fr\/wp-content\/uploads\/2015\/10\/bd_ac_am.gif","contentUrl":"https:\/\/www.ac-am.fr\/wp-content\/uploads\/2015\/10\/bd_ac_am.gif","width":370,"height":65,"caption":"Autre Conscience, Autre Monde"},"image":{"@id":"https:\/\/www.ac-am.fr\/#\/schema\/logo\/image\/"},"sameAs":["https:\/\/fr-fr.facebook.com\/claude.acam\/","https:\/\/www.youtube.com\/user\/consciencemonde"]}]}},"_links":{"self":[{"href":"https:\/\/www.ac-am.fr\/index.php\/wp-json\/wp\/v2\/pages\/1055","targetHints":{"allow":["GET"]}}],"collection":[{"href":"https:\/\/www.ac-am.fr\/index.php\/wp-json\/wp\/v2\/pages"}],"about":[{"href":"https:\/\/www.ac-am.fr\/index.php\/wp-json\/wp\/v2\/types\/page"}],"author":[{"embeddable":true,"href":"https:\/\/www.ac-am.fr\/index.php\/wp-json\/wp\/v2\/users\/1"}],"replies":[{"embeddable":true,"href":"https:\/\/www.ac-am.fr\/index.php\/wp-json\/wp\/v2\/comments?post=1055"}],"version-history":[{"count":9,"href":"https:\/\/www.ac-am.fr\/index.php\/wp-json\/wp\/v2\/pages\/1055\/revisions"}],"predecessor-version":[{"id":2498,"href":"https:\/\/www.ac-am.fr\/index.php\/wp-json\/wp\/v2\/pages\/1055\/revisions\/2498"}],"wp:attachment":[{"href":"https:\/\/www.ac-am.fr\/index.php\/wp-json\/wp\/v2\/media?parent=1055"}],"curies":[{"name":"wp","href":"https:\/\/api.w.org\/{rel}","templated":true}]}}