{"id":1237,"date":"2015-10-24T12:29:14","date_gmt":"2015-10-24T11:29:14","guid":{"rendered":"https:\/\/www.ac-am.fr\/?page_id=1237"},"modified":"2015-10-24T13:36:09","modified_gmt":"2015-10-24T12:36:09","slug":"les-paroles-du-sage-et-le-projet","status":"publish","type":"page","link":"https:\/\/www.ac-am.fr\/index.php\/les-paroles-du-sage-et-le-projet\/","title":{"rendered":"LES PAROLES DU SAGE ET LE PROJET"},"content":{"rendered":"<table class=\"aligncenter\" style=\"width: 580px;\" border=\"0\">\n<tbody>\n<tr>\n<td>\n<table class=\"aligncenter\" style=\"width: 550px;\" border=\"0\">\n<tbody>\n<tr>\n<td class=\"gmoyen\" style=\"text-align: left; vertical-align: middle;\"><a name=\"paroles_sage\"><\/a>LES PAROLES DU SAGE ET LE PROJET<\/td>\n<td style=\"vertical-align: middle;\"><img decoding=\"async\" class=\"alignnone\" src=\"http:\/\/www.ac-am.fr\/wp-content\/uploads\/2015\/10\/pegase.gif\" alt=\"\" border=\"0\" \/><\/td>\n<\/tr>\n<\/tbody>\n<\/table>\n<p><img decoding=\"async\" class=\"aligncenter\" src=\"http:\/\/www.ac-am.fr\/wp-content\/uploads\/2015\/09\/barre_mr.gif\" alt=\"\" border=\"0\" \/><\/p>\n<table class=\"aligncenter\" style=\"width: 380px; border: 2px;\" cellpadding=\"2\">\n<tbody>\n<tr>\n<td class=\"gmoyen\" style=\"text-align: center;\">Divers \u00c9crits : 2002 &#8211; 2003 &#8211; 2004<\/td>\n<\/tr>\n<\/tbody>\n<\/table>\n<p><img decoding=\"async\" class=\"aligncenter\" src=\"http:\/\/www.ac-am.fr\/wp-content\/uploads\/2015\/09\/barre_mr.gif\" alt=\"\" border=\"0\" \/><\/p>\n<table class=\"aligncenter\" style=\"width: 550px; border: 0px;\" cellpadding=\"2\">\n<tbody>\n<tr>\n<td class=\"nnormal\" style=\"text-align: left;\"><span style=\"color: #ffffff;\"><u>R\u00e9sum\u00e9<\/u> : <\/span>\u00ab\u00a0TE TAUI\u00a0\u00bb Qu&rsquo;est-ce que c&rsquo;est ? Il para\u00eet que cela vient du ciel ! Oui et Non, les trois \u00e0 la fois ! Le troisi\u00e8me \u00e9tant ni oui ni non ! Ainsi dans son jeu, Dieu a immobilis\u00e9 la pi\u00e8ce sur la tranche, ni pile, ni face ! Il nous questionne, alors n&rsquo;attendons pas apr\u00e8s Dieu mais r\u00e9pondons lui ! Sa question est en m\u00eame temps la r\u00e9ponse qu&rsquo;il esp\u00e8re de nous !<\/td>\n<\/tr>\n<tr>\n<td class=\"nnormal\" style=\"text-align: left;\">Le Taui, c&rsquo;est le nom local qui convient \u00e0 cette manifestation ! Mais c&rsquo;est aussi l&rsquo;une des expressions d&rsquo;une manifestation bien plus importante, plan\u00e9taire et probablement universelle ! Le terrorisme international ou d&rsquo;\u00e9tat ou autre en est une autre expression qui nous questionne sur le bien et le mal, sur la guerre et la paix, sur la souffrance et le bonheur ! Sur la vie et sur la mort !<\/td>\n<\/tr>\n<tr>\n<td> <\/td>\n<\/tr>\n<tr>\n<td class=\"gpetit\" style=\"text-align: left;\"><img decoding=\"async\" src=\"http:\/\/www.ac-am.fr\/wp-content\/uploads\/2015\/09\/fleche.gif\" alt=\"\" border=\"0\" \/><a href=\"http:\/\/www.ac-am.fr\/wp-content\/pdf\/paroles_sage_projet.pdf\" target=\"_blank\">[paroles_sage_projet.pdf (102 Ko)]<\/a> (<img decoding=\"async\" src=\"http:\/\/www.ac-am.fr\/wp-content\/uploads\/2015\/10\/Adobe_PDF_file_icon_32x32.png\" alt=\"\" border=\"0\" \/><span style=\"color: #ffffdd;\">*<\/span>)<\/td>\n<\/tr>\n<tr>\n<td> <\/td>\n<\/tr>\n<tr>\n<td class=\"gpetit\" style=\"text-align: center;\"><span style=\"color: #ffffdd;\">* Cliquez sur<span style=\"color: #aadddd;\"> paroles_sage_projet.pdf<\/span>. Vous pourrez ainsi lire ce texte.<\/span><\/td>\n<\/tr>\n<tr>\n<td style=\"text-align: center;\"><img decoding=\"async\" class=\"aligncenter\" src=\"http:\/\/www.ac-am.fr\/wp-content\/uploads\/2015\/10\/barrebis.jpg\" alt=\"\" border=\"0\" \/><\/p>\n<div><script src=\"http:\/\/counter8.allfreecounter.com\/private\/countertab.js?c=cc2992caa3f4994cb98f2a5eabfa5cec\" type=\"text\/javascript\"><\/script><noscript><a href=\"http:\/\/www.compteurdevisite.com\" title=\"compteur de visite pour site\" \/><img decoding=\"async\" src=\"http:\/\/counter8.allfreecounter.com\/private\/compteurdevisite.php?c=cc2992caa3f4994cb98f2a5eabfa5cec\" border=\"0\" title=\"compteur de visite pour site\" alt=\"compteur de visite pour site\" \/><\/noscript><\/div>\n<p><img decoding=\"async\" src=\"http:\/\/www.ac-am.fr\/wp-content\/uploads\/2015\/10\/bullet_t.gif\" alt=\"\" border=\"0\" \/><\/p>\n<\/td>\n<\/tr>\n<\/tbody>\n<\/table>\n<\/td>\n<\/tr>\n<\/tbody>\n<\/table>\n<div style=\"padding-bottom:20px; padding-top:10px;\" class=\"hupso-share-buttons\"><!-- Hupso Share Buttons - https:\/\/www.hupso.com\/share\/ --><a class=\"hupso_toolbar\" href=\"https:\/\/www.hupso.com\/share\/\"><img decoding=\"async\" src=\"https:\/\/static.hupso.com\/share\/buttons\/lang\/fr\/share.png\" style=\"border:0px; padding-top: 5px; float:left;\" alt=\"Share Button\"\/><\/a><script type=\"text\/javascript\">var hupso_services_t=new Array(\"Twitter\",\"Facebook\",\"Google Plus\");var hupso_background_t=\"#EAF4FF\";var hupso_border_t=\"#66CCFF\";var hupso_toolbar_size_t=\"big\";var hupso_image_folder_url = \"\";var hupso_url_t=\"\";var hupso_title_t=\"LES%20PAROLES%20DU%20SAGE%20ET%20LE%20PROJET\";<\/script><script type=\"text\/javascript\" src=\"https:\/\/static.hupso.com\/share\/js\/share_toolbar.js\"><\/script><!-- Hupso Share Buttons --><\/div>","protected":false},"excerpt":{"rendered":"<p>LES PAROLES DU SAGE ET LE PROJET Divers \u00c9crits : 2002 &#8211; 2003 &#8211; 2004&#8230;<\/p>\n","protected":false},"author":1,"featured_media":0,"parent":0,"menu_order":0,"comment_status":"closed","ping_status":"closed","template":"ecrits.php","meta":{"footnotes":""},"class_list":["post-1237","page","type-page","status-publish","hentry"],"yoast_head":"<!-- This site is optimized with the Yoast SEO plugin v26.9 - https:\/\/yoast.com\/product\/yoast-seo-wordpress\/ -->\n<title>LES PAROLES DU SAGE ET LE PROJET - Autre Conscience, Autre Monde<\/title>\n<meta name=\"robots\" content=\"index, follow, max-snippet:-1, max-image-preview:large, max-video-preview:-1\" \/>\n<link rel=\"canonical\" href=\"https:\/\/www.ac-am.fr\/index.php\/les-paroles-du-sage-et-le-projet\/\" \/>\n<meta property=\"og:locale\" content=\"fr_FR\" \/>\n<meta property=\"og:type\" content=\"article\" \/>\n<meta property=\"og:title\" content=\"LES PAROLES DU SAGE ET LE PROJET - Autre Conscience, Autre Monde\" \/>\n<meta property=\"og:description\" content=\"LES PAROLES DU SAGE ET LE PROJET Divers \u00c9crits : 2002 &#8211; 2003 &#8211; 2004...\" \/>\n<meta property=\"og:url\" content=\"https:\/\/www.ac-am.fr\/index.php\/les-paroles-du-sage-et-le-projet\/\" \/>\n<meta property=\"og:site_name\" content=\"Autre Conscience, Autre Monde\" \/>\n<meta property=\"article:publisher\" content=\"https:\/\/fr-fr.facebook.com\/claude.acam\/\" \/>\n<meta property=\"article:modified_time\" content=\"2015-10-24T12:36:09+00:00\" \/>\n<meta property=\"og:image\" content=\"http:\/\/www.ac-am.fr\/wp-content\/uploads\/2015\/10\/pegase.gif\" \/>\n<meta name=\"twitter:card\" content=\"summary_large_image\" \/>\n<meta name=\"twitter:label1\" content=\"Dur\u00e9e de lecture estim\u00e9e\" \/>\n\t<meta name=\"twitter:data1\" content=\"1 minute\" \/>\n<script type=\"application\/ld+json\" class=\"yoast-schema-graph\">{\"@context\":\"https:\/\/schema.org\",\"@graph\":[{\"@type\":\"WebPage\",\"@id\":\"https:\/\/www.ac-am.fr\/index.php\/les-paroles-du-sage-et-le-projet\/\",\"url\":\"https:\/\/www.ac-am.fr\/index.php\/les-paroles-du-sage-et-le-projet\/\",\"name\":\"LES PAROLES DU SAGE ET LE PROJET - Autre Conscience, Autre Monde\",\"isPartOf\":{\"@id\":\"https:\/\/www.ac-am.fr\/#website\"},\"primaryImageOfPage\":{\"@id\":\"https:\/\/www.ac-am.fr\/index.php\/les-paroles-du-sage-et-le-projet\/#primaryimage\"},\"image\":{\"@id\":\"https:\/\/www.ac-am.fr\/index.php\/les-paroles-du-sage-et-le-projet\/#primaryimage\"},\"thumbnailUrl\":\"http:\/\/www.ac-am.fr\/wp-content\/uploads\/2015\/10\/pegase.gif\",\"datePublished\":\"2015-10-24T11:29:14+00:00\",\"dateModified\":\"2015-10-24T12:36:09+00:00\",\"breadcrumb\":{\"@id\":\"https:\/\/www.ac-am.fr\/index.php\/les-paroles-du-sage-et-le-projet\/#breadcrumb\"},\"inLanguage\":\"fr-FR\",\"potentialAction\":[{\"@type\":\"ReadAction\",\"target\":[\"https:\/\/www.ac-am.fr\/index.php\/les-paroles-du-sage-et-le-projet\/\"]}]},{\"@type\":\"ImageObject\",\"inLanguage\":\"fr-FR\",\"@id\":\"https:\/\/www.ac-am.fr\/index.php\/les-paroles-du-sage-et-le-projet\/#primaryimage\",\"url\":\"https:\/\/www.ac-am.fr\/wp-content\/uploads\/2015\/10\/pegase.gif\",\"contentUrl\":\"https:\/\/www.ac-am.fr\/wp-content\/uploads\/2015\/10\/pegase.gif\",\"width\":150,\"height\":224,\"caption\":\"P\u00e9gase de la petite salle des \u00e9crits\"},{\"@type\":\"BreadcrumbList\",\"@id\":\"https:\/\/www.ac-am.fr\/index.php\/les-paroles-du-sage-et-le-projet\/#breadcrumb\",\"itemListElement\":[{\"@type\":\"ListItem\",\"position\":1,\"name\":\"Accueil\",\"item\":\"https:\/\/www.ac-am.fr\/\"},{\"@type\":\"ListItem\",\"position\":2,\"name\":\"LES PAROLES DU SAGE ET LE PROJET\"}]},{\"@type\":\"WebSite\",\"@id\":\"https:\/\/www.ac-am.fr\/#website\",\"url\":\"https:\/\/www.ac-am.fr\/\",\"name\":\"Autre Conscience, Autre Monde\",\"description\":\"\",\"publisher\":{\"@id\":\"https:\/\/www.ac-am.fr\/#organization\"},\"potentialAction\":[{\"@type\":\"SearchAction\",\"target\":{\"@type\":\"EntryPoint\",\"urlTemplate\":\"https:\/\/www.ac-am.fr\/?s={search_term_string}\"},\"query-input\":{\"@type\":\"PropertyValueSpecification\",\"valueRequired\":true,\"valueName\":\"search_term_string\"}}],\"inLanguage\":\"fr-FR\"},{\"@type\":\"Organization\",\"@id\":\"https:\/\/www.ac-am.fr\/#organization\",\"name\":\"Autre Conscience, Autre Monde\",\"url\":\"https:\/\/www.ac-am.fr\/\",\"logo\":{\"@type\":\"ImageObject\",\"inLanguage\":\"fr-FR\",\"@id\":\"https:\/\/www.ac-am.fr\/#\/schema\/logo\/image\/\",\"url\":\"https:\/\/www.ac-am.fr\/wp-content\/uploads\/2015\/10\/bd_ac_am.gif\",\"contentUrl\":\"https:\/\/www.ac-am.fr\/wp-content\/uploads\/2015\/10\/bd_ac_am.gif\",\"width\":370,\"height\":65,\"caption\":\"Autre Conscience, Autre Monde\"},\"image\":{\"@id\":\"https:\/\/www.ac-am.fr\/#\/schema\/logo\/image\/\"},\"sameAs\":[\"https:\/\/fr-fr.facebook.com\/claude.acam\/\",\"https:\/\/www.youtube.com\/user\/consciencemonde\"]}]}<\/script>\n<!-- \/ Yoast SEO plugin. -->","yoast_head_json":{"title":"LES PAROLES DU SAGE ET LE PROJET - Autre Conscience, Autre Monde","robots":{"index":"index","follow":"follow","max-snippet":"max-snippet:-1","max-image-preview":"max-image-preview:large","max-video-preview":"max-video-preview:-1"},"canonical":"https:\/\/www.ac-am.fr\/index.php\/les-paroles-du-sage-et-le-projet\/","og_locale":"fr_FR","og_type":"article","og_title":"LES PAROLES DU SAGE ET LE PROJET - Autre Conscience, Autre Monde","og_description":"LES PAROLES DU SAGE ET LE PROJET Divers \u00c9crits : 2002 &#8211; 2003 &#8211; 2004...","og_url":"https:\/\/www.ac-am.fr\/index.php\/les-paroles-du-sage-et-le-projet\/","og_site_name":"Autre Conscience, Autre Monde","article_publisher":"https:\/\/fr-fr.facebook.com\/claude.acam\/","article_modified_time":"2015-10-24T12:36:09+00:00","og_image":[{"url":"http:\/\/www.ac-am.fr\/wp-content\/uploads\/2015\/10\/pegase.gif","type":"","width":"","height":""}],"twitter_card":"summary_large_image","twitter_misc":{"Dur\u00e9e de lecture estim\u00e9e":"1 minute"},"schema":{"@context":"https:\/\/schema.org","@graph":[{"@type":"WebPage","@id":"https:\/\/www.ac-am.fr\/index.php\/les-paroles-du-sage-et-le-projet\/","url":"https:\/\/www.ac-am.fr\/index.php\/les-paroles-du-sage-et-le-projet\/","name":"LES PAROLES DU SAGE ET LE PROJET - Autre Conscience, Autre Monde","isPartOf":{"@id":"https:\/\/www.ac-am.fr\/#website"},"primaryImageOfPage":{"@id":"https:\/\/www.ac-am.fr\/index.php\/les-paroles-du-sage-et-le-projet\/#primaryimage"},"image":{"@id":"https:\/\/www.ac-am.fr\/index.php\/les-paroles-du-sage-et-le-projet\/#primaryimage"},"thumbnailUrl":"http:\/\/www.ac-am.fr\/wp-content\/uploads\/2015\/10\/pegase.gif","datePublished":"2015-10-24T11:29:14+00:00","dateModified":"2015-10-24T12:36:09+00:00","breadcrumb":{"@id":"https:\/\/www.ac-am.fr\/index.php\/les-paroles-du-sage-et-le-projet\/#breadcrumb"},"inLanguage":"fr-FR","potentialAction":[{"@type":"ReadAction","target":["https:\/\/www.ac-am.fr\/index.php\/les-paroles-du-sage-et-le-projet\/"]}]},{"@type":"ImageObject","inLanguage":"fr-FR","@id":"https:\/\/www.ac-am.fr\/index.php\/les-paroles-du-sage-et-le-projet\/#primaryimage","url":"https:\/\/www.ac-am.fr\/wp-content\/uploads\/2015\/10\/pegase.gif","contentUrl":"https:\/\/www.ac-am.fr\/wp-content\/uploads\/2015\/10\/pegase.gif","width":150,"height":224,"caption":"P\u00e9gase de la petite salle des \u00e9crits"},{"@type":"BreadcrumbList","@id":"https:\/\/www.ac-am.fr\/index.php\/les-paroles-du-sage-et-le-projet\/#breadcrumb","itemListElement":[{"@type":"ListItem","position":1,"name":"Accueil","item":"https:\/\/www.ac-am.fr\/"},{"@type":"ListItem","position":2,"name":"LES PAROLES DU SAGE ET LE PROJET"}]},{"@type":"WebSite","@id":"https:\/\/www.ac-am.fr\/#website","url":"https:\/\/www.ac-am.fr\/","name":"Autre Conscience, Autre Monde","description":"","publisher":{"@id":"https:\/\/www.ac-am.fr\/#organization"},"potentialAction":[{"@type":"SearchAction","target":{"@type":"EntryPoint","urlTemplate":"https:\/\/www.ac-am.fr\/?s={search_term_string}"},"query-input":{"@type":"PropertyValueSpecification","valueRequired":true,"valueName":"search_term_string"}}],"inLanguage":"fr-FR"},{"@type":"Organization","@id":"https:\/\/www.ac-am.fr\/#organization","name":"Autre Conscience, Autre Monde","url":"https:\/\/www.ac-am.fr\/","logo":{"@type":"ImageObject","inLanguage":"fr-FR","@id":"https:\/\/www.ac-am.fr\/#\/schema\/logo\/image\/","url":"https:\/\/www.ac-am.fr\/wp-content\/uploads\/2015\/10\/bd_ac_am.gif","contentUrl":"https:\/\/www.ac-am.fr\/wp-content\/uploads\/2015\/10\/bd_ac_am.gif","width":370,"height":65,"caption":"Autre Conscience, Autre Monde"},"image":{"@id":"https:\/\/www.ac-am.fr\/#\/schema\/logo\/image\/"},"sameAs":["https:\/\/fr-fr.facebook.com\/claude.acam\/","https:\/\/www.youtube.com\/user\/consciencemonde"]}]}},"_links":{"self":[{"href":"https:\/\/www.ac-am.fr\/index.php\/wp-json\/wp\/v2\/pages\/1237","targetHints":{"allow":["GET"]}}],"collection":[{"href":"https:\/\/www.ac-am.fr\/index.php\/wp-json\/wp\/v2\/pages"}],"about":[{"href":"https:\/\/www.ac-am.fr\/index.php\/wp-json\/wp\/v2\/types\/page"}],"author":[{"embeddable":true,"href":"https:\/\/www.ac-am.fr\/index.php\/wp-json\/wp\/v2\/users\/1"}],"replies":[{"embeddable":true,"href":"https:\/\/www.ac-am.fr\/index.php\/wp-json\/wp\/v2\/comments?post=1237"}],"version-history":[{"count":6,"href":"https:\/\/www.ac-am.fr\/index.php\/wp-json\/wp\/v2\/pages\/1237\/revisions"}],"predecessor-version":[{"id":1247,"href":"https:\/\/www.ac-am.fr\/index.php\/wp-json\/wp\/v2\/pages\/1237\/revisions\/1247"}],"wp:attachment":[{"href":"https:\/\/www.ac-am.fr\/index.php\/wp-json\/wp\/v2\/media?parent=1237"}],"curies":[{"name":"wp","href":"https:\/\/api.w.org\/{rel}","templated":true}]}}