{"id":1399,"date":"2010-07-05T17:26:49","date_gmt":"2010-07-05T16:26:49","guid":{"rendered":"https:\/\/www.ac-am.fr\/?page_id=1399"},"modified":"2016-06-08T09:25:07","modified_gmt":"2016-06-08T08:25:07","slug":"soleil-interesse-ovnis","status":"publish","type":"page","link":"https:\/\/www.ac-am.fr\/index.php\/soleil-interesse-ovnis\/","title":{"rendered":"Notre soleil int\u00e9resse les ovnis, pourquoi ?"},"content":{"rendered":"<table class=\"aligncenter\" style=\"width: 580px;\" border=\"0\">\n<tbody>\n<tr>\n<td>\n<table class=\"alignleft\" style=\"width: 550px;\" border=\"0\">\n<tbody>\n<tr>\n<td class=\"gmoyen\" style=\"text-align: left; vertical-align: middle;\"><a name=\"Soleil\"><\/a>NOTRE SOLEIL INT\u00c9RESSE<br \/>\n LES OVNIs, POURQUOI ?<\/td>\n<td style=\"vertical-align: middle;\"><img decoding=\"async\" class=\"alignnone\" src=\"http:\/\/www.ac-am.fr\/wp-content\/uploads\/2015\/10\/pegase.gif\" alt=\"\" border=\"0\" \/><\/td>\n<\/tr>\n<\/tbody>\n<\/table>\n<p><img decoding=\"async\" class=\"alignleft\" src=\"http:\/\/www.ac-am.fr\/wp-content\/uploads\/2015\/09\/barre_mr.gif\" alt=\"\" \/><\/p>\n<p><\/p>\n<table class=\"alignleft\" style=\"border: 2px currentColor; width: 550px;\" cellpadding=\"2\">\n<tbody>\n<tr>\n<td class=\"gmoyen\" style=\"width: 400px; text-align: center;\">Divers \u00c9crits &#8211; 2010<\/td>\n<\/tr>\n<\/tbody>\n<\/table>\n<p><img decoding=\"async\" class=\"alignleft\" src=\"http:\/\/www.ac-am.fr\/wp-content\/uploads\/2015\/09\/barre_mr.gif\" alt=\"\" border=\"0\" \/><\/p>\n<table class=\"alignleft\" style=\"width: 550px; border: 0px;\" cellpadding=\"2\">\n<tbody>\n<tr>\n<td class=\"nnormal\" style=\"text-align: left;\"><span style=\"color: #ffffff;\"><u>R\u00e9sum\u00e9<\/u> : <\/span>Voici quelque chose d\u2019assez \u00e9trange\u2026 Ces photos ont \u00e9t\u00e9 prises par la cam\u00e9ra st\u00e9r\u00e9o d\u2019un satellite de la NASA.<\/p>\n<p> R\u00e9f\u00e9renc\u00e9es sous la nomination n7euB_195 du 21 janvier 2010, elles nous montrent des objets qui apparaissent autour de notre soleil.<\/p>\n<p> Sentant le vent venir, je les ai t\u00e9l\u00e9charg\u00e9s avant qu\u2019elles ne soient retir\u00e9es du site.<\/td>\n<\/tr>\n<\/tbody>\n<\/table>\n<\/td>\n<\/tr>\n<tr>\n<td>\n<table>\n<tbody>\n<tr>\n<td style=\"text-align: left;\">\n<table style=\"background-attachment: fixed; border: 0px solid #000000; width: 960px; height: 960px;\">\n<tbody>\n<tr>\n<td style=\"text-align: left; vertical-align: middle; width: 560px;\"><object id=\"diapo_soleil\" width=\"960\" height=\"960\" classid=\"clsid:D27CDB6E-AE6D-11cf-96B8-444553540000\" codebase=\"http:\/\/active.macromedia.com\/flash2\/cabs\/swflash.cab#version=4,0,0,0\"><param name=\"movie\" value=\"http:\/\/www.ac-am.fr\/wp-content\/html\/diapo_soleil.swf\" \/><param name=\"play\" value=\"false\" \/><param name=\"loop\" value=\"false\" \/><param name=\"menu\" value=\"false\" \/><param name=\"quality\" value=\"high\" \/><param name=\"wmode\" value=\"transparent\" \/><param name=\"bgcolor\" value=\"#377568\" \/><embed src=\"http:\/\/www.ac-am.fr\/wp-content\/html\/diapo_soleil.swf\" play=\"false\" loop=\"loop\" menu=\"false\" quality=\"high\" wmode=\"transparent\" bgcolor=\"#377568;\" document=\"\" write=\"\" swliveconnect=\"FALSE\" width=\"960\" height=\"960\" document=\"\" write=\"\" type=\"application\/x-shockwave-flash\" pluginspage=\"http:\/\/www.macromedia.com\/shockwave\/download\/index.cgi?P1_Prod_Version=ShockwaveFlash\" \/><\/object><\/td>\n<\/tr>\n<\/tbody>\n<\/table>\n<\/td>\n<\/tr>\n<tr>\n<td class=\"nnormal\" style=\"text-align: left;\">Ces photos sont du format .jpg de taille 2048\u00d72048. Elles sont \u00e0 un intervalle de 10mn.<\/td>\n<\/tr>\n<tr>\n<td class=\"nnormal\" style=\"text-align: left;\">\u00a0<\/td>\n<\/tr>\n<tr>\n<td class=\"gpetit\" style=\"text-align: left;\"><a name=\"photos_soleil\"><\/a><img decoding=\"async\" src=\"http:\/\/www.ac-am.fr\/wp-content\/uploads\/2015\/09\/fleche.gif\" alt=\"\" align=\"MIDDLE\" border=\"0\" \/><a href=\"http:\/\/www.ac-am.fr\/wp-content\/pdf\/NASA_Photos2010.pdf\" target=\"_blank\">[NASA_Photos2010.pdf (17 479Ko)]<\/a> (<img decoding=\"async\" src=\"http:\/\/www.ac-am.fr\/wp-content\/uploads\/2015\/10\/Adobe_PDF_file_icon_32x32.png\" alt=\"\" \/> <span style=\"color: #ffffdd;\">*<\/span>)<\/td>\n<\/tr>\n<tr>\n<td>\u00a0<\/td>\n<\/tr>\n<tr>\n<td class=\"gpetit\" style=\"text-align: center;\"><span style=\"color: #ffffdd;\">* Cliquez sur <span style=\"color: #aadddd;\">NASA_Photos2010.pdf<\/span> et vous pourrez ainsi lire ce texte.<\/span><\/td>\n<\/tr>\n<tr>\n<td style=\"text-align: center;\"><img decoding=\"async\" class=\"aligncenter\" src=\"http:\/\/www.ac-am.fr\/wp-content\/uploads\/2015\/10\/barrebis.jpg\" alt=\"\" border=\"0\" \/><\/td>\n<\/tr>\n<\/tbody>\n<\/table>\n<\/td>\n<\/tr>\n<\/tbody>\n<\/table>\n<p>&nbsp;<\/p>\n<div style=\"padding-bottom:20px; padding-top:10px;\" class=\"hupso-share-buttons\"><!-- Hupso Share Buttons - https:\/\/www.hupso.com\/share\/ --><a class=\"hupso_toolbar\" href=\"https:\/\/www.hupso.com\/share\/\"><img decoding=\"async\" src=\"https:\/\/static.hupso.com\/share\/buttons\/lang\/fr\/share.png\" style=\"border:0px; padding-top: 5px; float:left;\" alt=\"Share Button\"\/><\/a><script type=\"text\/javascript\">var hupso_services_t=new Array(\"Twitter\",\"Facebook\",\"Google Plus\");var hupso_background_t=\"#EAF4FF\";var hupso_border_t=\"#66CCFF\";var hupso_toolbar_size_t=\"big\";var hupso_image_folder_url = \"\";var hupso_url_t=\"\";var hupso_title_t=\"Notre%20soleil%20int%C3%A9resse%20les%20ovnis%2C%20pourquoi%20%3F\";<\/script><script type=\"text\/javascript\" src=\"https:\/\/static.hupso.com\/share\/js\/share_toolbar.js\"><\/script><!-- Hupso Share Buttons --><\/div>","protected":false},"excerpt":{"rendered":"<p>NOTRE SOLEIL INT\u00c9RESSE LES OVNIs, POURQUOI ? Divers \u00c9crits &#8211; 2010 R\u00e9sum\u00e9 : Voici quelque&#8230;<\/p>\n","protected":false},"author":1,"featured_media":0,"parent":0,"menu_order":0,"comment_status":"closed","ping_status":"closed","template":"ecrits.php","meta":{"footnotes":""},"class_list":["post-1399","page","type-page","status-publish","hentry"],"yoast_head":"<!-- This site is optimized with the Yoast SEO plugin v26.9 - https:\/\/yoast.com\/product\/yoast-seo-wordpress\/ -->\n<title>Notre soleil int\u00e9resse les ovnis, pourquoi ? - Autre Conscience, Autre Monde<\/title>\n<meta name=\"robots\" content=\"index, follow, max-snippet:-1, max-image-preview:large, max-video-preview:-1\" \/>\n<link rel=\"canonical\" href=\"https:\/\/www.ac-am.fr\/index.php\/soleil-interesse-ovnis\/\" \/>\n<meta property=\"og:locale\" content=\"fr_FR\" \/>\n<meta property=\"og:type\" content=\"article\" \/>\n<meta property=\"og:title\" content=\"Notre soleil int\u00e9resse les ovnis, pourquoi ? - Autre Conscience, Autre Monde\" \/>\n<meta property=\"og:description\" content=\"NOTRE SOLEIL INT\u00c9RESSE LES OVNIs, POURQUOI ? Divers \u00c9crits &#8211; 2010 R\u00e9sum\u00e9 : Voici quelque...\" \/>\n<meta property=\"og:url\" content=\"https:\/\/www.ac-am.fr\/index.php\/soleil-interesse-ovnis\/\" \/>\n<meta property=\"og:site_name\" content=\"Autre Conscience, Autre Monde\" \/>\n<meta property=\"article:publisher\" content=\"https:\/\/fr-fr.facebook.com\/claude.acam\/\" \/>\n<meta property=\"article:modified_time\" content=\"2016-06-08T08:25:07+00:00\" \/>\n<meta property=\"og:image\" content=\"http:\/\/www.ac-am.fr\/wp-content\/uploads\/2015\/10\/pegase.gif\" \/>\n<meta name=\"twitter:card\" content=\"summary_large_image\" \/>\n<meta name=\"twitter:label1\" content=\"Dur\u00e9e de lecture estim\u00e9e\" \/>\n\t<meta name=\"twitter:data1\" content=\"1 minute\" \/>\n<script type=\"application\/ld+json\" class=\"yoast-schema-graph\">{\"@context\":\"https:\/\/schema.org\",\"@graph\":[{\"@type\":\"WebPage\",\"@id\":\"https:\/\/www.ac-am.fr\/index.php\/soleil-interesse-ovnis\/\",\"url\":\"https:\/\/www.ac-am.fr\/index.php\/soleil-interesse-ovnis\/\",\"name\":\"Notre soleil int\u00e9resse les ovnis, pourquoi ? - Autre Conscience, Autre Monde\",\"isPartOf\":{\"@id\":\"https:\/\/www.ac-am.fr\/#website\"},\"primaryImageOfPage\":{\"@id\":\"https:\/\/www.ac-am.fr\/index.php\/soleil-interesse-ovnis\/#primaryimage\"},\"image\":{\"@id\":\"https:\/\/www.ac-am.fr\/index.php\/soleil-interesse-ovnis\/#primaryimage\"},\"thumbnailUrl\":\"http:\/\/www.ac-am.fr\/wp-content\/uploads\/2015\/10\/pegase.gif\",\"datePublished\":\"2010-07-05T16:26:49+00:00\",\"dateModified\":\"2016-06-08T08:25:07+00:00\",\"breadcrumb\":{\"@id\":\"https:\/\/www.ac-am.fr\/index.php\/soleil-interesse-ovnis\/#breadcrumb\"},\"inLanguage\":\"fr-FR\",\"potentialAction\":[{\"@type\":\"ReadAction\",\"target\":[\"https:\/\/www.ac-am.fr\/index.php\/soleil-interesse-ovnis\/\"]}]},{\"@type\":\"ImageObject\",\"inLanguage\":\"fr-FR\",\"@id\":\"https:\/\/www.ac-am.fr\/index.php\/soleil-interesse-ovnis\/#primaryimage\",\"url\":\"https:\/\/www.ac-am.fr\/wp-content\/uploads\/2015\/10\/pegase.gif\",\"contentUrl\":\"https:\/\/www.ac-am.fr\/wp-content\/uploads\/2015\/10\/pegase.gif\",\"width\":150,\"height\":224,\"caption\":\"P\u00e9gase de la petite salle des \u00e9crits\"},{\"@type\":\"BreadcrumbList\",\"@id\":\"https:\/\/www.ac-am.fr\/index.php\/soleil-interesse-ovnis\/#breadcrumb\",\"itemListElement\":[{\"@type\":\"ListItem\",\"position\":1,\"name\":\"Accueil\",\"item\":\"https:\/\/www.ac-am.fr\/\"},{\"@type\":\"ListItem\",\"position\":2,\"name\":\"Notre soleil int\u00e9resse les ovnis, pourquoi ?\"}]},{\"@type\":\"WebSite\",\"@id\":\"https:\/\/www.ac-am.fr\/#website\",\"url\":\"https:\/\/www.ac-am.fr\/\",\"name\":\"Autre Conscience, Autre Monde\",\"description\":\"\",\"publisher\":{\"@id\":\"https:\/\/www.ac-am.fr\/#organization\"},\"potentialAction\":[{\"@type\":\"SearchAction\",\"target\":{\"@type\":\"EntryPoint\",\"urlTemplate\":\"https:\/\/www.ac-am.fr\/?s={search_term_string}\"},\"query-input\":{\"@type\":\"PropertyValueSpecification\",\"valueRequired\":true,\"valueName\":\"search_term_string\"}}],\"inLanguage\":\"fr-FR\"},{\"@type\":\"Organization\",\"@id\":\"https:\/\/www.ac-am.fr\/#organization\",\"name\":\"Autre Conscience, Autre Monde\",\"url\":\"https:\/\/www.ac-am.fr\/\",\"logo\":{\"@type\":\"ImageObject\",\"inLanguage\":\"fr-FR\",\"@id\":\"https:\/\/www.ac-am.fr\/#\/schema\/logo\/image\/\",\"url\":\"https:\/\/www.ac-am.fr\/wp-content\/uploads\/2015\/10\/bd_ac_am.gif\",\"contentUrl\":\"https:\/\/www.ac-am.fr\/wp-content\/uploads\/2015\/10\/bd_ac_am.gif\",\"width\":370,\"height\":65,\"caption\":\"Autre Conscience, Autre Monde\"},\"image\":{\"@id\":\"https:\/\/www.ac-am.fr\/#\/schema\/logo\/image\/\"},\"sameAs\":[\"https:\/\/fr-fr.facebook.com\/claude.acam\/\",\"https:\/\/www.youtube.com\/user\/consciencemonde\"]}]}<\/script>\n<!-- \/ Yoast SEO plugin. -->","yoast_head_json":{"title":"Notre soleil int\u00e9resse les ovnis, pourquoi ? - Autre Conscience, Autre Monde","robots":{"index":"index","follow":"follow","max-snippet":"max-snippet:-1","max-image-preview":"max-image-preview:large","max-video-preview":"max-video-preview:-1"},"canonical":"https:\/\/www.ac-am.fr\/index.php\/soleil-interesse-ovnis\/","og_locale":"fr_FR","og_type":"article","og_title":"Notre soleil int\u00e9resse les ovnis, pourquoi ? - Autre Conscience, Autre Monde","og_description":"NOTRE SOLEIL INT\u00c9RESSE LES OVNIs, POURQUOI ? Divers \u00c9crits &#8211; 2010 R\u00e9sum\u00e9 : Voici quelque...","og_url":"https:\/\/www.ac-am.fr\/index.php\/soleil-interesse-ovnis\/","og_site_name":"Autre Conscience, Autre Monde","article_publisher":"https:\/\/fr-fr.facebook.com\/claude.acam\/","article_modified_time":"2016-06-08T08:25:07+00:00","og_image":[{"url":"http:\/\/www.ac-am.fr\/wp-content\/uploads\/2015\/10\/pegase.gif","type":"","width":"","height":""}],"twitter_card":"summary_large_image","twitter_misc":{"Dur\u00e9e de lecture estim\u00e9e":"1 minute"},"schema":{"@context":"https:\/\/schema.org","@graph":[{"@type":"WebPage","@id":"https:\/\/www.ac-am.fr\/index.php\/soleil-interesse-ovnis\/","url":"https:\/\/www.ac-am.fr\/index.php\/soleil-interesse-ovnis\/","name":"Notre soleil int\u00e9resse les ovnis, pourquoi ? - Autre Conscience, Autre Monde","isPartOf":{"@id":"https:\/\/www.ac-am.fr\/#website"},"primaryImageOfPage":{"@id":"https:\/\/www.ac-am.fr\/index.php\/soleil-interesse-ovnis\/#primaryimage"},"image":{"@id":"https:\/\/www.ac-am.fr\/index.php\/soleil-interesse-ovnis\/#primaryimage"},"thumbnailUrl":"http:\/\/www.ac-am.fr\/wp-content\/uploads\/2015\/10\/pegase.gif","datePublished":"2010-07-05T16:26:49+00:00","dateModified":"2016-06-08T08:25:07+00:00","breadcrumb":{"@id":"https:\/\/www.ac-am.fr\/index.php\/soleil-interesse-ovnis\/#breadcrumb"},"inLanguage":"fr-FR","potentialAction":[{"@type":"ReadAction","target":["https:\/\/www.ac-am.fr\/index.php\/soleil-interesse-ovnis\/"]}]},{"@type":"ImageObject","inLanguage":"fr-FR","@id":"https:\/\/www.ac-am.fr\/index.php\/soleil-interesse-ovnis\/#primaryimage","url":"https:\/\/www.ac-am.fr\/wp-content\/uploads\/2015\/10\/pegase.gif","contentUrl":"https:\/\/www.ac-am.fr\/wp-content\/uploads\/2015\/10\/pegase.gif","width":150,"height":224,"caption":"P\u00e9gase de la petite salle des \u00e9crits"},{"@type":"BreadcrumbList","@id":"https:\/\/www.ac-am.fr\/index.php\/soleil-interesse-ovnis\/#breadcrumb","itemListElement":[{"@type":"ListItem","position":1,"name":"Accueil","item":"https:\/\/www.ac-am.fr\/"},{"@type":"ListItem","position":2,"name":"Notre soleil int\u00e9resse les ovnis, pourquoi ?"}]},{"@type":"WebSite","@id":"https:\/\/www.ac-am.fr\/#website","url":"https:\/\/www.ac-am.fr\/","name":"Autre Conscience, Autre Monde","description":"","publisher":{"@id":"https:\/\/www.ac-am.fr\/#organization"},"potentialAction":[{"@type":"SearchAction","target":{"@type":"EntryPoint","urlTemplate":"https:\/\/www.ac-am.fr\/?s={search_term_string}"},"query-input":{"@type":"PropertyValueSpecification","valueRequired":true,"valueName":"search_term_string"}}],"inLanguage":"fr-FR"},{"@type":"Organization","@id":"https:\/\/www.ac-am.fr\/#organization","name":"Autre Conscience, Autre Monde","url":"https:\/\/www.ac-am.fr\/","logo":{"@type":"ImageObject","inLanguage":"fr-FR","@id":"https:\/\/www.ac-am.fr\/#\/schema\/logo\/image\/","url":"https:\/\/www.ac-am.fr\/wp-content\/uploads\/2015\/10\/bd_ac_am.gif","contentUrl":"https:\/\/www.ac-am.fr\/wp-content\/uploads\/2015\/10\/bd_ac_am.gif","width":370,"height":65,"caption":"Autre Conscience, Autre Monde"},"image":{"@id":"https:\/\/www.ac-am.fr\/#\/schema\/logo\/image\/"},"sameAs":["https:\/\/fr-fr.facebook.com\/claude.acam\/","https:\/\/www.youtube.com\/user\/consciencemonde"]}]}},"_links":{"self":[{"href":"https:\/\/www.ac-am.fr\/index.php\/wp-json\/wp\/v2\/pages\/1399","targetHints":{"allow":["GET"]}}],"collection":[{"href":"https:\/\/www.ac-am.fr\/index.php\/wp-json\/wp\/v2\/pages"}],"about":[{"href":"https:\/\/www.ac-am.fr\/index.php\/wp-json\/wp\/v2\/types\/page"}],"author":[{"embeddable":true,"href":"https:\/\/www.ac-am.fr\/index.php\/wp-json\/wp\/v2\/users\/1"}],"replies":[{"embeddable":true,"href":"https:\/\/www.ac-am.fr\/index.php\/wp-json\/wp\/v2\/comments?post=1399"}],"version-history":[{"count":25,"href":"https:\/\/www.ac-am.fr\/index.php\/wp-json\/wp\/v2\/pages\/1399\/revisions"}],"predecessor-version":[{"id":3366,"href":"https:\/\/www.ac-am.fr\/index.php\/wp-json\/wp\/v2\/pages\/1399\/revisions\/3366"}],"wp:attachment":[{"href":"https:\/\/www.ac-am.fr\/index.php\/wp-json\/wp\/v2\/media?parent=1399"}],"curies":[{"name":"wp","href":"https:\/\/api.w.org\/{rel}","templated":true}]}}