{"id":370,"date":"2015-10-02T11:35:57","date_gmt":"2015-10-02T10:35:57","guid":{"rendered":"https:\/\/www.ac-am.fr\/?page_id=370"},"modified":"2026-01-05T22:41:52","modified_gmt":"2026-01-05T21:41:52","slug":"initiation-dans-la-pyramide-addenda-sur-la-pyramide","status":"publish","type":"page","link":"https:\/\/www.ac-am.fr\/index.php\/initiation-dans-la-pyramide-addenda-sur-la-pyramide\/","title":{"rendered":"Initiation dans la Pyramide. Addenda sur la Pyramide."},"content":{"rendered":"<div style=\"background-image: url('\/wp-content\/uploads\/2015\/10\/fond_ecr.jpg'); background-attachment: fixed; border: 2px solid #000000; border-radius: 20px; opacity: 0.90;\">\n\n\n<div class=\"wp-block-group is-content-justification-center is-nowrap is-layout-flex wp-container-core-group-is-layout-23441af8 wp-block-group-is-layout-flex\">\n<h2 class=\"wp-block-heading has-white-color has-text-color has-link-color wp-elements-94fb60578160dc0eefcbfcc22c2e342b\"><a name=\"initiation_pyramide\"><\/a>INITIATION DANS LA\nPYRAMIDE<br>ADDENDA SUR LA\nPYRAMIDE<\/h2>\n\n\n\n<figure class=\"wp-block-image size-full is-resized\"><a href=\"https:\/\/www.ac-am.fr\/wp-content\/uploads\/2015\/10\/pegase.gif\"><img loading=\"lazy\" decoding=\"async\" width=\"150\" height=\"224\" src=\"https:\/\/www.ac-am.fr\/wp-content\/uploads\/2015\/10\/pegase.gif\" alt=\"P\u00e9gase de la petite salle des \u00e9crits\" class=\"wp-image-339\" style=\"width:150px;height:auto\"\/><\/a><\/figure>\n<\/div>\n\n\n\n<figure class=\"wp-block-image aligncenter is-resized\"><img decoding=\"async\" src=\"https:\/\/www.ac-am.fr\/wp-content\/uploads\/2015\/09\/barrebis.jpg\" alt=\"Double barre argent\u00e9e\" style=\"width:550px\"\/><\/figure>\n\n\n\n<h3 class=\"wp-block-heading has-text-align-center has-white-color has-text-color has-link-color wp-elements-68a9670d474b301cbdacfa994129e27b\">Divers \u00c9crits : 1998-1999<\/h3>\n\n\n\n<figure class=\"wp-block-image aligncenter\"><img decoding=\"async\" src=\"https:\/\/www.ac-am.fr\/wp-content\/uploads\/2015\/09\/barrebis.jpg\" alt=\"Double barre argent\u00e9e\"\/><\/figure>\n\n\n\n<p class=\"has-luminous-vivid-amber-color has-text-color has-link-color wp-elements-2c6aed5467f76f7e80d490ea511443e9\"><strong><u>R\u00e9sum\u00e9<\/u> :<\/strong> La Grande Pyramide de Gizeh (mais est-ce son vrai nom ?) construite gr\u00e2ce aux vibrations et \u00e0 l&rsquo;art de la l\u00e9vitation&#8230; <a href=\"https:\/\/www.ac-am.fr\/index.php\/contact-acam\/\">Jean Samuel<\/a> va pousser les \u00e9gyptologues au \u00ab\u00a0suicide intellectuel\u00a0\u00bb car il nous convie \u00e0 d\u00e9couvrir une approche extraordinaire de cette construction ainsi que son pouvoir spirituel&#8230; Mais appartient-elle vraiment \u00e0 l&rsquo;\u00c9gypte ?<\/p>\n\n\n\n<div class=\"wp-block-group is-nowrap is-layout-flex wp-container-core-group-is-layout-6c531013 wp-block-group-is-layout-flex\">\n<h2 class=\"wp-block-heading\">&nbsp;<\/h2>\n\n\n\n<figure class=\"wp-block-image size-full\"><a href=\"https:\/\/www.ac-am.fr\/wp-content\/uploads\/2015\/11\/fleche.gif\"><img loading=\"lazy\" decoding=\"async\" width=\"7\" height=\"11\" src=\"https:\/\/www.ac-am.fr\/wp-content\/uploads\/2015\/11\/fleche.gif\" alt=\"Fl\u00e8che fixe\" class=\"wp-image-1630\"\/><\/a><\/figure>\n\n\n\n<p class=\"has-white-color has-text-color has-link-color wp-elements-8202b7857f0a83a82fb5972ca9a9e9ce\"><em><a href=\"https:\/\/www.ac-am.fr\/wp-content\/pdf\/pyramide.pdf\" target=\"_blank\" rel=\"noreferrer noopener\">pyramide.pdf (137Ko)<\/a><\/em><\/p>\n\n\n\n<figure class=\"wp-block-image size-full\"><a href=\"https:\/\/www.ac-am.fr\/wp-content\/uploads\/2015\/10\/Adobe_PDF_file_icon_32x32.png\"><img loading=\"lazy\" decoding=\"async\" width=\"32\" height=\"32\" src=\"https:\/\/www.ac-am.fr\/wp-content\/uploads\/2015\/10\/Adobe_PDF_file_icon_32x32.png\" alt=\"Ic\u00f4ne adobe PDF 32x32\" class=\"wp-image-417\"\/><\/a><\/figure>\n<\/div>\n\n\n\n<div class=\"wp-block-group is-nowrap is-layout-flex wp-container-core-group-is-layout-6c531013 wp-block-group-is-layout-flex\">\n<h2 class=\"wp-block-heading\">&nbsp;<\/h2>\n\n\n\n<figure class=\"wp-block-image size-full\"><a href=\"https:\/\/www.ac-am.fr\/wp-content\/uploads\/2015\/11\/fleche.gif\"><img loading=\"lazy\" decoding=\"async\" width=\"7\" height=\"11\" src=\"https:\/\/www.ac-am.fr\/wp-content\/uploads\/2015\/11\/fleche.gif\" alt=\"Fl\u00e8che fixe\" class=\"wp-image-1630\"\/><\/a><\/figure>\n\n\n\n<p class=\"has-white-color has-text-color has-link-color wp-elements-48e830c126b00c8b174986b7ca5346a4\"><em><a href=\"https:\/\/www.ac-am.fr\/wp-content\/pdf\/addenda.pdf\" target=\"_blank\" rel=\"noreferrer noopener\">addenda.pdf (34Ko)<\/a><\/em><\/p>\n\n\n\n<figure class=\"wp-block-image size-full\"><a href=\"https:\/\/www.ac-am.fr\/wp-content\/uploads\/2015\/10\/Adobe_PDF_file_icon_32x32.png\"><img loading=\"lazy\" decoding=\"async\" width=\"32\" height=\"32\" src=\"https:\/\/www.ac-am.fr\/wp-content\/uploads\/2015\/10\/Adobe_PDF_file_icon_32x32.png\" alt=\"Ic\u00f4ne adobe PDF 32x32\" class=\"wp-image-417\"\/><\/a><\/figure>\n<\/div>\n\n\n\n\n<ul class=\"wp-block-list\">\n<li class=\"has-text-color has-link-color wp-elements-dc421d7b49f2b6d1608b27e7eb31ca12\" style=\"color:#ecec18\">Cliquez sur<strong> \u00ab\u00a0pyramide.pdf ou addenda.pdf\u00a0\u00bb.<\/strong> Vous pourrez ainsi lire son contenu.<\/li>\n<\/ul>\n\n\n\n<figure class=\"wp-block-image aligncenter\"><img decoding=\"async\" src=\"https:\/\/www.ac-am.fr\/wp-content\/uploads\/2015\/09\/barrebis.jpg\" alt=\"Double barre argent\u00e9e\"\/><\/figure>\n\n\n<\/div><div style=\"padding-bottom:20px; padding-top:10px;\" class=\"hupso-share-buttons\"><!-- Hupso Share Buttons - https:\/\/www.hupso.com\/share\/ --><a class=\"hupso_toolbar\" href=\"https:\/\/www.hupso.com\/share\/\"><img decoding=\"async\" src=\"https:\/\/static.hupso.com\/share\/buttons\/lang\/fr\/share.png\" style=\"border:0px; padding-top: 5px; float:left;\" alt=\"Share Button\"\/><\/a><script type=\"text\/javascript\">var hupso_services_t=new Array(\"Twitter\",\"Facebook\",\"Google Plus\");var hupso_background_t=\"#EAF4FF\";var hupso_border_t=\"#66CCFF\";var hupso_toolbar_size_t=\"big\";var hupso_image_folder_url = \"\";var hupso_url_t=\"\";var hupso_title_t=\"Initiation%20dans%20la%20Pyramide.%20Addenda%20sur%20la%20Pyramide.\";<\/script><script type=\"text\/javascript\" src=\"https:\/\/static.hupso.com\/share\/js\/share_toolbar.js\"><\/script><!-- Hupso Share Buttons --><\/div>","protected":false},"excerpt":{"rendered":"<p>INITIATION DANS LA PYRAMIDEADDENDA SUR LA PYRAMIDE Divers \u00c9crits : 1998-1999 R\u00e9sum\u00e9 : La Grande&#8230;<\/p>\n","protected":false},"author":1,"featured_media":0,"parent":0,"menu_order":0,"comment_status":"closed","ping_status":"closed","template":"","meta":{"footnotes":""},"class_list":["post-370","page","type-page","status-publish","hentry"],"yoast_head":"<!-- This site is optimized with the Yoast SEO plugin v26.9 - https:\/\/yoast.com\/product\/yoast-seo-wordpress\/ -->\n<title>Initiation dans la Pyramide. Addenda sur la Pyramide. - Autre Conscience, Autre Monde<\/title>\n<meta name=\"description\" content=\"La Grande Pyramide de Gizeh (mais est-ce son vrai nom ?) construite gr\u00e2ce aux vibrations et \u00e0 l&#039;art de la l\u00e9vitation...\" \/>\n<meta name=\"robots\" content=\"index, follow, max-snippet:-1, max-image-preview:large, max-video-preview:-1\" \/>\n<link rel=\"canonical\" href=\"https:\/\/www.ac-am.fr\/index.php\/initiation-dans-la-pyramide-addenda-sur-la-pyramide\/\" \/>\n<meta property=\"og:locale\" content=\"fr_FR\" \/>\n<meta property=\"og:type\" content=\"article\" \/>\n<meta property=\"og:title\" content=\"Initiation dans la Pyramide. Addenda sur la Pyramide. - Autre Conscience, Autre Monde\" \/>\n<meta property=\"og:description\" content=\"La Grande Pyramide de Gizeh (mais est-ce son vrai nom ?) construite gr\u00e2ce aux vibrations et \u00e0 l&#039;art de la l\u00e9vitation...\" \/>\n<meta property=\"og:url\" content=\"https:\/\/www.ac-am.fr\/index.php\/initiation-dans-la-pyramide-addenda-sur-la-pyramide\/\" \/>\n<meta property=\"og:site_name\" content=\"Autre Conscience, Autre Monde\" \/>\n<meta property=\"article:publisher\" content=\"https:\/\/fr-fr.facebook.com\/claude.acam\/\" \/>\n<meta property=\"article:modified_time\" content=\"2026-01-05T21:41:52+00:00\" \/>\n<meta property=\"og:image\" content=\"https:\/\/www.ac-am.fr\/wp-content\/uploads\/2015\/10\/pegase.gif\" \/>\n\t<meta property=\"og:image:width\" content=\"150\" \/>\n\t<meta property=\"og:image:height\" content=\"224\" \/>\n\t<meta property=\"og:image:type\" content=\"image\/gif\" \/>\n<meta name=\"twitter:card\" content=\"summary_large_image\" \/>\n<meta name=\"twitter:label1\" content=\"Dur\u00e9e de lecture estim\u00e9e\" \/>\n\t<meta name=\"twitter:data1\" content=\"2 minutes\" \/>\n<script type=\"application\/ld+json\" class=\"yoast-schema-graph\">{\"@context\":\"https:\/\/schema.org\",\"@graph\":[{\"@type\":\"WebPage\",\"@id\":\"https:\/\/www.ac-am.fr\/index.php\/initiation-dans-la-pyramide-addenda-sur-la-pyramide\/\",\"url\":\"https:\/\/www.ac-am.fr\/index.php\/initiation-dans-la-pyramide-addenda-sur-la-pyramide\/\",\"name\":\"Initiation dans la Pyramide. Addenda sur la Pyramide. - Autre Conscience, Autre Monde\",\"isPartOf\":{\"@id\":\"https:\/\/www.ac-am.fr\/#website\"},\"primaryImageOfPage\":{\"@id\":\"https:\/\/www.ac-am.fr\/index.php\/initiation-dans-la-pyramide-addenda-sur-la-pyramide\/#primaryimage\"},\"image\":{\"@id\":\"https:\/\/www.ac-am.fr\/index.php\/initiation-dans-la-pyramide-addenda-sur-la-pyramide\/#primaryimage\"},\"thumbnailUrl\":\"https:\/\/www.ac-am.fr\/wp-content\/uploads\/2015\/10\/pegase.gif\",\"datePublished\":\"2015-10-02T10:35:57+00:00\",\"dateModified\":\"2026-01-05T21:41:52+00:00\",\"description\":\"La Grande Pyramide de Gizeh (mais est-ce son vrai nom ?) construite gr\u00e2ce aux vibrations et \u00e0 l'art de la l\u00e9vitation...\",\"breadcrumb\":{\"@id\":\"https:\/\/www.ac-am.fr\/index.php\/initiation-dans-la-pyramide-addenda-sur-la-pyramide\/#breadcrumb\"},\"inLanguage\":\"fr-FR\",\"potentialAction\":[{\"@type\":\"ReadAction\",\"target\":[\"https:\/\/www.ac-am.fr\/index.php\/initiation-dans-la-pyramide-addenda-sur-la-pyramide\/\"]}]},{\"@type\":\"ImageObject\",\"inLanguage\":\"fr-FR\",\"@id\":\"https:\/\/www.ac-am.fr\/index.php\/initiation-dans-la-pyramide-addenda-sur-la-pyramide\/#primaryimage\",\"url\":\"https:\/\/www.ac-am.fr\/wp-content\/uploads\/2015\/10\/pegase.gif\",\"contentUrl\":\"https:\/\/www.ac-am.fr\/wp-content\/uploads\/2015\/10\/pegase.gif\",\"width\":150,\"height\":224,\"caption\":\"P\u00e9gase de la petite salle des \u00e9crits\"},{\"@type\":\"BreadcrumbList\",\"@id\":\"https:\/\/www.ac-am.fr\/index.php\/initiation-dans-la-pyramide-addenda-sur-la-pyramide\/#breadcrumb\",\"itemListElement\":[{\"@type\":\"ListItem\",\"position\":1,\"name\":\"Accueil\",\"item\":\"https:\/\/www.ac-am.fr\/\"},{\"@type\":\"ListItem\",\"position\":2,\"name\":\"Initiation dans la Pyramide. Addenda sur la Pyramide.\"}]},{\"@type\":\"WebSite\",\"@id\":\"https:\/\/www.ac-am.fr\/#website\",\"url\":\"https:\/\/www.ac-am.fr\/\",\"name\":\"Autre Conscience, Autre Monde\",\"description\":\"\",\"publisher\":{\"@id\":\"https:\/\/www.ac-am.fr\/#organization\"},\"potentialAction\":[{\"@type\":\"SearchAction\",\"target\":{\"@type\":\"EntryPoint\",\"urlTemplate\":\"https:\/\/www.ac-am.fr\/?s={search_term_string}\"},\"query-input\":{\"@type\":\"PropertyValueSpecification\",\"valueRequired\":true,\"valueName\":\"search_term_string\"}}],\"inLanguage\":\"fr-FR\"},{\"@type\":\"Organization\",\"@id\":\"https:\/\/www.ac-am.fr\/#organization\",\"name\":\"Autre Conscience, Autre Monde\",\"url\":\"https:\/\/www.ac-am.fr\/\",\"logo\":{\"@type\":\"ImageObject\",\"inLanguage\":\"fr-FR\",\"@id\":\"https:\/\/www.ac-am.fr\/#\/schema\/logo\/image\/\",\"url\":\"https:\/\/www.ac-am.fr\/wp-content\/uploads\/2015\/10\/bd_ac_am.gif\",\"contentUrl\":\"https:\/\/www.ac-am.fr\/wp-content\/uploads\/2015\/10\/bd_ac_am.gif\",\"width\":370,\"height\":65,\"caption\":\"Autre Conscience, Autre Monde\"},\"image\":{\"@id\":\"https:\/\/www.ac-am.fr\/#\/schema\/logo\/image\/\"},\"sameAs\":[\"https:\/\/fr-fr.facebook.com\/claude.acam\/\",\"https:\/\/www.youtube.com\/user\/consciencemonde\"]}]}<\/script>\n<!-- \/ Yoast SEO plugin. -->","yoast_head_json":{"title":"Initiation dans la Pyramide. Addenda sur la Pyramide. - Autre Conscience, Autre Monde","description":"La Grande Pyramide de Gizeh (mais est-ce son vrai nom ?) construite gr\u00e2ce aux vibrations et \u00e0 l'art de la l\u00e9vitation...","robots":{"index":"index","follow":"follow","max-snippet":"max-snippet:-1","max-image-preview":"max-image-preview:large","max-video-preview":"max-video-preview:-1"},"canonical":"https:\/\/www.ac-am.fr\/index.php\/initiation-dans-la-pyramide-addenda-sur-la-pyramide\/","og_locale":"fr_FR","og_type":"article","og_title":"Initiation dans la Pyramide. Addenda sur la Pyramide. - Autre Conscience, Autre Monde","og_description":"La Grande Pyramide de Gizeh (mais est-ce son vrai nom ?) construite gr\u00e2ce aux vibrations et \u00e0 l'art de la l\u00e9vitation...","og_url":"https:\/\/www.ac-am.fr\/index.php\/initiation-dans-la-pyramide-addenda-sur-la-pyramide\/","og_site_name":"Autre Conscience, Autre Monde","article_publisher":"https:\/\/fr-fr.facebook.com\/claude.acam\/","article_modified_time":"2026-01-05T21:41:52+00:00","og_image":[{"width":150,"height":224,"url":"https:\/\/www.ac-am.fr\/wp-content\/uploads\/2015\/10\/pegase.gif","type":"image\/gif"}],"twitter_card":"summary_large_image","twitter_misc":{"Dur\u00e9e de lecture estim\u00e9e":"2 minutes"},"schema":{"@context":"https:\/\/schema.org","@graph":[{"@type":"WebPage","@id":"https:\/\/www.ac-am.fr\/index.php\/initiation-dans-la-pyramide-addenda-sur-la-pyramide\/","url":"https:\/\/www.ac-am.fr\/index.php\/initiation-dans-la-pyramide-addenda-sur-la-pyramide\/","name":"Initiation dans la Pyramide. Addenda sur la Pyramide. - Autre Conscience, Autre Monde","isPartOf":{"@id":"https:\/\/www.ac-am.fr\/#website"},"primaryImageOfPage":{"@id":"https:\/\/www.ac-am.fr\/index.php\/initiation-dans-la-pyramide-addenda-sur-la-pyramide\/#primaryimage"},"image":{"@id":"https:\/\/www.ac-am.fr\/index.php\/initiation-dans-la-pyramide-addenda-sur-la-pyramide\/#primaryimage"},"thumbnailUrl":"https:\/\/www.ac-am.fr\/wp-content\/uploads\/2015\/10\/pegase.gif","datePublished":"2015-10-02T10:35:57+00:00","dateModified":"2026-01-05T21:41:52+00:00","description":"La Grande Pyramide de Gizeh (mais est-ce son vrai nom ?) construite gr\u00e2ce aux vibrations et \u00e0 l'art de la l\u00e9vitation...","breadcrumb":{"@id":"https:\/\/www.ac-am.fr\/index.php\/initiation-dans-la-pyramide-addenda-sur-la-pyramide\/#breadcrumb"},"inLanguage":"fr-FR","potentialAction":[{"@type":"ReadAction","target":["https:\/\/www.ac-am.fr\/index.php\/initiation-dans-la-pyramide-addenda-sur-la-pyramide\/"]}]},{"@type":"ImageObject","inLanguage":"fr-FR","@id":"https:\/\/www.ac-am.fr\/index.php\/initiation-dans-la-pyramide-addenda-sur-la-pyramide\/#primaryimage","url":"https:\/\/www.ac-am.fr\/wp-content\/uploads\/2015\/10\/pegase.gif","contentUrl":"https:\/\/www.ac-am.fr\/wp-content\/uploads\/2015\/10\/pegase.gif","width":150,"height":224,"caption":"P\u00e9gase de la petite salle des \u00e9crits"},{"@type":"BreadcrumbList","@id":"https:\/\/www.ac-am.fr\/index.php\/initiation-dans-la-pyramide-addenda-sur-la-pyramide\/#breadcrumb","itemListElement":[{"@type":"ListItem","position":1,"name":"Accueil","item":"https:\/\/www.ac-am.fr\/"},{"@type":"ListItem","position":2,"name":"Initiation dans la Pyramide. Addenda sur la Pyramide."}]},{"@type":"WebSite","@id":"https:\/\/www.ac-am.fr\/#website","url":"https:\/\/www.ac-am.fr\/","name":"Autre Conscience, Autre Monde","description":"","publisher":{"@id":"https:\/\/www.ac-am.fr\/#organization"},"potentialAction":[{"@type":"SearchAction","target":{"@type":"EntryPoint","urlTemplate":"https:\/\/www.ac-am.fr\/?s={search_term_string}"},"query-input":{"@type":"PropertyValueSpecification","valueRequired":true,"valueName":"search_term_string"}}],"inLanguage":"fr-FR"},{"@type":"Organization","@id":"https:\/\/www.ac-am.fr\/#organization","name":"Autre Conscience, Autre Monde","url":"https:\/\/www.ac-am.fr\/","logo":{"@type":"ImageObject","inLanguage":"fr-FR","@id":"https:\/\/www.ac-am.fr\/#\/schema\/logo\/image\/","url":"https:\/\/www.ac-am.fr\/wp-content\/uploads\/2015\/10\/bd_ac_am.gif","contentUrl":"https:\/\/www.ac-am.fr\/wp-content\/uploads\/2015\/10\/bd_ac_am.gif","width":370,"height":65,"caption":"Autre Conscience, Autre Monde"},"image":{"@id":"https:\/\/www.ac-am.fr\/#\/schema\/logo\/image\/"},"sameAs":["https:\/\/fr-fr.facebook.com\/claude.acam\/","https:\/\/www.youtube.com\/user\/consciencemonde"]}]}},"_links":{"self":[{"href":"https:\/\/www.ac-am.fr\/index.php\/wp-json\/wp\/v2\/pages\/370","targetHints":{"allow":["GET"]}}],"collection":[{"href":"https:\/\/www.ac-am.fr\/index.php\/wp-json\/wp\/v2\/pages"}],"about":[{"href":"https:\/\/www.ac-am.fr\/index.php\/wp-json\/wp\/v2\/types\/page"}],"author":[{"embeddable":true,"href":"https:\/\/www.ac-am.fr\/index.php\/wp-json\/wp\/v2\/users\/1"}],"replies":[{"embeddable":true,"href":"https:\/\/www.ac-am.fr\/index.php\/wp-json\/wp\/v2\/comments?post=370"}],"version-history":[{"count":16,"href":"https:\/\/www.ac-am.fr\/index.php\/wp-json\/wp\/v2\/pages\/370\/revisions"}],"predecessor-version":[{"id":5235,"href":"https:\/\/www.ac-am.fr\/index.php\/wp-json\/wp\/v2\/pages\/370\/revisions\/5235"}],"wp:attachment":[{"href":"https:\/\/www.ac-am.fr\/index.php\/wp-json\/wp\/v2\/media?parent=370"}],"curies":[{"name":"wp","href":"https:\/\/api.w.org\/{rel}","templated":true}]}}