{"id":372,"date":"2015-10-02T08:43:29","date_gmt":"2015-10-02T07:43:29","guid":{"rendered":"https:\/\/www.ac-am.fr\/?page_id=372"},"modified":"2025-07-24T19:16:37","modified_gmt":"2025-07-24T18:16:37","slug":"la-genialite-de-la-philosophie","status":"publish","type":"page","link":"https:\/\/www.ac-am.fr\/index.php\/la-genialite-de-la-philosophie\/","title":{"rendered":"La g\u00e9nialit\u00e9 de la philosophie"},"content":{"rendered":"<div style=\"background-image: url('\/wp-content\/uploads\/2015\/10\/fond_ecr.jpg'); background-attachment: fixed; border: 2px solid #000000; border-radius: 20px; opacity: 0.90;\">\n\n\n<div class=\"wp-block-group is-content-justification-center is-nowrap is-layout-flex wp-container-core-group-is-layout-23441af8 wp-block-group-is-layout-flex\">\n<h2 class=\"wp-block-heading has-white-color has-text-color has-link-color wp-elements-d88676ef8ca198c88e756db514df0a29\"><a name=\"genialite_philosophie\"><\/a>LA G\u00c9NIALIT\u00c9 DE LA PHILOSOPHIE.<br>LES SP\u00c9CULATIONS PHILOSOPHIQUES.<br>DE HEGEL AU SYMBOLISME UNIVERSEL.<\/h2>\n\n\n\n<figure class=\"wp-block-image size-full is-resized\"><a href=\"https:\/\/www.ac-am.fr\/wp-content\/uploads\/2015\/10\/pegase.gif\"><img loading=\"lazy\" decoding=\"async\" width=\"150\" height=\"224\" src=\"https:\/\/www.ac-am.fr\/wp-content\/uploads\/2015\/10\/pegase.gif\" alt=\"P\u00e9gase de la petite salle des \u00e9crits\" class=\"wp-image-339\" style=\"width:150px;height:auto\"\/><\/a><\/figure>\n<\/div>\n\n\n\n<figure class=\"wp-block-image aligncenter is-resized\"><img decoding=\"async\" src=\"https:\/\/www.ac-am.fr\/wp-content\/uploads\/2015\/09\/barrebis.jpg\" alt=\"Double barre argent\u00e9e\" style=\"width:550px\"\/><\/figure>\n\n\n\n<h3 class=\"wp-block-heading has-text-align-center has-white-color has-text-color has-link-color wp-elements-ccdf521775d55e92a1126e0fb1ffc01f\">Divers \u00c9crits &#8211; 1998-1999<\/h3>\n\n\n\n<figure class=\"wp-block-image aligncenter\"><img decoding=\"async\" src=\"https:\/\/www.ac-am.fr\/wp-content\/uploads\/2015\/09\/barrebis.jpg\" alt=\"Double barre argent\u00e9e\"\/><\/figure>\n\n\n\n<p class=\"has-luminous-vivid-amber-color has-text-color has-link-color wp-elements-af690104e2a7a7db05ebcfdd0aa0c4f6\"><strong><u>R\u00e9sum\u00e9<\/u> :<\/strong> N&rsquo;avez-vous jamais philosoph\u00e9 sur la philosophie et bien, c&rsquo;est le moment. En effet, <a href=\"https:\/\/www.ac-am.fr\/index.php\/contact-acam\/\">Jean Samuel<\/a> nous convie \u00e0 cette gymnastique du mental car l&rsquo;Esprit, lui n&rsquo;a aucun besoin de cela, il est \u00ab\u00a0Tout\u00a0\u00bb&#8230;<\/p>\n\n\n\n<div class=\"wp-block-group is-nowrap is-layout-flex wp-container-core-group-is-layout-6c531013 wp-block-group-is-layout-flex\">\n<h2 class=\"wp-block-heading\">&nbsp;<\/h2>\n\n\n\n<figure class=\"wp-block-image size-full\"><a href=\"https:\/\/www.ac-am.fr\/wp-content\/uploads\/2015\/11\/fleche.gif\"><img loading=\"lazy\" decoding=\"async\" width=\"7\" height=\"11\" src=\"https:\/\/www.ac-am.fr\/wp-content\/uploads\/2015\/11\/fleche.gif\" alt=\"Fl\u00e8che fixe\" class=\"wp-image-1630\"\/><\/a><\/figure>\n\n\n\n<p class=\"has-white-color has-text-color has-link-color wp-elements-f21b24b70bf1a2aea05c78e621bc20c7\"><em><a href=\"https:\/\/www.ac-am.fr\/wp-content\/pdf\/genial1.pdf\" target=\"_blank\" rel=\"noreferrer noopener\">genial1.pdf (64Ko)<\/a><\/em><\/p>\n\n\n\n<figure class=\"wp-block-image size-full\"><a href=\"https:\/\/www.ac-am.fr\/wp-content\/uploads\/2015\/10\/Adobe_PDF_file_icon_32x32.png\"><img loading=\"lazy\" decoding=\"async\" width=\"32\" height=\"32\" src=\"https:\/\/www.ac-am.fr\/wp-content\/uploads\/2015\/10\/Adobe_PDF_file_icon_32x32.png\" alt=\"Ic\u00f4ne adobe PDF 32x32\" class=\"wp-image-417\"\/><\/a><\/figure>\n<\/div>\n\n\n\n<div class=\"wp-block-group is-nowrap is-layout-flex wp-container-core-group-is-layout-6c531013 wp-block-group-is-layout-flex\">\n<h2 class=\"wp-block-heading\">&nbsp;<\/h2>\n\n\n\n<figure class=\"wp-block-image size-full\"><a href=\"https:\/\/www.ac-am.fr\/wp-content\/uploads\/2015\/11\/fleche.gif\"><img loading=\"lazy\" decoding=\"async\" width=\"7\" height=\"11\" src=\"https:\/\/www.ac-am.fr\/wp-content\/uploads\/2015\/11\/fleche.gif\" alt=\"Fl\u00e8che fixe\" class=\"wp-image-1630\"\/><\/a><\/figure>\n\n\n\n<p class=\"has-white-color has-text-color has-link-color wp-elements-11ff0ac818f39c42c1c7c23db24e0946\"><em><a href=\"https:\/\/www.ac-am.fr\/wp-content\/pdf\/genial2.pdf\" target=\"_blank\" rel=\"noreferrer noopener\">genial2.pdf (55Ko)<\/a><\/em><\/p>\n\n\n\n<figure class=\"wp-block-image size-full\"><a href=\"https:\/\/www.ac-am.fr\/wp-content\/uploads\/2015\/10\/Adobe_PDF_file_icon_32x32.png\"><img loading=\"lazy\" decoding=\"async\" width=\"32\" height=\"32\" src=\"https:\/\/www.ac-am.fr\/wp-content\/uploads\/2015\/10\/Adobe_PDF_file_icon_32x32.png\" alt=\"Ic\u00f4ne adobe PDF 32x32\" class=\"wp-image-417\"\/><\/a><\/figure>\n<\/div>\n\n\n\n<div class=\"wp-block-group is-nowrap is-layout-flex wp-container-core-group-is-layout-6c531013 wp-block-group-is-layout-flex\">\n<h2 class=\"wp-block-heading\">&nbsp;<\/h2>\n\n\n\n<figure class=\"wp-block-image size-full\"><a href=\"https:\/\/www.ac-am.fr\/wp-content\/uploads\/2015\/11\/fleche.gif\"><img loading=\"lazy\" decoding=\"async\" width=\"7\" height=\"11\" src=\"https:\/\/www.ac-am.fr\/wp-content\/uploads\/2015\/11\/fleche.gif\" alt=\"Fl\u00e8che fixe\" class=\"wp-image-1630\"\/><\/a><\/figure>\n\n\n\n<p class=\"has-white-color has-text-color has-link-color wp-elements-5bcf4ab749fd21921b7b918ad16800c2\"><em><a href=\"https:\/\/www.ac-am.fr\/wp-content\/pdf\/genial3.pdf\" target=\"_blank\" rel=\"noreferrer noopener\">genial3.pdf (112Ko)<\/a><\/em><\/p>\n\n\n\n<figure class=\"wp-block-image size-full\"><a href=\"https:\/\/www.ac-am.fr\/wp-content\/uploads\/2015\/10\/Adobe_PDF_file_icon_32x32.png\"><img loading=\"lazy\" decoding=\"async\" width=\"32\" height=\"32\" src=\"https:\/\/www.ac-am.fr\/wp-content\/uploads\/2015\/10\/Adobe_PDF_file_icon_32x32.png\" alt=\"Ic\u00f4ne adobe PDF 32x32\" class=\"wp-image-417\"\/><\/a><\/figure>\n<\/div>\n\n\n\n<ul class=\"wp-block-list\">\n<li class=\"has-text-color has-link-color wp-elements-f141eaa016b07a5dbccdc11573498446\" style=\"color:#ecec18\">Cliquez sur<strong> \u00ab\u00a0genial1.pdf ou genial2.pdf ou genial3.pdf\u00a0\u00bb.<\/strong> Vous pourrez ainsi lire son contenu.<\/li>\n<\/ul>\n\n\n\n<figure class=\"wp-block-image aligncenter\"><img decoding=\"async\" src=\"https:\/\/www.ac-am.fr\/wp-content\/uploads\/2015\/09\/barrebis.jpg\" alt=\"Double barre argent\u00e9e\"\/><\/figure>\n\n\n<\/div><div style=\"padding-bottom:20px; padding-top:10px;\" class=\"hupso-share-buttons\"><!-- Hupso Share Buttons - https:\/\/www.hupso.com\/share\/ --><a class=\"hupso_toolbar\" href=\"https:\/\/www.hupso.com\/share\/\"><img decoding=\"async\" src=\"https:\/\/static.hupso.com\/share\/buttons\/lang\/fr\/share.png\" style=\"border:0px; padding-top: 5px; float:left;\" alt=\"Share Button\"\/><\/a><script type=\"text\/javascript\">var hupso_services_t=new Array(\"Twitter\",\"Facebook\",\"Google Plus\");var hupso_background_t=\"#EAF4FF\";var hupso_border_t=\"#66CCFF\";var hupso_toolbar_size_t=\"big\";var hupso_image_folder_url = \"\";var hupso_url_t=\"\";var hupso_title_t=\"La%20g%C3%A9nialit%C3%A9%20de%20la%20philosophie\";<\/script><script type=\"text\/javascript\" src=\"https:\/\/static.hupso.com\/share\/js\/share_toolbar.js\"><\/script><!-- Hupso Share Buttons --><\/div>","protected":false},"excerpt":{"rendered":"<p>LA G\u00c9NIALIT\u00c9 DE LA PHILOSOPHIE.LES SP\u00c9CULATIONS PHILOSOPHIQUES.DE HEGEL AU SYMBOLISME UNIVERSEL. Divers \u00c9crits &#8211; 1998-1999&#8230;<\/p>\n","protected":false},"author":1,"featured_media":0,"parent":0,"menu_order":0,"comment_status":"closed","ping_status":"closed","template":"","meta":{"footnotes":""},"class_list":["post-372","page","type-page","status-publish","hentry"],"yoast_head":"<!-- This site is optimized with the Yoast SEO plugin v26.9 - https:\/\/yoast.com\/product\/yoast-seo-wordpress\/ -->\n<title>La g\u00e9nialit\u00e9 de la philosophie - Autre Conscience, Autre Monde<\/title>\n<meta name=\"description\" content=\"N&#039;avez-vous jamais philosoph\u00e9 sur la philosophie et bien, c&#039;est le moment. En effet, Jean Samuel nous convie \u00e0 cette gymnastique du mental...\" \/>\n<meta name=\"robots\" content=\"index, follow, max-snippet:-1, max-image-preview:large, max-video-preview:-1\" \/>\n<link rel=\"canonical\" href=\"https:\/\/www.ac-am.fr\/index.php\/la-genialite-de-la-philosophie\/\" \/>\n<meta property=\"og:locale\" content=\"fr_FR\" \/>\n<meta property=\"og:type\" content=\"article\" \/>\n<meta property=\"og:title\" content=\"La g\u00e9nialit\u00e9 de la philosophie - Autre Conscience, Autre Monde\" \/>\n<meta property=\"og:description\" content=\"N&#039;avez-vous jamais philosoph\u00e9 sur la philosophie et bien, c&#039;est le moment. En effet, Jean Samuel nous convie \u00e0 cette gymnastique du mental...\" \/>\n<meta property=\"og:url\" content=\"https:\/\/www.ac-am.fr\/index.php\/la-genialite-de-la-philosophie\/\" \/>\n<meta property=\"og:site_name\" content=\"Autre Conscience, Autre Monde\" \/>\n<meta property=\"article:publisher\" content=\"https:\/\/fr-fr.facebook.com\/claude.acam\/\" \/>\n<meta property=\"article:modified_time\" content=\"2025-07-24T18:16:37+00:00\" \/>\n<meta property=\"og:image\" content=\"https:\/\/www.ac-am.fr\/wp-content\/uploads\/2015\/10\/pegase.gif\" \/>\n\t<meta property=\"og:image:width\" content=\"150\" \/>\n\t<meta property=\"og:image:height\" content=\"224\" \/>\n\t<meta property=\"og:image:type\" content=\"image\/gif\" \/>\n<meta name=\"twitter:card\" content=\"summary_large_image\" \/>\n<meta name=\"twitter:label1\" content=\"Dur\u00e9e de lecture estim\u00e9e\" \/>\n\t<meta name=\"twitter:data1\" content=\"3 minutes\" \/>\n<script type=\"application\/ld+json\" class=\"yoast-schema-graph\">{\"@context\":\"https:\/\/schema.org\",\"@graph\":[{\"@type\":\"WebPage\",\"@id\":\"https:\/\/www.ac-am.fr\/index.php\/la-genialite-de-la-philosophie\/\",\"url\":\"https:\/\/www.ac-am.fr\/index.php\/la-genialite-de-la-philosophie\/\",\"name\":\"La g\u00e9nialit\u00e9 de la philosophie - Autre Conscience, Autre Monde\",\"isPartOf\":{\"@id\":\"https:\/\/www.ac-am.fr\/#website\"},\"primaryImageOfPage\":{\"@id\":\"https:\/\/www.ac-am.fr\/index.php\/la-genialite-de-la-philosophie\/#primaryimage\"},\"image\":{\"@id\":\"https:\/\/www.ac-am.fr\/index.php\/la-genialite-de-la-philosophie\/#primaryimage\"},\"thumbnailUrl\":\"https:\/\/www.ac-am.fr\/wp-content\/uploads\/2015\/10\/pegase.gif\",\"datePublished\":\"2015-10-02T07:43:29+00:00\",\"dateModified\":\"2025-07-24T18:16:37+00:00\",\"description\":\"N'avez-vous jamais philosoph\u00e9 sur la philosophie et bien, c'est le moment. En effet, Jean Samuel nous convie \u00e0 cette gymnastique du mental...\",\"breadcrumb\":{\"@id\":\"https:\/\/www.ac-am.fr\/index.php\/la-genialite-de-la-philosophie\/#breadcrumb\"},\"inLanguage\":\"fr-FR\",\"potentialAction\":[{\"@type\":\"ReadAction\",\"target\":[\"https:\/\/www.ac-am.fr\/index.php\/la-genialite-de-la-philosophie\/\"]}]},{\"@type\":\"ImageObject\",\"inLanguage\":\"fr-FR\",\"@id\":\"https:\/\/www.ac-am.fr\/index.php\/la-genialite-de-la-philosophie\/#primaryimage\",\"url\":\"https:\/\/www.ac-am.fr\/wp-content\/uploads\/2015\/10\/pegase.gif\",\"contentUrl\":\"https:\/\/www.ac-am.fr\/wp-content\/uploads\/2015\/10\/pegase.gif\",\"width\":150,\"height\":224,\"caption\":\"P\u00e9gase de la petite salle des \u00e9crits\"},{\"@type\":\"BreadcrumbList\",\"@id\":\"https:\/\/www.ac-am.fr\/index.php\/la-genialite-de-la-philosophie\/#breadcrumb\",\"itemListElement\":[{\"@type\":\"ListItem\",\"position\":1,\"name\":\"Accueil\",\"item\":\"https:\/\/www.ac-am.fr\/\"},{\"@type\":\"ListItem\",\"position\":2,\"name\":\"La g\u00e9nialit\u00e9 de la philosophie\"}]},{\"@type\":\"WebSite\",\"@id\":\"https:\/\/www.ac-am.fr\/#website\",\"url\":\"https:\/\/www.ac-am.fr\/\",\"name\":\"Autre Conscience, Autre Monde\",\"description\":\"\",\"publisher\":{\"@id\":\"https:\/\/www.ac-am.fr\/#organization\"},\"potentialAction\":[{\"@type\":\"SearchAction\",\"target\":{\"@type\":\"EntryPoint\",\"urlTemplate\":\"https:\/\/www.ac-am.fr\/?s={search_term_string}\"},\"query-input\":{\"@type\":\"PropertyValueSpecification\",\"valueRequired\":true,\"valueName\":\"search_term_string\"}}],\"inLanguage\":\"fr-FR\"},{\"@type\":\"Organization\",\"@id\":\"https:\/\/www.ac-am.fr\/#organization\",\"name\":\"Autre Conscience, Autre Monde\",\"url\":\"https:\/\/www.ac-am.fr\/\",\"logo\":{\"@type\":\"ImageObject\",\"inLanguage\":\"fr-FR\",\"@id\":\"https:\/\/www.ac-am.fr\/#\/schema\/logo\/image\/\",\"url\":\"https:\/\/www.ac-am.fr\/wp-content\/uploads\/2015\/10\/bd_ac_am.gif\",\"contentUrl\":\"https:\/\/www.ac-am.fr\/wp-content\/uploads\/2015\/10\/bd_ac_am.gif\",\"width\":370,\"height\":65,\"caption\":\"Autre Conscience, Autre Monde\"},\"image\":{\"@id\":\"https:\/\/www.ac-am.fr\/#\/schema\/logo\/image\/\"},\"sameAs\":[\"https:\/\/fr-fr.facebook.com\/claude.acam\/\",\"https:\/\/www.youtube.com\/user\/consciencemonde\"]}]}<\/script>\n<!-- \/ Yoast SEO plugin. -->","yoast_head_json":{"title":"La g\u00e9nialit\u00e9 de la philosophie - Autre Conscience, Autre Monde","description":"N'avez-vous jamais philosoph\u00e9 sur la philosophie et bien, c'est le moment. En effet, Jean Samuel nous convie \u00e0 cette gymnastique du mental...","robots":{"index":"index","follow":"follow","max-snippet":"max-snippet:-1","max-image-preview":"max-image-preview:large","max-video-preview":"max-video-preview:-1"},"canonical":"https:\/\/www.ac-am.fr\/index.php\/la-genialite-de-la-philosophie\/","og_locale":"fr_FR","og_type":"article","og_title":"La g\u00e9nialit\u00e9 de la philosophie - Autre Conscience, Autre Monde","og_description":"N'avez-vous jamais philosoph\u00e9 sur la philosophie et bien, c'est le moment. En effet, Jean Samuel nous convie \u00e0 cette gymnastique du mental...","og_url":"https:\/\/www.ac-am.fr\/index.php\/la-genialite-de-la-philosophie\/","og_site_name":"Autre Conscience, Autre Monde","article_publisher":"https:\/\/fr-fr.facebook.com\/claude.acam\/","article_modified_time":"2025-07-24T18:16:37+00:00","og_image":[{"width":150,"height":224,"url":"https:\/\/www.ac-am.fr\/wp-content\/uploads\/2015\/10\/pegase.gif","type":"image\/gif"}],"twitter_card":"summary_large_image","twitter_misc":{"Dur\u00e9e de lecture estim\u00e9e":"3 minutes"},"schema":{"@context":"https:\/\/schema.org","@graph":[{"@type":"WebPage","@id":"https:\/\/www.ac-am.fr\/index.php\/la-genialite-de-la-philosophie\/","url":"https:\/\/www.ac-am.fr\/index.php\/la-genialite-de-la-philosophie\/","name":"La g\u00e9nialit\u00e9 de la philosophie - Autre Conscience, Autre Monde","isPartOf":{"@id":"https:\/\/www.ac-am.fr\/#website"},"primaryImageOfPage":{"@id":"https:\/\/www.ac-am.fr\/index.php\/la-genialite-de-la-philosophie\/#primaryimage"},"image":{"@id":"https:\/\/www.ac-am.fr\/index.php\/la-genialite-de-la-philosophie\/#primaryimage"},"thumbnailUrl":"https:\/\/www.ac-am.fr\/wp-content\/uploads\/2015\/10\/pegase.gif","datePublished":"2015-10-02T07:43:29+00:00","dateModified":"2025-07-24T18:16:37+00:00","description":"N'avez-vous jamais philosoph\u00e9 sur la philosophie et bien, c'est le moment. En effet, Jean Samuel nous convie \u00e0 cette gymnastique du mental...","breadcrumb":{"@id":"https:\/\/www.ac-am.fr\/index.php\/la-genialite-de-la-philosophie\/#breadcrumb"},"inLanguage":"fr-FR","potentialAction":[{"@type":"ReadAction","target":["https:\/\/www.ac-am.fr\/index.php\/la-genialite-de-la-philosophie\/"]}]},{"@type":"ImageObject","inLanguage":"fr-FR","@id":"https:\/\/www.ac-am.fr\/index.php\/la-genialite-de-la-philosophie\/#primaryimage","url":"https:\/\/www.ac-am.fr\/wp-content\/uploads\/2015\/10\/pegase.gif","contentUrl":"https:\/\/www.ac-am.fr\/wp-content\/uploads\/2015\/10\/pegase.gif","width":150,"height":224,"caption":"P\u00e9gase de la petite salle des \u00e9crits"},{"@type":"BreadcrumbList","@id":"https:\/\/www.ac-am.fr\/index.php\/la-genialite-de-la-philosophie\/#breadcrumb","itemListElement":[{"@type":"ListItem","position":1,"name":"Accueil","item":"https:\/\/www.ac-am.fr\/"},{"@type":"ListItem","position":2,"name":"La g\u00e9nialit\u00e9 de la philosophie"}]},{"@type":"WebSite","@id":"https:\/\/www.ac-am.fr\/#website","url":"https:\/\/www.ac-am.fr\/","name":"Autre Conscience, Autre Monde","description":"","publisher":{"@id":"https:\/\/www.ac-am.fr\/#organization"},"potentialAction":[{"@type":"SearchAction","target":{"@type":"EntryPoint","urlTemplate":"https:\/\/www.ac-am.fr\/?s={search_term_string}"},"query-input":{"@type":"PropertyValueSpecification","valueRequired":true,"valueName":"search_term_string"}}],"inLanguage":"fr-FR"},{"@type":"Organization","@id":"https:\/\/www.ac-am.fr\/#organization","name":"Autre Conscience, Autre Monde","url":"https:\/\/www.ac-am.fr\/","logo":{"@type":"ImageObject","inLanguage":"fr-FR","@id":"https:\/\/www.ac-am.fr\/#\/schema\/logo\/image\/","url":"https:\/\/www.ac-am.fr\/wp-content\/uploads\/2015\/10\/bd_ac_am.gif","contentUrl":"https:\/\/www.ac-am.fr\/wp-content\/uploads\/2015\/10\/bd_ac_am.gif","width":370,"height":65,"caption":"Autre Conscience, Autre Monde"},"image":{"@id":"https:\/\/www.ac-am.fr\/#\/schema\/logo\/image\/"},"sameAs":["https:\/\/fr-fr.facebook.com\/claude.acam\/","https:\/\/www.youtube.com\/user\/consciencemonde"]}]}},"_links":{"self":[{"href":"https:\/\/www.ac-am.fr\/index.php\/wp-json\/wp\/v2\/pages\/372","targetHints":{"allow":["GET"]}}],"collection":[{"href":"https:\/\/www.ac-am.fr\/index.php\/wp-json\/wp\/v2\/pages"}],"about":[{"href":"https:\/\/www.ac-am.fr\/index.php\/wp-json\/wp\/v2\/types\/page"}],"author":[{"embeddable":true,"href":"https:\/\/www.ac-am.fr\/index.php\/wp-json\/wp\/v2\/users\/1"}],"replies":[{"embeddable":true,"href":"https:\/\/www.ac-am.fr\/index.php\/wp-json\/wp\/v2\/comments?post=372"}],"version-history":[{"count":25,"href":"https:\/\/www.ac-am.fr\/index.php\/wp-json\/wp\/v2\/pages\/372\/revisions"}],"predecessor-version":[{"id":4933,"href":"https:\/\/www.ac-am.fr\/index.php\/wp-json\/wp\/v2\/pages\/372\/revisions\/4933"}],"wp:attachment":[{"href":"https:\/\/www.ac-am.fr\/index.php\/wp-json\/wp\/v2\/media?parent=372"}],"curies":[{"name":"wp","href":"https:\/\/api.w.org\/{rel}","templated":true}]}}