{"id":4261,"date":"2018-09-23T12:12:00","date_gmt":"2018-09-23T11:12:00","guid":{"rendered":"https:\/\/www.ac-am.fr\/?page_id=4261"},"modified":"2025-07-24T10:56:35","modified_gmt":"2025-07-24T09:56:35","slug":"la-table-demeraude","status":"publish","type":"page","link":"https:\/\/www.ac-am.fr\/index.php\/la-table-demeraude\/","title":{"rendered":"La table d&rsquo;\u00c9meraude"},"content":{"rendered":"<div style=\"background-image: url('\/wp-content\/uploads\/2015\/10\/fond_ecr.jpg'); background-attachment: fixed; border: 2px solid #000000; border-radius: 20px; opacity: 0.90;\">\n\n\n<div class=\"wp-block-group is-content-justification-center is-nowrap is-layout-flex wp-container-core-group-is-layout-23441af8 wp-block-group-is-layout-flex\">\n<h2 class=\"wp-block-heading has-white-color has-text-color has-link-color wp-elements-57610e0574fd3fe59fae25144c97b475\"><a name=\"la_table_demeraude\"><\/a>LA TABLE D&rsquo;\u00c9MERAUDE<\/h2>\n\n\n\n<figure class=\"wp-block-image size-full is-resized\"><a href=\"https:\/\/www.ac-am.fr\/wp-content\/uploads\/2015\/10\/pegase.gif\"><img loading=\"lazy\" decoding=\"async\" width=\"150\" height=\"224\" src=\"https:\/\/www.ac-am.fr\/wp-content\/uploads\/2015\/10\/pegase.gif\" alt=\"P\u00e9gase de la petite salle des \u00e9crits\" class=\"wp-image-339\" style=\"width:150px;height:auto\"\/><\/a><\/figure>\n<\/div>\n\n\n\n<figure class=\"wp-block-image aligncenter is-resized\"><img decoding=\"async\" src=\"https:\/\/www.ac-am.fr\/wp-content\/uploads\/2015\/09\/barrebis.jpg\" alt=\"Double barre argent\u00e9e\" style=\"width:550px\"\/><\/figure>\n\n\n\n<h3 class=\"wp-block-heading has-text-align-center has-white-color has-text-color has-link-color wp-elements-f2b3c0cd6c5a3ac4dee9651e67145503\">Divers \u00c9crits &#8211; 2018<\/h3>\n\n\n\n<figure class=\"wp-block-image aligncenter\"><img decoding=\"async\" src=\"https:\/\/www.ac-am.fr\/wp-content\/uploads\/2015\/09\/barrebis.jpg\" alt=\"Double barre argent\u00e9e\"\/><\/figure>\n\n\n\n<p class=\"has-luminous-vivid-amber-color has-text-color has-link-color wp-elements-0cfc3a044f6fed4e4b0aa250ff937776\"><strong><u>R\u00e9sum\u00e9<\/u> :<\/strong> \u00ab\u00a0Ce qui est en bas, est comme ce qui est en haut ; et ce qui est en haut est comme ce qui est en bas, pour faire les miracles d&rsquo;une seule chose. Et comme toutes les choses ont \u00e9t\u00e9, et sont venues d\u2019un, par la m\u00e9diation d\u2019un ; ainsi toutes les choses ont \u00e9t\u00e9 n\u00e9es de cette chose unique, par adaptation. Le soleil en est le p\u00e8re, la lune est sa m\u00e8re, le vent l\u2019a port\u00e9 dans son ventre ; la Terre est sa nourrice. Le p\u00e8re de tout le telesme du monde est ici. Sa force ou puissance est enti\u00e8re, si elle est convertie en terre. Tu s\u00e9pareras la terre du feu, le subtil de l\u2019\u00e9pais doucement, avec grande industrie. Il monte de la terre au ciel, et derechef il descend en terre, et il re\u00e7oit la force des choses sup\u00e9rieures et inf\u00e9rieures. Tu auras par ce moyen la gloire de tout le monde ; et pour cela toute obscurit\u00e9 s\u2019enfuira de toi. C&rsquo;est la force forte de toute force : car elle vaincra toute chose subtile, et p\u00e9n\u00e9trera toute chose solide. Ainsi le monde a \u00e9t\u00e9 cr\u00e9\u00e9. De ceci seront et sortiront d&rsquo;admirables adaptations, desquelles le moyen en est ici. C\u2019est pourquoi j&rsquo;ai \u00e9t\u00e9 appel\u00e9 Herm\u00e8s Trism\u00e9giste, ayant les trois parties de la philosophie de tout le monde. Ce que j\u2019ai dit de l&rsquo;op\u00e9ration occulte du Soleil est accompli, et parachev\u00e9.\u00a0\u00bbVoici les Paroles des Secrets d&rsquo;Herm\u00e8s, qui comprennent tous les myst\u00e8res des sciences occultes de l\u2019\u00c9gypte ancienne, ces paroles \u00e9nigmatiques furent \u00e9crites sur la c\u00e9l\u00e8bre table d&rsquo;\u00c9meraude dans l&rsquo;antre sombre o\u00f9 fut d\u00e9couvert \u00e9galement le corps inhum\u00e9 de cette divinit\u00e9 \u00e0 moiti\u00e9 humaine.<\/p>\n\n\n\n<div class=\"wp-block-group is-nowrap is-layout-flex wp-container-core-group-is-layout-6c531013 wp-block-group-is-layout-flex\">\n<h2 class=\"wp-block-heading\">&nbsp;<\/h2>\n\n\n\n<figure class=\"wp-block-image size-full\"><a href=\"https:\/\/www.ac-am.fr\/wp-content\/uploads\/2015\/11\/fleche.gif\"><img loading=\"lazy\" decoding=\"async\" width=\"7\" height=\"11\" src=\"https:\/\/www.ac-am.fr\/wp-content\/uploads\/2015\/11\/fleche.gif\" alt=\"Fl\u00e8che fixe\" class=\"wp-image-1630\"\/><\/a><\/figure>\n\n\n\n<p class=\"has-white-color has-text-color has-link-color wp-elements-a83a781cca526051773199a023fc40a5\"><em><a href=\"https:\/\/www.ac-am.fr\/wp-content\/pdf\/table-d-emeraude.pdf\" target=\"_blank\" rel=\"noreferrer noopener\">table-d-emeraude.pdf (706Ko)<\/a><\/em><\/p>\n\n\n\n<figure class=\"wp-block-image size-full\"><a href=\"https:\/\/www.ac-am.fr\/wp-content\/uploads\/2015\/10\/Adobe_PDF_file_icon_32x32.png\"><img loading=\"lazy\" decoding=\"async\" width=\"32\" height=\"32\" src=\"https:\/\/www.ac-am.fr\/wp-content\/uploads\/2015\/10\/Adobe_PDF_file_icon_32x32.png\" alt=\"Ic\u00f4ne adobe PDF 32x32\" class=\"wp-image-417\"\/><\/a><\/figure>\n<\/div>\n\n\n\n<ul class=\"wp-block-list\">\n<li class=\"has-text-color has-link-color wp-elements-7fc38e6c0a7572c87164c4842ce713c8\" style=\"color:#ecec18\">Cliquez sur<strong> \u00ab\u00a0table-d-emeraude.pdf\u00a0\u00bb.<\/strong> Vous pourrez ainsi lire son contenu.<\/li>\n<\/ul>\n\n\n\n<figure class=\"wp-block-image aligncenter\"><img decoding=\"async\" src=\"https:\/\/www.ac-am.fr\/wp-content\/uploads\/2015\/09\/barrebis.jpg\" alt=\"Double barre argent\u00e9e\"\/><\/figure>\n\n\n<\/div><div style=\"padding-bottom:20px; padding-top:10px;\" class=\"hupso-share-buttons\"><!-- Hupso Share Buttons - https:\/\/www.hupso.com\/share\/ --><a class=\"hupso_toolbar\" href=\"https:\/\/www.hupso.com\/share\/\"><img decoding=\"async\" src=\"https:\/\/static.hupso.com\/share\/buttons\/lang\/fr\/share.png\" style=\"border:0px; padding-top: 5px; float:left;\" alt=\"Share Button\"\/><\/a><script type=\"text\/javascript\">var hupso_services_t=new Array(\"Twitter\",\"Facebook\",\"Google Plus\");var hupso_background_t=\"#EAF4FF\";var hupso_border_t=\"#66CCFF\";var hupso_toolbar_size_t=\"big\";var hupso_image_folder_url = \"\";var hupso_url_t=\"\";var hupso_title_t=\"La%20table%20d%27%C3%89meraude\";<\/script><script type=\"text\/javascript\" src=\"https:\/\/static.hupso.com\/share\/js\/share_toolbar.js\"><\/script><!-- Hupso Share Buttons --><\/div>","protected":false},"excerpt":{"rendered":"<p>LA TABLE D&rsquo;\u00c9MERAUDE Divers \u00c9crits &#8211; 2018 R\u00e9sum\u00e9 : \u00ab\u00a0Ce qui est en bas, est&#8230;<\/p>\n","protected":false},"author":3,"featured_media":0,"parent":0,"menu_order":0,"comment_status":"closed","ping_status":"closed","template":"","meta":{"footnotes":""},"class_list":["post-4261","page","type-page","status-publish","hentry"],"yoast_head":"<!-- This site is optimized with the Yoast SEO plugin v26.9 - https:\/\/yoast.com\/product\/yoast-seo-wordpress\/ -->\n<title>La table d&#039;\u00c9meraude - Autre Conscience, Autre Monde<\/title>\n<meta name=\"description\" content=\"Il monte de la terre au ciel, et derechef il descend en terre, et il re\u00e7oit la force des choses sup\u00e9rieures et inf\u00e9rieures.\" \/>\n<meta name=\"robots\" content=\"index, follow, max-snippet:-1, max-image-preview:large, max-video-preview:-1\" \/>\n<link rel=\"canonical\" href=\"https:\/\/www.ac-am.fr\/index.php\/la-table-demeraude\/\" \/>\n<meta property=\"og:locale\" content=\"fr_FR\" \/>\n<meta property=\"og:type\" content=\"article\" \/>\n<meta property=\"og:title\" content=\"La table d&#039;\u00c9meraude - Autre Conscience, Autre Monde\" \/>\n<meta property=\"og:description\" content=\"Il monte de la terre au ciel, et derechef il descend en terre, et il re\u00e7oit la force des choses sup\u00e9rieures et inf\u00e9rieures.\" \/>\n<meta property=\"og:url\" content=\"https:\/\/www.ac-am.fr\/index.php\/la-table-demeraude\/\" \/>\n<meta property=\"og:site_name\" content=\"Autre Conscience, Autre Monde\" \/>\n<meta property=\"article:publisher\" content=\"https:\/\/fr-fr.facebook.com\/claude.acam\/\" \/>\n<meta property=\"article:modified_time\" content=\"2025-07-24T09:56:35+00:00\" \/>\n<meta property=\"og:image\" content=\"https:\/\/www.ac-am.fr\/wp-content\/uploads\/2015\/10\/pegase.gif\" \/>\n\t<meta property=\"og:image:width\" content=\"150\" \/>\n\t<meta property=\"og:image:height\" content=\"224\" \/>\n\t<meta property=\"og:image:type\" content=\"image\/gif\" \/>\n<meta name=\"twitter:card\" content=\"summary_large_image\" \/>\n<meta name=\"twitter:label1\" content=\"Dur\u00e9e de lecture estim\u00e9e\" \/>\n\t<meta name=\"twitter:data1\" content=\"3 minutes\" \/>\n<script type=\"application\/ld+json\" class=\"yoast-schema-graph\">{\"@context\":\"https:\/\/schema.org\",\"@graph\":[{\"@type\":\"WebPage\",\"@id\":\"https:\/\/www.ac-am.fr\/index.php\/la-table-demeraude\/\",\"url\":\"https:\/\/www.ac-am.fr\/index.php\/la-table-demeraude\/\",\"name\":\"La table d'\u00c9meraude - Autre Conscience, Autre Monde\",\"isPartOf\":{\"@id\":\"https:\/\/www.ac-am.fr\/#website\"},\"primaryImageOfPage\":{\"@id\":\"https:\/\/www.ac-am.fr\/index.php\/la-table-demeraude\/#primaryimage\"},\"image\":{\"@id\":\"https:\/\/www.ac-am.fr\/index.php\/la-table-demeraude\/#primaryimage\"},\"thumbnailUrl\":\"https:\/\/www.ac-am.fr\/wp-content\/uploads\/2015\/10\/pegase.gif\",\"datePublished\":\"2018-09-23T11:12:00+00:00\",\"dateModified\":\"2025-07-24T09:56:35+00:00\",\"description\":\"Il monte de la terre au ciel, et derechef il descend en terre, et il re\u00e7oit la force des choses sup\u00e9rieures et inf\u00e9rieures.\",\"breadcrumb\":{\"@id\":\"https:\/\/www.ac-am.fr\/index.php\/la-table-demeraude\/#breadcrumb\"},\"inLanguage\":\"fr-FR\",\"potentialAction\":[{\"@type\":\"ReadAction\",\"target\":[\"https:\/\/www.ac-am.fr\/index.php\/la-table-demeraude\/\"]}]},{\"@type\":\"ImageObject\",\"inLanguage\":\"fr-FR\",\"@id\":\"https:\/\/www.ac-am.fr\/index.php\/la-table-demeraude\/#primaryimage\",\"url\":\"https:\/\/www.ac-am.fr\/wp-content\/uploads\/2015\/10\/pegase.gif\",\"contentUrl\":\"https:\/\/www.ac-am.fr\/wp-content\/uploads\/2015\/10\/pegase.gif\",\"width\":150,\"height\":224,\"caption\":\"P\u00e9gase de la petite salle des \u00e9crits\"},{\"@type\":\"BreadcrumbList\",\"@id\":\"https:\/\/www.ac-am.fr\/index.php\/la-table-demeraude\/#breadcrumb\",\"itemListElement\":[{\"@type\":\"ListItem\",\"position\":1,\"name\":\"Accueil\",\"item\":\"https:\/\/www.ac-am.fr\/\"},{\"@type\":\"ListItem\",\"position\":2,\"name\":\"La table d&rsquo;\u00c9meraude\"}]},{\"@type\":\"WebSite\",\"@id\":\"https:\/\/www.ac-am.fr\/#website\",\"url\":\"https:\/\/www.ac-am.fr\/\",\"name\":\"Autre Conscience, Autre Monde\",\"description\":\"\",\"publisher\":{\"@id\":\"https:\/\/www.ac-am.fr\/#organization\"},\"potentialAction\":[{\"@type\":\"SearchAction\",\"target\":{\"@type\":\"EntryPoint\",\"urlTemplate\":\"https:\/\/www.ac-am.fr\/?s={search_term_string}\"},\"query-input\":{\"@type\":\"PropertyValueSpecification\",\"valueRequired\":true,\"valueName\":\"search_term_string\"}}],\"inLanguage\":\"fr-FR\"},{\"@type\":\"Organization\",\"@id\":\"https:\/\/www.ac-am.fr\/#organization\",\"name\":\"Autre Conscience, Autre Monde\",\"url\":\"https:\/\/www.ac-am.fr\/\",\"logo\":{\"@type\":\"ImageObject\",\"inLanguage\":\"fr-FR\",\"@id\":\"https:\/\/www.ac-am.fr\/#\/schema\/logo\/image\/\",\"url\":\"https:\/\/www.ac-am.fr\/wp-content\/uploads\/2015\/10\/bd_ac_am.gif\",\"contentUrl\":\"https:\/\/www.ac-am.fr\/wp-content\/uploads\/2015\/10\/bd_ac_am.gif\",\"width\":370,\"height\":65,\"caption\":\"Autre Conscience, Autre Monde\"},\"image\":{\"@id\":\"https:\/\/www.ac-am.fr\/#\/schema\/logo\/image\/\"},\"sameAs\":[\"https:\/\/fr-fr.facebook.com\/claude.acam\/\",\"https:\/\/www.youtube.com\/user\/consciencemonde\"]}]}<\/script>\n<!-- \/ Yoast SEO plugin. -->","yoast_head_json":{"title":"La table d'\u00c9meraude - Autre Conscience, Autre Monde","description":"Il monte de la terre au ciel, et derechef il descend en terre, et il re\u00e7oit la force des choses sup\u00e9rieures et inf\u00e9rieures.","robots":{"index":"index","follow":"follow","max-snippet":"max-snippet:-1","max-image-preview":"max-image-preview:large","max-video-preview":"max-video-preview:-1"},"canonical":"https:\/\/www.ac-am.fr\/index.php\/la-table-demeraude\/","og_locale":"fr_FR","og_type":"article","og_title":"La table d'\u00c9meraude - Autre Conscience, Autre Monde","og_description":"Il monte de la terre au ciel, et derechef il descend en terre, et il re\u00e7oit la force des choses sup\u00e9rieures et inf\u00e9rieures.","og_url":"https:\/\/www.ac-am.fr\/index.php\/la-table-demeraude\/","og_site_name":"Autre Conscience, Autre Monde","article_publisher":"https:\/\/fr-fr.facebook.com\/claude.acam\/","article_modified_time":"2025-07-24T09:56:35+00:00","og_image":[{"width":150,"height":224,"url":"https:\/\/www.ac-am.fr\/wp-content\/uploads\/2015\/10\/pegase.gif","type":"image\/gif"}],"twitter_card":"summary_large_image","twitter_misc":{"Dur\u00e9e de lecture estim\u00e9e":"3 minutes"},"schema":{"@context":"https:\/\/schema.org","@graph":[{"@type":"WebPage","@id":"https:\/\/www.ac-am.fr\/index.php\/la-table-demeraude\/","url":"https:\/\/www.ac-am.fr\/index.php\/la-table-demeraude\/","name":"La table d'\u00c9meraude - Autre Conscience, Autre Monde","isPartOf":{"@id":"https:\/\/www.ac-am.fr\/#website"},"primaryImageOfPage":{"@id":"https:\/\/www.ac-am.fr\/index.php\/la-table-demeraude\/#primaryimage"},"image":{"@id":"https:\/\/www.ac-am.fr\/index.php\/la-table-demeraude\/#primaryimage"},"thumbnailUrl":"https:\/\/www.ac-am.fr\/wp-content\/uploads\/2015\/10\/pegase.gif","datePublished":"2018-09-23T11:12:00+00:00","dateModified":"2025-07-24T09:56:35+00:00","description":"Il monte de la terre au ciel, et derechef il descend en terre, et il re\u00e7oit la force des choses sup\u00e9rieures et inf\u00e9rieures.","breadcrumb":{"@id":"https:\/\/www.ac-am.fr\/index.php\/la-table-demeraude\/#breadcrumb"},"inLanguage":"fr-FR","potentialAction":[{"@type":"ReadAction","target":["https:\/\/www.ac-am.fr\/index.php\/la-table-demeraude\/"]}]},{"@type":"ImageObject","inLanguage":"fr-FR","@id":"https:\/\/www.ac-am.fr\/index.php\/la-table-demeraude\/#primaryimage","url":"https:\/\/www.ac-am.fr\/wp-content\/uploads\/2015\/10\/pegase.gif","contentUrl":"https:\/\/www.ac-am.fr\/wp-content\/uploads\/2015\/10\/pegase.gif","width":150,"height":224,"caption":"P\u00e9gase de la petite salle des \u00e9crits"},{"@type":"BreadcrumbList","@id":"https:\/\/www.ac-am.fr\/index.php\/la-table-demeraude\/#breadcrumb","itemListElement":[{"@type":"ListItem","position":1,"name":"Accueil","item":"https:\/\/www.ac-am.fr\/"},{"@type":"ListItem","position":2,"name":"La table d&rsquo;\u00c9meraude"}]},{"@type":"WebSite","@id":"https:\/\/www.ac-am.fr\/#website","url":"https:\/\/www.ac-am.fr\/","name":"Autre Conscience, Autre Monde","description":"","publisher":{"@id":"https:\/\/www.ac-am.fr\/#organization"},"potentialAction":[{"@type":"SearchAction","target":{"@type":"EntryPoint","urlTemplate":"https:\/\/www.ac-am.fr\/?s={search_term_string}"},"query-input":{"@type":"PropertyValueSpecification","valueRequired":true,"valueName":"search_term_string"}}],"inLanguage":"fr-FR"},{"@type":"Organization","@id":"https:\/\/www.ac-am.fr\/#organization","name":"Autre Conscience, Autre Monde","url":"https:\/\/www.ac-am.fr\/","logo":{"@type":"ImageObject","inLanguage":"fr-FR","@id":"https:\/\/www.ac-am.fr\/#\/schema\/logo\/image\/","url":"https:\/\/www.ac-am.fr\/wp-content\/uploads\/2015\/10\/bd_ac_am.gif","contentUrl":"https:\/\/www.ac-am.fr\/wp-content\/uploads\/2015\/10\/bd_ac_am.gif","width":370,"height":65,"caption":"Autre Conscience, Autre Monde"},"image":{"@id":"https:\/\/www.ac-am.fr\/#\/schema\/logo\/image\/"},"sameAs":["https:\/\/fr-fr.facebook.com\/claude.acam\/","https:\/\/www.youtube.com\/user\/consciencemonde"]}]}},"_links":{"self":[{"href":"https:\/\/www.ac-am.fr\/index.php\/wp-json\/wp\/v2\/pages\/4261","targetHints":{"allow":["GET"]}}],"collection":[{"href":"https:\/\/www.ac-am.fr\/index.php\/wp-json\/wp\/v2\/pages"}],"about":[{"href":"https:\/\/www.ac-am.fr\/index.php\/wp-json\/wp\/v2\/types\/page"}],"author":[{"embeddable":true,"href":"https:\/\/www.ac-am.fr\/index.php\/wp-json\/wp\/v2\/users\/3"}],"replies":[{"embeddable":true,"href":"https:\/\/www.ac-am.fr\/index.php\/wp-json\/wp\/v2\/comments?post=4261"}],"version-history":[{"count":8,"href":"https:\/\/www.ac-am.fr\/index.php\/wp-json\/wp\/v2\/pages\/4261\/revisions"}],"predecessor-version":[{"id":4916,"href":"https:\/\/www.ac-am.fr\/index.php\/wp-json\/wp\/v2\/pages\/4261\/revisions\/4916"}],"wp:attachment":[{"href":"https:\/\/www.ac-am.fr\/index.php\/wp-json\/wp\/v2\/media?parent=4261"}],"curies":[{"name":"wp","href":"https:\/\/api.w.org\/{rel}","templated":true}]}}