{"id":446,"date":"2015-10-02T16:38:56","date_gmt":"2015-10-02T15:38:56","guid":{"rendered":"https:\/\/www.ac-am.fr\/?page_id=446"},"modified":"2025-07-24T10:53:26","modified_gmt":"2025-07-24T09:53:26","slug":"anonymus","status":"publish","type":"page","link":"https:\/\/www.ac-am.fr\/index.php\/anonymus\/","title":{"rendered":"Anonymus"},"content":{"rendered":"<div style=\"background-image: url('\/wp-content\/uploads\/2015\/10\/fond_ecr.jpg'); background-attachment: fixed; border: 2px solid #000000; border-radius: 20px; opacity: 0.90;\">\n\n\n<div class=\"wp-block-group is-content-justification-center is-nowrap is-layout-flex wp-container-core-group-is-layout-23441af8 wp-block-group-is-layout-flex\">\n<h2 class=\"wp-block-heading has-white-color has-text-color has-link-color wp-elements-a8c093e3c2445cefbeb07f44dd35a224\"><a name=\"Jupiter\"><\/a>LES AM\u00c9RICAINS ONT-ILS<br>TEST\u00c9 DES BOMBES<br>D&rsquo;ANTIMATI\u00c8RE SUR<br>JUPITER ?<\/h2>\n\n\n\n<figure class=\"wp-block-image size-full is-resized\"><a href=\"https:\/\/www.ac-am.fr\/wp-content\/uploads\/2015\/10\/pegase.gif\"><img loading=\"lazy\" decoding=\"async\" width=\"150\" height=\"224\" src=\"https:\/\/www.ac-am.fr\/wp-content\/uploads\/2015\/10\/pegase.gif\" alt=\"P\u00e9gase de la petite salle des \u00e9crits\" class=\"wp-image-339\" style=\"width:150px;height:auto\"\/><\/a><\/figure>\n<\/div>\n\n\n\n<figure class=\"wp-block-image aligncenter is-resized\"><img decoding=\"async\" src=\"https:\/\/www.ac-am.fr\/wp-content\/uploads\/2015\/09\/barrebis.jpg\" alt=\"Double barre argent\u00e9e\" style=\"width:550px\"\/><\/figure>\n\n\n\n<h3 class=\"wp-block-heading has-text-align-center has-white-color has-text-color has-link-color wp-elements-917f403a994f8c2f5378becb4da95861\">Divers \u00c9crits &#8211; 1999<\/h3>\n\n\n\n<figure class=\"wp-block-image aligncenter\"><img decoding=\"async\" src=\"https:\/\/www.ac-am.fr\/wp-content\/uploads\/2015\/09\/barrebis.jpg\" alt=\"Double barre argent\u00e9e\"\/><\/figure>\n\n\n\n<p class=\"has-luminous-vivid-amber-color has-text-color has-link-color wp-elements-7d81d6faacc0e72011fc6c970c53c24b\"><strong><u>R\u00e9sum\u00e9<\/u> :<\/strong> Le 28 janvier 1997, un texte anonyme anglo-fran\u00e7ais comportant des \u00e9l\u00e9ments de lettre ummite \u00e9tait post\u00e9 dans l&rsquo;indiff\u00e9rence g\u00e9n\u00e9rale sur le forum sci.astro.Il y \u00e9tait affirm\u00e9 que la com\u00e8te Shoemaker-Levy 9 qui s&rsquo;\u00e9tait abattue sur Jupiter en juillet 1994 \u00e9tait en fait une s\u00e9rie de bombes d&rsquo;antimati\u00e8re lanc\u00e9e par les am\u00e9ricains.<\/p>\n\n\n\n<p class=\"has-luminous-vivid-amber-color has-text-color has-link-color wp-elements-4dc4b6d3f8ef2d493e4a3ddc8fe8cfe0\">Le 24 avril 1998, suite \u00e0 une discussion sur les armes \u00e0 antimati\u00e8re sur le forum fr.sci.astronomie le jour pr\u00e9c\u00e9dent, Christophe re\u00e7u ce m\u00eame texte directement dans sa BAL. Il reposta le 28 la version fran\u00e7aise sur fr.sci.astronomie, fr.sci.divers et francom.ovni apr\u00e8s l&rsquo;accord de la source anonyme.<\/p>\n\n\n\n<div class=\"wp-block-group is-nowrap is-layout-flex wp-container-core-group-is-layout-6c531013 wp-block-group-is-layout-flex\">\n<h2 class=\"wp-block-heading\">&nbsp;<\/h2>\n\n\n\n<figure class=\"wp-block-image size-full\"><a href=\"https:\/\/www.ac-am.fr\/wp-content\/uploads\/2015\/11\/fleche.gif\"><img loading=\"lazy\" decoding=\"async\" width=\"7\" height=\"11\" src=\"https:\/\/www.ac-am.fr\/wp-content\/uploads\/2015\/11\/fleche.gif\" alt=\"Fl\u00e8che fixe\" class=\"wp-image-1630\"\/><\/a><\/figure>\n\n\n\n<p class=\"has-white-color has-text-color has-link-color wp-elements-00dd0c756f8c43bde648b02202264ea7\"><em><a href=\"https:\/\/www.ac-am.fr\/wp-content\/pdf\/jupiter.pdf\" target=\"_blank\" rel=\"noreferrer noopener\">jupiter.pdf (82Ko)<\/a><\/em><\/p>\n\n\n\n<figure class=\"wp-block-image size-full\"><a href=\"https:\/\/www.ac-am.fr\/wp-content\/uploads\/2015\/10\/Adobe_PDF_file_icon_32x32.png\"><img loading=\"lazy\" decoding=\"async\" width=\"32\" height=\"32\" src=\"https:\/\/www.ac-am.fr\/wp-content\/uploads\/2015\/10\/Adobe_PDF_file_icon_32x32.png\" alt=\"Ic\u00f4ne adobe PDF 32x32\" class=\"wp-image-417\"\/><\/a><\/figure>\n<\/div>\n\n\n\n<ul class=\"wp-block-list\">\n<li class=\"has-text-color has-link-color wp-elements-ad4ff1c2cd9db5a4481bdb69ccb09f0d\" style=\"color:#ecec18\">Cliquez sur<strong> \u00ab\u00a0jupiter.pdf\u00a0\u00bb.<\/strong> Vous pourrez ainsi lire son contenu.<\/li>\n<\/ul>\n\n\n\n<figure class=\"wp-block-image aligncenter\"><img decoding=\"async\" src=\"https:\/\/www.ac-am.fr\/wp-content\/uploads\/2015\/09\/barrebis.jpg\" alt=\"Double barre argent\u00e9e\"\/><\/figure>\n\n\n<\/div><div style=\"padding-bottom:20px; padding-top:10px;\" class=\"hupso-share-buttons\"><!-- Hupso Share Buttons - https:\/\/www.hupso.com\/share\/ --><a class=\"hupso_toolbar\" href=\"https:\/\/www.hupso.com\/share\/\"><img decoding=\"async\" src=\"https:\/\/static.hupso.com\/share\/buttons\/lang\/fr\/share.png\" style=\"border:0px; padding-top: 5px; float:left;\" alt=\"Share Button\"\/><\/a><script type=\"text\/javascript\">var hupso_services_t=new Array(\"Twitter\",\"Facebook\",\"Google Plus\");var hupso_background_t=\"#EAF4FF\";var hupso_border_t=\"#66CCFF\";var hupso_toolbar_size_t=\"big\";var hupso_image_folder_url = \"\";var hupso_url_t=\"\";var hupso_title_t=\"Anonymus\";<\/script><script type=\"text\/javascript\" src=\"https:\/\/static.hupso.com\/share\/js\/share_toolbar.js\"><\/script><!-- Hupso Share Buttons --><\/div>","protected":false},"excerpt":{"rendered":"<p>LES AM\u00c9RICAINS ONT-ILSTEST\u00c9 DES BOMBESD&rsquo;ANTIMATI\u00c8RE SURJUPITER ? Divers \u00c9crits &#8211; 1999 R\u00e9sum\u00e9 : Le 28&#8230;<\/p>\n","protected":false},"author":1,"featured_media":0,"parent":0,"menu_order":0,"comment_status":"closed","ping_status":"closed","template":"","meta":{"footnotes":""},"class_list":["post-446","page","type-page","status-publish","hentry"],"yoast_head":"<!-- This site is optimized with the Yoast SEO plugin v26.9 - https:\/\/yoast.com\/product\/yoast-seo-wordpress\/ -->\n<title>Anonymus - Autre Conscience, Autre Monde<\/title>\n<meta name=\"robots\" content=\"index, follow, max-snippet:-1, max-image-preview:large, max-video-preview:-1\" \/>\n<link rel=\"canonical\" href=\"https:\/\/www.ac-am.fr\/index.php\/anonymus\/\" \/>\n<meta property=\"og:locale\" content=\"fr_FR\" \/>\n<meta property=\"og:type\" content=\"article\" \/>\n<meta property=\"og:title\" content=\"Anonymus - Autre Conscience, Autre Monde\" \/>\n<meta property=\"og:description\" content=\"LES AM\u00c9RICAINS ONT-ILSTEST\u00c9 DES BOMBESD&rsquo;ANTIMATI\u00c8RE SURJUPITER ? Divers \u00c9crits &#8211; 1999 R\u00e9sum\u00e9 : Le 28...\" \/>\n<meta property=\"og:url\" content=\"https:\/\/www.ac-am.fr\/index.php\/anonymus\/\" \/>\n<meta property=\"og:site_name\" content=\"Autre Conscience, Autre Monde\" \/>\n<meta property=\"article:publisher\" content=\"https:\/\/fr-fr.facebook.com\/claude.acam\/\" \/>\n<meta property=\"article:modified_time\" content=\"2025-07-24T09:53:26+00:00\" \/>\n<meta property=\"og:image\" content=\"https:\/\/www.ac-am.fr\/wp-content\/uploads\/2015\/10\/pegase.gif\" \/>\n\t<meta property=\"og:image:width\" content=\"150\" \/>\n\t<meta property=\"og:image:height\" content=\"224\" \/>\n\t<meta property=\"og:image:type\" content=\"image\/gif\" \/>\n<meta name=\"twitter:card\" content=\"summary_large_image\" \/>\n<meta name=\"twitter:label1\" content=\"Dur\u00e9e de lecture estim\u00e9e\" \/>\n\t<meta name=\"twitter:data1\" content=\"2 minutes\" \/>\n<script type=\"application\/ld+json\" class=\"yoast-schema-graph\">{\"@context\":\"https:\/\/schema.org\",\"@graph\":[{\"@type\":\"WebPage\",\"@id\":\"https:\/\/www.ac-am.fr\/index.php\/anonymus\/\",\"url\":\"https:\/\/www.ac-am.fr\/index.php\/anonymus\/\",\"name\":\"Anonymus - Autre Conscience, Autre Monde\",\"isPartOf\":{\"@id\":\"https:\/\/www.ac-am.fr\/#website\"},\"primaryImageOfPage\":{\"@id\":\"https:\/\/www.ac-am.fr\/index.php\/anonymus\/#primaryimage\"},\"image\":{\"@id\":\"https:\/\/www.ac-am.fr\/index.php\/anonymus\/#primaryimage\"},\"thumbnailUrl\":\"https:\/\/www.ac-am.fr\/wp-content\/uploads\/2015\/10\/pegase.gif\",\"datePublished\":\"2015-10-02T15:38:56+00:00\",\"dateModified\":\"2025-07-24T09:53:26+00:00\",\"breadcrumb\":{\"@id\":\"https:\/\/www.ac-am.fr\/index.php\/anonymus\/#breadcrumb\"},\"inLanguage\":\"fr-FR\",\"potentialAction\":[{\"@type\":\"ReadAction\",\"target\":[\"https:\/\/www.ac-am.fr\/index.php\/anonymus\/\"]}]},{\"@type\":\"ImageObject\",\"inLanguage\":\"fr-FR\",\"@id\":\"https:\/\/www.ac-am.fr\/index.php\/anonymus\/#primaryimage\",\"url\":\"https:\/\/www.ac-am.fr\/wp-content\/uploads\/2015\/10\/pegase.gif\",\"contentUrl\":\"https:\/\/www.ac-am.fr\/wp-content\/uploads\/2015\/10\/pegase.gif\",\"width\":150,\"height\":224,\"caption\":\"P\u00e9gase de la petite salle des \u00e9crits\"},{\"@type\":\"BreadcrumbList\",\"@id\":\"https:\/\/www.ac-am.fr\/index.php\/anonymus\/#breadcrumb\",\"itemListElement\":[{\"@type\":\"ListItem\",\"position\":1,\"name\":\"Accueil\",\"item\":\"https:\/\/www.ac-am.fr\/\"},{\"@type\":\"ListItem\",\"position\":2,\"name\":\"Anonymus\"}]},{\"@type\":\"WebSite\",\"@id\":\"https:\/\/www.ac-am.fr\/#website\",\"url\":\"https:\/\/www.ac-am.fr\/\",\"name\":\"Autre Conscience, Autre Monde\",\"description\":\"\",\"publisher\":{\"@id\":\"https:\/\/www.ac-am.fr\/#organization\"},\"potentialAction\":[{\"@type\":\"SearchAction\",\"target\":{\"@type\":\"EntryPoint\",\"urlTemplate\":\"https:\/\/www.ac-am.fr\/?s={search_term_string}\"},\"query-input\":{\"@type\":\"PropertyValueSpecification\",\"valueRequired\":true,\"valueName\":\"search_term_string\"}}],\"inLanguage\":\"fr-FR\"},{\"@type\":\"Organization\",\"@id\":\"https:\/\/www.ac-am.fr\/#organization\",\"name\":\"Autre Conscience, Autre Monde\",\"url\":\"https:\/\/www.ac-am.fr\/\",\"logo\":{\"@type\":\"ImageObject\",\"inLanguage\":\"fr-FR\",\"@id\":\"https:\/\/www.ac-am.fr\/#\/schema\/logo\/image\/\",\"url\":\"https:\/\/www.ac-am.fr\/wp-content\/uploads\/2015\/10\/bd_ac_am.gif\",\"contentUrl\":\"https:\/\/www.ac-am.fr\/wp-content\/uploads\/2015\/10\/bd_ac_am.gif\",\"width\":370,\"height\":65,\"caption\":\"Autre Conscience, Autre Monde\"},\"image\":{\"@id\":\"https:\/\/www.ac-am.fr\/#\/schema\/logo\/image\/\"},\"sameAs\":[\"https:\/\/fr-fr.facebook.com\/claude.acam\/\",\"https:\/\/www.youtube.com\/user\/consciencemonde\"]}]}<\/script>\n<!-- \/ Yoast SEO plugin. -->","yoast_head_json":{"title":"Anonymus - Autre Conscience, Autre Monde","robots":{"index":"index","follow":"follow","max-snippet":"max-snippet:-1","max-image-preview":"max-image-preview:large","max-video-preview":"max-video-preview:-1"},"canonical":"https:\/\/www.ac-am.fr\/index.php\/anonymus\/","og_locale":"fr_FR","og_type":"article","og_title":"Anonymus - Autre Conscience, Autre Monde","og_description":"LES AM\u00c9RICAINS ONT-ILSTEST\u00c9 DES BOMBESD&rsquo;ANTIMATI\u00c8RE SURJUPITER ? Divers \u00c9crits &#8211; 1999 R\u00e9sum\u00e9 : Le 28...","og_url":"https:\/\/www.ac-am.fr\/index.php\/anonymus\/","og_site_name":"Autre Conscience, Autre Monde","article_publisher":"https:\/\/fr-fr.facebook.com\/claude.acam\/","article_modified_time":"2025-07-24T09:53:26+00:00","og_image":[{"width":150,"height":224,"url":"https:\/\/www.ac-am.fr\/wp-content\/uploads\/2015\/10\/pegase.gif","type":"image\/gif"}],"twitter_card":"summary_large_image","twitter_misc":{"Dur\u00e9e de lecture estim\u00e9e":"2 minutes"},"schema":{"@context":"https:\/\/schema.org","@graph":[{"@type":"WebPage","@id":"https:\/\/www.ac-am.fr\/index.php\/anonymus\/","url":"https:\/\/www.ac-am.fr\/index.php\/anonymus\/","name":"Anonymus - Autre Conscience, Autre Monde","isPartOf":{"@id":"https:\/\/www.ac-am.fr\/#website"},"primaryImageOfPage":{"@id":"https:\/\/www.ac-am.fr\/index.php\/anonymus\/#primaryimage"},"image":{"@id":"https:\/\/www.ac-am.fr\/index.php\/anonymus\/#primaryimage"},"thumbnailUrl":"https:\/\/www.ac-am.fr\/wp-content\/uploads\/2015\/10\/pegase.gif","datePublished":"2015-10-02T15:38:56+00:00","dateModified":"2025-07-24T09:53:26+00:00","breadcrumb":{"@id":"https:\/\/www.ac-am.fr\/index.php\/anonymus\/#breadcrumb"},"inLanguage":"fr-FR","potentialAction":[{"@type":"ReadAction","target":["https:\/\/www.ac-am.fr\/index.php\/anonymus\/"]}]},{"@type":"ImageObject","inLanguage":"fr-FR","@id":"https:\/\/www.ac-am.fr\/index.php\/anonymus\/#primaryimage","url":"https:\/\/www.ac-am.fr\/wp-content\/uploads\/2015\/10\/pegase.gif","contentUrl":"https:\/\/www.ac-am.fr\/wp-content\/uploads\/2015\/10\/pegase.gif","width":150,"height":224,"caption":"P\u00e9gase de la petite salle des \u00e9crits"},{"@type":"BreadcrumbList","@id":"https:\/\/www.ac-am.fr\/index.php\/anonymus\/#breadcrumb","itemListElement":[{"@type":"ListItem","position":1,"name":"Accueil","item":"https:\/\/www.ac-am.fr\/"},{"@type":"ListItem","position":2,"name":"Anonymus"}]},{"@type":"WebSite","@id":"https:\/\/www.ac-am.fr\/#website","url":"https:\/\/www.ac-am.fr\/","name":"Autre Conscience, Autre Monde","description":"","publisher":{"@id":"https:\/\/www.ac-am.fr\/#organization"},"potentialAction":[{"@type":"SearchAction","target":{"@type":"EntryPoint","urlTemplate":"https:\/\/www.ac-am.fr\/?s={search_term_string}"},"query-input":{"@type":"PropertyValueSpecification","valueRequired":true,"valueName":"search_term_string"}}],"inLanguage":"fr-FR"},{"@type":"Organization","@id":"https:\/\/www.ac-am.fr\/#organization","name":"Autre Conscience, Autre Monde","url":"https:\/\/www.ac-am.fr\/","logo":{"@type":"ImageObject","inLanguage":"fr-FR","@id":"https:\/\/www.ac-am.fr\/#\/schema\/logo\/image\/","url":"https:\/\/www.ac-am.fr\/wp-content\/uploads\/2015\/10\/bd_ac_am.gif","contentUrl":"https:\/\/www.ac-am.fr\/wp-content\/uploads\/2015\/10\/bd_ac_am.gif","width":370,"height":65,"caption":"Autre Conscience, Autre Monde"},"image":{"@id":"https:\/\/www.ac-am.fr\/#\/schema\/logo\/image\/"},"sameAs":["https:\/\/fr-fr.facebook.com\/claude.acam\/","https:\/\/www.youtube.com\/user\/consciencemonde"]}]}},"_links":{"self":[{"href":"https:\/\/www.ac-am.fr\/index.php\/wp-json\/wp\/v2\/pages\/446","targetHints":{"allow":["GET"]}}],"collection":[{"href":"https:\/\/www.ac-am.fr\/index.php\/wp-json\/wp\/v2\/pages"}],"about":[{"href":"https:\/\/www.ac-am.fr\/index.php\/wp-json\/wp\/v2\/types\/page"}],"author":[{"embeddable":true,"href":"https:\/\/www.ac-am.fr\/index.php\/wp-json\/wp\/v2\/users\/1"}],"replies":[{"embeddable":true,"href":"https:\/\/www.ac-am.fr\/index.php\/wp-json\/wp\/v2\/comments?post=446"}],"version-history":[{"count":11,"href":"https:\/\/www.ac-am.fr\/index.php\/wp-json\/wp\/v2\/pages\/446\/revisions"}],"predecessor-version":[{"id":4914,"href":"https:\/\/www.ac-am.fr\/index.php\/wp-json\/wp\/v2\/pages\/446\/revisions\/4914"}],"wp:attachment":[{"href":"https:\/\/www.ac-am.fr\/index.php\/wp-json\/wp\/v2\/media?parent=446"}],"curies":[{"name":"wp","href":"https:\/\/api.w.org\/{rel}","templated":true}]}}