{"id":451,"date":"2015-10-03T07:40:49","date_gmt":"2015-10-03T06:40:49","guid":{"rendered":"https:\/\/www.ac-am.fr\/?page_id=451"},"modified":"2025-07-08T22:48:07","modified_gmt":"2025-07-08T21:48:07","slug":"une-vraie-une-fausse-petite-histoire-ou","status":"publish","type":"page","link":"https:\/\/www.ac-am.fr\/index.php\/une-vraie-une-fausse-petite-histoire-ou\/","title":{"rendered":"Une vraie, une fausse petite Histoire ou \u2026"},"content":{"rendered":"<div style=\"background-image: url(\/wp-content\/uploads\/2015\/10\/fond_his.jpg); background-attachment: fixed; border: 2px solid #000000; border-radius: 20px; opacity: 0.90;\">\n\n\n<figure class=\"wp-block-image aligncenter is-resized\"><img decoding=\"async\" src=\"https:\/\/www.ac-am.fr\/wp-content\/uploads\/2015\/10\/barre.gif\" alt=\"Barre en creux\" style=\"width:550px\"\/><\/figure>\n\n\n\n<figure class=\"wp-block-image aligncenter\"><img decoding=\"async\" src=\"https:\/\/www.ac-am.fr\/wp-content\/uploads\/2015\/10\/tit_hist.gif\" alt=\"Titre Une vraie, une fausse petite Histoire ou \u2026\"\/><\/figure>\n\n\n\n<figure class=\"wp-block-image aligncenter\"><img decoding=\"async\" src=\"https:\/\/www.ac-am.fr\/wp-content\/uploads\/2015\/10\/barre.gif\" alt=\"Barre en creux\"\/><\/figure>\n\n\n\n<div class=\"wp-block-group is-content-justification-center is-nowrap is-layout-flex wp-container-core-group-is-layout-23441af8 wp-block-group-is-layout-flex\">\n<figure class=\"wp-block-image size-full\"><a href=\"https:\/\/www.ac-am.fr\/wp-content\/uploads\/2015\/09\/maj1.gif\"><img loading=\"lazy\" decoding=\"async\" width=\"107\" height=\"65\" src=\"https:\/\/www.ac-am.fr\/wp-content\/uploads\/2015\/09\/maj1.gif\" alt=\"maj accueil\" class=\"wp-image-140\"\/><\/a><\/figure>\n\n\n\n<p class=\"has-vivid-cyan-blue-color has-text-color has-link-color wp-elements-2bf407fee5e54120de94804e1064202d\">[Mise \u00e0 jour le 08\/07\/2025]<\/p>\n\n\n\n<figure class=\"wp-block-image size-full\"><a href=\"https:\/\/www.ac-am.fr\/wp-content\/uploads\/2015\/09\/symbole2.gif\"><img loading=\"lazy\" decoding=\"async\" width=\"100\" height=\"132\" src=\"https:\/\/www.ac-am.fr\/wp-content\/uploads\/2015\/09\/symbole2.gif\" alt=\"symbole homme femme cr\u00e9ation extraterrestre\" class=\"wp-image-176\"\/><\/a><\/figure>\n<\/div>\n\n\n\n<figure class=\"wp-block-image aligncenter\"><img decoding=\"async\" src=\"https:\/\/www.ac-am.fr\/wp-content\/uploads\/2015\/10\/barre.gif\" alt=\"Barre en creux\"\/><\/figure>\n\n\n\n<p><span class=\"nnormal\"><img decoding=\"async\" src=\"https:\/\/www.ac-am.fr\/wp-content\/uploads\/2015\/09\/ball01.gif\" alt=\"\" align=\"left\" border=\"0\" hspace=\"5\"><span style=\"color: #000000;\">Ces Petites Histoires sont vraies ou sont fausses&#8230; peu importe&#8230; Si l&rsquo;on y trouve un semblant de v\u00e9rit\u00e9 et un \u00e9cho au fond de soi, c&rsquo;est qu&rsquo;il y a une part de r\u00e9alit\u00e9&#8230;<\/span><\/span><\/p>\n\n\n\n<figure class=\"wp-block-image aligncenter\"><img decoding=\"async\" src=\"https:\/\/www.ac-am.fr\/wp-content\/uploads\/2015\/10\/barre.gif\" alt=\"Barre en creux\"\/><\/figure>\n\n\n\n<p class=\"has-text-align-center has-black-color has-text-color has-link-color wp-elements-59c0ab1e6c508f0e793ffb395541863d\"><span class=\"nnormal\"><a href=\"https:\/\/www.ac-am.fr\/index.php\/contact-acam\/\" target=\"_self\"><img decoding=\"async\" src=\"https:\/\/www.ac-am.fr\/wp-content\/uploads\/2015\/09\/email.gif\" alt=\"\" border=\"2\"><\/a> Messages et \u00c9crits&#8230; [\u00c0 vos claviers]<\/span><\/p>\n\n\n\n<p class=\"has-text-align-center\"><a href=\"https:\/\/www.ac-am.fr\/\" target=\"_top\"><img decoding=\"async\" src=\"https:\/\/www.ac-am.fr\/wp-content\/uploads\/2015\/09\/accueil.jpg\" alt=\"\" border=\"0\"><\/a><\/p>\n\n\n\n<figure class=\"wp-block-image aligncenter\"><img decoding=\"async\" src=\"https:\/\/www.ac-am.fr\/wp-content\/uploads\/2015\/10\/barre.gif\" alt=\"Barre en creux\"\/><\/figure>\n\n\n<div style=\"padding-bottom:20px; padding-top:10px;\" class=\"hupso-share-buttons\"><!-- Hupso Share Buttons - https:\/\/www.hupso.com\/share\/ --><a class=\"hupso_toolbar\" href=\"https:\/\/www.hupso.com\/share\/\"><img decoding=\"async\" src=\"https:\/\/static.hupso.com\/share\/buttons\/lang\/fr\/share.png\" style=\"border:0px; padding-top: 5px; float:left;\" alt=\"Share Button\"\/><\/a><script type=\"text\/javascript\">var hupso_services_t=new Array(\"Twitter\",\"Facebook\",\"Google Plus\");var hupso_background_t=\"#EAF4FF\";var hupso_border_t=\"#66CCFF\";var hupso_toolbar_size_t=\"big\";var hupso_image_folder_url = \"\";var hupso_url_t=\"\";var hupso_title_t=\"Une%20vraie%2C%20une%20fausse%20petite%20Histoire%20ou%20%E2%80%A6\";<\/script><script type=\"text\/javascript\" src=\"https:\/\/static.hupso.com\/share\/js\/share_toolbar.js\"><\/script><!-- Hupso Share Buttons --><\/div>","protected":false},"excerpt":{"rendered":"<p>[Mise \u00e0 jour le 08\/07\/2025] Ces Petites Histoires sont vraies ou sont fausses&#8230; peu importe&#8230;&#8230;<\/p>\n","protected":false},"author":1,"featured_media":0,"parent":0,"menu_order":0,"comment_status":"closed","ping_status":"closed","template":"","meta":{"footnotes":""},"class_list":["post-451","page","type-page","status-publish","hentry"],"yoast_head":"<!-- This site is optimized with the Yoast SEO plugin v26.9 - https:\/\/yoast.com\/product\/yoast-seo-wordpress\/ -->\n<title>Une vraie, une fausse petite Histoire ou \u2026 - Autre Conscience, Autre Monde<\/title>\n<meta name=\"description\" content=\"Ces Petites Histoires sont vraies ou sont fausses... peu importe... Si l&#039;on y trouve un semblant de v\u00e9rit\u00e9 et un \u00e9cho au fond de soi...\" \/>\n<meta name=\"robots\" content=\"index, follow, max-snippet:-1, max-image-preview:large, max-video-preview:-1\" \/>\n<link rel=\"canonical\" href=\"https:\/\/www.ac-am.fr\/index.php\/une-vraie-une-fausse-petite-histoire-ou\/\" \/>\n<meta property=\"og:locale\" content=\"fr_FR\" \/>\n<meta property=\"og:type\" content=\"article\" \/>\n<meta property=\"og:title\" content=\"Une vraie, une fausse petite Histoire ou \u2026 - Autre Conscience, Autre Monde\" \/>\n<meta property=\"og:description\" content=\"Ces Petites Histoires sont vraies ou sont fausses... peu importe... Si l&#039;on y trouve un semblant de v\u00e9rit\u00e9 et un \u00e9cho au fond de soi...\" \/>\n<meta property=\"og:url\" content=\"https:\/\/www.ac-am.fr\/index.php\/une-vraie-une-fausse-petite-histoire-ou\/\" \/>\n<meta property=\"og:site_name\" content=\"Autre Conscience, Autre Monde\" \/>\n<meta property=\"article:publisher\" content=\"https:\/\/fr-fr.facebook.com\/claude.acam\/\" \/>\n<meta property=\"article:modified_time\" content=\"2025-07-08T21:48:07+00:00\" \/>\n<meta property=\"og:image\" content=\"https:\/\/www.ac-am.fr\/wp-content\/uploads\/2015\/10\/barre.gif\" \/>\n<meta name=\"twitter:card\" content=\"summary_large_image\" \/>\n<meta name=\"twitter:label1\" content=\"Dur\u00e9e de lecture estim\u00e9e\" \/>\n\t<meta name=\"twitter:data1\" content=\"3 minutes\" \/>\n<script type=\"application\/ld+json\" class=\"yoast-schema-graph\">{\"@context\":\"https:\/\/schema.org\",\"@graph\":[{\"@type\":\"WebPage\",\"@id\":\"https:\/\/www.ac-am.fr\/index.php\/une-vraie-une-fausse-petite-histoire-ou\/\",\"url\":\"https:\/\/www.ac-am.fr\/index.php\/une-vraie-une-fausse-petite-histoire-ou\/\",\"name\":\"Une vraie, une fausse petite Histoire ou \u2026 - Autre Conscience, Autre Monde\",\"isPartOf\":{\"@id\":\"https:\/\/www.ac-am.fr\/#website\"},\"primaryImageOfPage\":{\"@id\":\"https:\/\/www.ac-am.fr\/index.php\/une-vraie-une-fausse-petite-histoire-ou\/#primaryimage\"},\"image\":{\"@id\":\"https:\/\/www.ac-am.fr\/index.php\/une-vraie-une-fausse-petite-histoire-ou\/#primaryimage\"},\"thumbnailUrl\":\"https:\/\/www.ac-am.fr\/wp-content\/uploads\/2015\/10\/barre.gif\",\"datePublished\":\"2015-10-03T06:40:49+00:00\",\"dateModified\":\"2025-07-08T21:48:07+00:00\",\"description\":\"Ces Petites Histoires sont vraies ou sont fausses... peu importe... Si l'on y trouve un semblant de v\u00e9rit\u00e9 et un \u00e9cho au fond de soi...\",\"breadcrumb\":{\"@id\":\"https:\/\/www.ac-am.fr\/index.php\/une-vraie-une-fausse-petite-histoire-ou\/#breadcrumb\"},\"inLanguage\":\"fr-FR\",\"potentialAction\":[{\"@type\":\"ReadAction\",\"target\":[\"https:\/\/www.ac-am.fr\/index.php\/une-vraie-une-fausse-petite-histoire-ou\/\"]}]},{\"@type\":\"ImageObject\",\"inLanguage\":\"fr-FR\",\"@id\":\"https:\/\/www.ac-am.fr\/index.php\/une-vraie-une-fausse-petite-histoire-ou\/#primaryimage\",\"url\":\"https:\/\/www.ac-am.fr\/wp-content\/uploads\/2015\/10\/barre.gif\",\"contentUrl\":\"https:\/\/www.ac-am.fr\/wp-content\/uploads\/2015\/10\/barre.gif\",\"width\":552,\"height\":6},{\"@type\":\"BreadcrumbList\",\"@id\":\"https:\/\/www.ac-am.fr\/index.php\/une-vraie-une-fausse-petite-histoire-ou\/#breadcrumb\",\"itemListElement\":[{\"@type\":\"ListItem\",\"position\":1,\"name\":\"Accueil\",\"item\":\"https:\/\/www.ac-am.fr\/\"},{\"@type\":\"ListItem\",\"position\":2,\"name\":\"Une vraie, une fausse petite Histoire ou \u2026\"}]},{\"@type\":\"WebSite\",\"@id\":\"https:\/\/www.ac-am.fr\/#website\",\"url\":\"https:\/\/www.ac-am.fr\/\",\"name\":\"Autre Conscience, Autre Monde\",\"description\":\"\",\"publisher\":{\"@id\":\"https:\/\/www.ac-am.fr\/#organization\"},\"potentialAction\":[{\"@type\":\"SearchAction\",\"target\":{\"@type\":\"EntryPoint\",\"urlTemplate\":\"https:\/\/www.ac-am.fr\/?s={search_term_string}\"},\"query-input\":{\"@type\":\"PropertyValueSpecification\",\"valueRequired\":true,\"valueName\":\"search_term_string\"}}],\"inLanguage\":\"fr-FR\"},{\"@type\":\"Organization\",\"@id\":\"https:\/\/www.ac-am.fr\/#organization\",\"name\":\"Autre Conscience, Autre Monde\",\"url\":\"https:\/\/www.ac-am.fr\/\",\"logo\":{\"@type\":\"ImageObject\",\"inLanguage\":\"fr-FR\",\"@id\":\"https:\/\/www.ac-am.fr\/#\/schema\/logo\/image\/\",\"url\":\"https:\/\/www.ac-am.fr\/wp-content\/uploads\/2015\/10\/bd_ac_am.gif\",\"contentUrl\":\"https:\/\/www.ac-am.fr\/wp-content\/uploads\/2015\/10\/bd_ac_am.gif\",\"width\":370,\"height\":65,\"caption\":\"Autre Conscience, Autre Monde\"},\"image\":{\"@id\":\"https:\/\/www.ac-am.fr\/#\/schema\/logo\/image\/\"},\"sameAs\":[\"https:\/\/fr-fr.facebook.com\/claude.acam\/\",\"https:\/\/www.youtube.com\/user\/consciencemonde\"]}]}<\/script>\n<!-- \/ Yoast SEO plugin. -->","yoast_head_json":{"title":"Une vraie, une fausse petite Histoire ou \u2026 - Autre Conscience, Autre Monde","description":"Ces Petites Histoires sont vraies ou sont fausses... peu importe... Si l'on y trouve un semblant de v\u00e9rit\u00e9 et un \u00e9cho au fond de soi...","robots":{"index":"index","follow":"follow","max-snippet":"max-snippet:-1","max-image-preview":"max-image-preview:large","max-video-preview":"max-video-preview:-1"},"canonical":"https:\/\/www.ac-am.fr\/index.php\/une-vraie-une-fausse-petite-histoire-ou\/","og_locale":"fr_FR","og_type":"article","og_title":"Une vraie, une fausse petite Histoire ou \u2026 - Autre Conscience, Autre Monde","og_description":"Ces Petites Histoires sont vraies ou sont fausses... peu importe... Si l'on y trouve un semblant de v\u00e9rit\u00e9 et un \u00e9cho au fond de soi...","og_url":"https:\/\/www.ac-am.fr\/index.php\/une-vraie-une-fausse-petite-histoire-ou\/","og_site_name":"Autre Conscience, Autre Monde","article_publisher":"https:\/\/fr-fr.facebook.com\/claude.acam\/","article_modified_time":"2025-07-08T21:48:07+00:00","og_image":[{"url":"https:\/\/www.ac-am.fr\/wp-content\/uploads\/2015\/10\/barre.gif","type":"","width":"","height":""}],"twitter_card":"summary_large_image","twitter_misc":{"Dur\u00e9e de lecture estim\u00e9e":"3 minutes"},"schema":{"@context":"https:\/\/schema.org","@graph":[{"@type":"WebPage","@id":"https:\/\/www.ac-am.fr\/index.php\/une-vraie-une-fausse-petite-histoire-ou\/","url":"https:\/\/www.ac-am.fr\/index.php\/une-vraie-une-fausse-petite-histoire-ou\/","name":"Une vraie, une fausse petite Histoire ou \u2026 - Autre Conscience, Autre Monde","isPartOf":{"@id":"https:\/\/www.ac-am.fr\/#website"},"primaryImageOfPage":{"@id":"https:\/\/www.ac-am.fr\/index.php\/une-vraie-une-fausse-petite-histoire-ou\/#primaryimage"},"image":{"@id":"https:\/\/www.ac-am.fr\/index.php\/une-vraie-une-fausse-petite-histoire-ou\/#primaryimage"},"thumbnailUrl":"https:\/\/www.ac-am.fr\/wp-content\/uploads\/2015\/10\/barre.gif","datePublished":"2015-10-03T06:40:49+00:00","dateModified":"2025-07-08T21:48:07+00:00","description":"Ces Petites Histoires sont vraies ou sont fausses... peu importe... Si l'on y trouve un semblant de v\u00e9rit\u00e9 et un \u00e9cho au fond de soi...","breadcrumb":{"@id":"https:\/\/www.ac-am.fr\/index.php\/une-vraie-une-fausse-petite-histoire-ou\/#breadcrumb"},"inLanguage":"fr-FR","potentialAction":[{"@type":"ReadAction","target":["https:\/\/www.ac-am.fr\/index.php\/une-vraie-une-fausse-petite-histoire-ou\/"]}]},{"@type":"ImageObject","inLanguage":"fr-FR","@id":"https:\/\/www.ac-am.fr\/index.php\/une-vraie-une-fausse-petite-histoire-ou\/#primaryimage","url":"https:\/\/www.ac-am.fr\/wp-content\/uploads\/2015\/10\/barre.gif","contentUrl":"https:\/\/www.ac-am.fr\/wp-content\/uploads\/2015\/10\/barre.gif","width":552,"height":6},{"@type":"BreadcrumbList","@id":"https:\/\/www.ac-am.fr\/index.php\/une-vraie-une-fausse-petite-histoire-ou\/#breadcrumb","itemListElement":[{"@type":"ListItem","position":1,"name":"Accueil","item":"https:\/\/www.ac-am.fr\/"},{"@type":"ListItem","position":2,"name":"Une vraie, une fausse petite Histoire ou \u2026"}]},{"@type":"WebSite","@id":"https:\/\/www.ac-am.fr\/#website","url":"https:\/\/www.ac-am.fr\/","name":"Autre Conscience, Autre Monde","description":"","publisher":{"@id":"https:\/\/www.ac-am.fr\/#organization"},"potentialAction":[{"@type":"SearchAction","target":{"@type":"EntryPoint","urlTemplate":"https:\/\/www.ac-am.fr\/?s={search_term_string}"},"query-input":{"@type":"PropertyValueSpecification","valueRequired":true,"valueName":"search_term_string"}}],"inLanguage":"fr-FR"},{"@type":"Organization","@id":"https:\/\/www.ac-am.fr\/#organization","name":"Autre Conscience, Autre Monde","url":"https:\/\/www.ac-am.fr\/","logo":{"@type":"ImageObject","inLanguage":"fr-FR","@id":"https:\/\/www.ac-am.fr\/#\/schema\/logo\/image\/","url":"https:\/\/www.ac-am.fr\/wp-content\/uploads\/2015\/10\/bd_ac_am.gif","contentUrl":"https:\/\/www.ac-am.fr\/wp-content\/uploads\/2015\/10\/bd_ac_am.gif","width":370,"height":65,"caption":"Autre Conscience, Autre Monde"},"image":{"@id":"https:\/\/www.ac-am.fr\/#\/schema\/logo\/image\/"},"sameAs":["https:\/\/fr-fr.facebook.com\/claude.acam\/","https:\/\/www.youtube.com\/user\/consciencemonde"]}]}},"_links":{"self":[{"href":"https:\/\/www.ac-am.fr\/index.php\/wp-json\/wp\/v2\/pages\/451","targetHints":{"allow":["GET"]}}],"collection":[{"href":"https:\/\/www.ac-am.fr\/index.php\/wp-json\/wp\/v2\/pages"}],"about":[{"href":"https:\/\/www.ac-am.fr\/index.php\/wp-json\/wp\/v2\/types\/page"}],"author":[{"embeddable":true,"href":"https:\/\/www.ac-am.fr\/index.php\/wp-json\/wp\/v2\/users\/1"}],"replies":[{"embeddable":true,"href":"https:\/\/www.ac-am.fr\/index.php\/wp-json\/wp\/v2\/comments?post=451"}],"version-history":[{"count":18,"href":"https:\/\/www.ac-am.fr\/index.php\/wp-json\/wp\/v2\/pages\/451\/revisions"}],"predecessor-version":[{"id":4722,"href":"https:\/\/www.ac-am.fr\/index.php\/wp-json\/wp\/v2\/pages\/451\/revisions\/4722"}],"wp:attachment":[{"href":"https:\/\/www.ac-am.fr\/index.php\/wp-json\/wp\/v2\/media?parent=451"}],"curies":[{"name":"wp","href":"https:\/\/api.w.org\/{rel}","templated":true}]}}