{"id":461,"date":"2015-10-03T10:18:32","date_gmt":"2015-10-03T09:18:32","guid":{"rendered":"https:\/\/www.ac-am.fr\/?page_id=461"},"modified":"2025-07-08T23:04:56","modified_gmt":"2025-07-08T22:04:56","slug":"une-petite-salle-video","status":"publish","type":"page","link":"https:\/\/www.ac-am.fr\/index.php\/une-petite-salle-video\/","title":{"rendered":"Une petite salle vid\u00e9o&#8230;"},"content":{"rendered":"<div style=\"background-image: url(\/wp-content\/uploads\/2015\/10\/fd_bahau.gif); background-attachment: fixed; border: 2px solid #000000; border-radius: 20px; opacity: 0.90;\">\n\n\n<figure class=\"wp-block-image aligncenter is-resized\"><img decoding=\"async\" src=\"https:\/\/www.ac-am.fr\/wp-content\/uploads\/2015\/10\/barrebis.jpg\" alt=\"Barre double\" style=\"width:550px\"\/><\/figure>\n\n\n\n<figure class=\"wp-block-image aligncenter\"><img decoding=\"async\" src=\"https:\/\/www.ac-am.fr\/wp-content\/uploads\/2015\/10\/tit_vid.gif\" alt=\"Titre Une petite salle vid\u00e9o...\"\/><\/figure>\n\n\n\n<figure class=\"wp-block-image aligncenter\"><img decoding=\"async\" src=\"https:\/\/www.ac-am.fr\/wp-content\/uploads\/2015\/10\/barrebis.jpg\" alt=\"Barre double\"\/><\/figure>\n\n\n\n<p><span class=\"nnormal\"><img decoding=\"async\" src=\"https:\/\/www.ac-am.fr\/wp-content\/uploads\/2015\/09\/balle02.gif\" alt=\"\" align=\"left\" border=\"0\" hspace=\"5\"><span style=\"color: #ffffff;\">Nos dirigeants, nos scientifiques, nos m\u00e9decins, nos religieux sont des irresponsables et maintiennent les populations dans une ignorance certaine. Mais tout cela est entrain de changer. Reconna\u00eetre, avouer et apporter de vraies r\u00e9ponses sur l\u2019existence des OVNI reviendrait \u00e0 expliquer les pouvoirs des forces occultes, les lois de l\u2019univers ainsi que le sens de la vie car tout est li\u00e9. Mais dans l\u2019\u00e9tat actuel des choses, certaines de ces connaissances apporteraient des pouvoirs trop consid\u00e9rables pour le peu de sagesse dont fait preuve l\u2019humanit\u00e9 et bien que certains ne se g\u00eanent pas pour en faire usage, aux risques et p\u00e9rils de l\u2019ensemble de la plan\u00e8te. Heureusement les forces occultes sont l\u00e0 pour canaliser cette inconscience&#8230; Le jour de la r\u00e9v\u00e9lation approche&#8230;<\/span><\/span><\/p>\n\n\n\n<figure class=\"wp-block-image aligncenter\"><img decoding=\"async\" src=\"https:\/\/www.ac-am.fr\/wp-content\/uploads\/2015\/10\/barrebis.jpg\" alt=\"Barre double\"\/><\/figure>\n\n\n\n<div class=\"wp-block-group is-content-justification-center is-nowrap is-layout-flex wp-container-core-group-is-layout-23441af8 wp-block-group-is-layout-flex\">\n<figure class=\"wp-block-image size-full\"><a href=\"https:\/\/www.ac-am.fr\/wp-content\/uploads\/2015\/10\/YouTube-social-circle_red_48px.png\"><img loading=\"lazy\" decoding=\"async\" width=\"48\" height=\"48\" src=\"https:\/\/www.ac-am.fr\/wp-content\/uploads\/2015\/10\/YouTube-social-circle_red_48px.png\" alt=\"Bouton YouTube vid\u00e9o\" class=\"wp-image-472\"\/><\/a><\/figure>\n\n\n\n<p class=\"has-white-color has-text-color has-link-color wp-elements-1edb3857ee69b09f09de59509b30009b\">[Mise \u00e0 jour le 08\/07\/2025]<\/p>\n\n\n\n<figure class=\"wp-block-image size-full\"><a href=\"https:\/\/www.ac-am.fr\/wp-content\/uploads\/2015\/10\/play_vid.gif\"><img loading=\"lazy\" decoding=\"async\" width=\"50\" height=\"50\" src=\"https:\/\/www.ac-am.fr\/wp-content\/uploads\/2015\/10\/play_vid.gif\" alt=\"Bouton vid\u00e9o\" class=\"wp-image-471\"\/><\/a><\/figure>\n<\/div>\n\n\n\n<figure class=\"wp-block-image aligncenter\"><img decoding=\"async\" src=\"https:\/\/www.ac-am.fr\/wp-content\/uploads\/2015\/10\/barrebis.jpg\" alt=\"Barre double\"\/><\/figure>\n\n\n\n<p class=\"has-text-align-center\"><a href=\"https:\/\/www.ac-am.fr\/\" target=\"_top\"><img decoding=\"async\" src=\"https:\/\/www.ac-am.fr\/wp-content\/uploads\/2015\/09\/accueil.jpg\" alt=\"\" border=\"0\"><\/a><\/p>\n\n\n\n<figure class=\"wp-block-image aligncenter\"><img decoding=\"async\" src=\"https:\/\/www.ac-am.fr\/wp-content\/uploads\/2015\/10\/barrebis.jpg\" alt=\"Barre double\"\/><\/figure>\n<div style=\"padding-bottom:20px; padding-top:10px;\" class=\"hupso-share-buttons\"><!-- Hupso Share Buttons - https:\/\/www.hupso.com\/share\/ --><a class=\"hupso_toolbar\" href=\"https:\/\/www.hupso.com\/share\/\"><img decoding=\"async\" src=\"https:\/\/static.hupso.com\/share\/buttons\/lang\/fr\/share.png\" style=\"border:0px; padding-top: 5px; float:left;\" alt=\"Share Button\"\/><\/a><script type=\"text\/javascript\">var hupso_services_t=new Array(\"Twitter\",\"Facebook\",\"Google Plus\");var hupso_background_t=\"#EAF4FF\";var hupso_border_t=\"#66CCFF\";var hupso_toolbar_size_t=\"big\";var hupso_image_folder_url = \"\";var hupso_url_t=\"\";var hupso_title_t=\"Une%20petite%20salle%20vid%C3%A9o...\";<\/script><script type=\"text\/javascript\" src=\"https:\/\/static.hupso.com\/share\/js\/share_toolbar.js\"><\/script><!-- Hupso Share Buttons --><\/div>","protected":false},"excerpt":{"rendered":"<p>Nos dirigeants, nos scientifiques, nos m\u00e9decins, nos religieux sont des irresponsables et maintiennent les populations&#8230;<\/p>\n","protected":false},"author":1,"featured_media":0,"parent":0,"menu_order":0,"comment_status":"closed","ping_status":"closed","template":"","meta":{"footnotes":""},"class_list":["post-461","page","type-page","status-publish","hentry"],"yoast_head":"<!-- This site is optimized with the Yoast SEO plugin v26.9 - https:\/\/yoast.com\/product\/yoast-seo-wordpress\/ -->\n<title>Une petite salle vid\u00e9o... - Autre Conscience, Autre Monde<\/title>\n<meta name=\"description\" content=\"Nos dirigeants, nos scientifiques, nos m\u00e9decins, nos religieux sont des irresponsables et maintiennent les populations dans une ignorance.\" \/>\n<meta name=\"robots\" content=\"index, follow, max-snippet:-1, max-image-preview:large, max-video-preview:-1\" \/>\n<link rel=\"canonical\" href=\"https:\/\/www.ac-am.fr\/index.php\/une-petite-salle-video\/\" \/>\n<meta property=\"og:locale\" content=\"fr_FR\" \/>\n<meta property=\"og:type\" content=\"article\" \/>\n<meta property=\"og:title\" content=\"Une petite salle vid\u00e9o... - Autre Conscience, Autre Monde\" \/>\n<meta property=\"og:description\" content=\"Nos dirigeants, nos scientifiques, nos m\u00e9decins, nos religieux sont des irresponsables et maintiennent les populations dans une ignorance.\" \/>\n<meta property=\"og:url\" content=\"https:\/\/www.ac-am.fr\/index.php\/une-petite-salle-video\/\" \/>\n<meta property=\"og:site_name\" content=\"Autre Conscience, Autre Monde\" \/>\n<meta property=\"article:publisher\" content=\"https:\/\/fr-fr.facebook.com\/claude.acam\/\" \/>\n<meta property=\"article:modified_time\" content=\"2025-07-08T22:04:56+00:00\" \/>\n<meta property=\"og:image\" content=\"https:\/\/www.ac-am.fr\/wp-content\/uploads\/2015\/10\/barrebis.jpg\" \/>\n<meta name=\"twitter:card\" content=\"summary_large_image\" \/>\n<meta name=\"twitter:label1\" content=\"Dur\u00e9e de lecture estim\u00e9e\" \/>\n\t<meta name=\"twitter:data1\" content=\"3 minutes\" \/>\n<script type=\"application\/ld+json\" class=\"yoast-schema-graph\">{\"@context\":\"https:\/\/schema.org\",\"@graph\":[{\"@type\":\"WebPage\",\"@id\":\"https:\/\/www.ac-am.fr\/index.php\/une-petite-salle-video\/\",\"url\":\"https:\/\/www.ac-am.fr\/index.php\/une-petite-salle-video\/\",\"name\":\"Une petite salle vid\u00e9o... - Autre Conscience, Autre Monde\",\"isPartOf\":{\"@id\":\"https:\/\/www.ac-am.fr\/#website\"},\"primaryImageOfPage\":{\"@id\":\"https:\/\/www.ac-am.fr\/index.php\/une-petite-salle-video\/#primaryimage\"},\"image\":{\"@id\":\"https:\/\/www.ac-am.fr\/index.php\/une-petite-salle-video\/#primaryimage\"},\"thumbnailUrl\":\"https:\/\/www.ac-am.fr\/wp-content\/uploads\/2015\/10\/barrebis.jpg\",\"datePublished\":\"2015-10-03T09:18:32+00:00\",\"dateModified\":\"2025-07-08T22:04:56+00:00\",\"description\":\"Nos dirigeants, nos scientifiques, nos m\u00e9decins, nos religieux sont des irresponsables et maintiennent les populations dans une ignorance.\",\"breadcrumb\":{\"@id\":\"https:\/\/www.ac-am.fr\/index.php\/une-petite-salle-video\/#breadcrumb\"},\"inLanguage\":\"fr-FR\",\"potentialAction\":[{\"@type\":\"ReadAction\",\"target\":[\"https:\/\/www.ac-am.fr\/index.php\/une-petite-salle-video\/\"]}]},{\"@type\":\"ImageObject\",\"inLanguage\":\"fr-FR\",\"@id\":\"https:\/\/www.ac-am.fr\/index.php\/une-petite-salle-video\/#primaryimage\",\"url\":\"https:\/\/www.ac-am.fr\/wp-content\/uploads\/2015\/10\/barrebis.jpg\",\"contentUrl\":\"https:\/\/www.ac-am.fr\/wp-content\/uploads\/2015\/10\/barrebis.jpg\",\"width\":550,\"height\":12},{\"@type\":\"BreadcrumbList\",\"@id\":\"https:\/\/www.ac-am.fr\/index.php\/une-petite-salle-video\/#breadcrumb\",\"itemListElement\":[{\"@type\":\"ListItem\",\"position\":1,\"name\":\"Accueil\",\"item\":\"https:\/\/www.ac-am.fr\/\"},{\"@type\":\"ListItem\",\"position\":2,\"name\":\"Une petite salle vid\u00e9o&#8230;\"}]},{\"@type\":\"WebSite\",\"@id\":\"https:\/\/www.ac-am.fr\/#website\",\"url\":\"https:\/\/www.ac-am.fr\/\",\"name\":\"Autre Conscience, Autre Monde\",\"description\":\"\",\"publisher\":{\"@id\":\"https:\/\/www.ac-am.fr\/#organization\"},\"potentialAction\":[{\"@type\":\"SearchAction\",\"target\":{\"@type\":\"EntryPoint\",\"urlTemplate\":\"https:\/\/www.ac-am.fr\/?s={search_term_string}\"},\"query-input\":{\"@type\":\"PropertyValueSpecification\",\"valueRequired\":true,\"valueName\":\"search_term_string\"}}],\"inLanguage\":\"fr-FR\"},{\"@type\":\"Organization\",\"@id\":\"https:\/\/www.ac-am.fr\/#organization\",\"name\":\"Autre Conscience, Autre Monde\",\"url\":\"https:\/\/www.ac-am.fr\/\",\"logo\":{\"@type\":\"ImageObject\",\"inLanguage\":\"fr-FR\",\"@id\":\"https:\/\/www.ac-am.fr\/#\/schema\/logo\/image\/\",\"url\":\"https:\/\/www.ac-am.fr\/wp-content\/uploads\/2015\/10\/bd_ac_am.gif\",\"contentUrl\":\"https:\/\/www.ac-am.fr\/wp-content\/uploads\/2015\/10\/bd_ac_am.gif\",\"width\":370,\"height\":65,\"caption\":\"Autre Conscience, Autre Monde\"},\"image\":{\"@id\":\"https:\/\/www.ac-am.fr\/#\/schema\/logo\/image\/\"},\"sameAs\":[\"https:\/\/fr-fr.facebook.com\/claude.acam\/\",\"https:\/\/www.youtube.com\/user\/consciencemonde\"]}]}<\/script>\n<!-- \/ Yoast SEO plugin. -->","yoast_head_json":{"title":"Une petite salle vid\u00e9o... - Autre Conscience, Autre Monde","description":"Nos dirigeants, nos scientifiques, nos m\u00e9decins, nos religieux sont des irresponsables et maintiennent les populations dans une ignorance.","robots":{"index":"index","follow":"follow","max-snippet":"max-snippet:-1","max-image-preview":"max-image-preview:large","max-video-preview":"max-video-preview:-1"},"canonical":"https:\/\/www.ac-am.fr\/index.php\/une-petite-salle-video\/","og_locale":"fr_FR","og_type":"article","og_title":"Une petite salle vid\u00e9o... - Autre Conscience, Autre Monde","og_description":"Nos dirigeants, nos scientifiques, nos m\u00e9decins, nos religieux sont des irresponsables et maintiennent les populations dans une ignorance.","og_url":"https:\/\/www.ac-am.fr\/index.php\/une-petite-salle-video\/","og_site_name":"Autre Conscience, Autre Monde","article_publisher":"https:\/\/fr-fr.facebook.com\/claude.acam\/","article_modified_time":"2025-07-08T22:04:56+00:00","og_image":[{"url":"https:\/\/www.ac-am.fr\/wp-content\/uploads\/2015\/10\/barrebis.jpg","type":"","width":"","height":""}],"twitter_card":"summary_large_image","twitter_misc":{"Dur\u00e9e de lecture estim\u00e9e":"3 minutes"},"schema":{"@context":"https:\/\/schema.org","@graph":[{"@type":"WebPage","@id":"https:\/\/www.ac-am.fr\/index.php\/une-petite-salle-video\/","url":"https:\/\/www.ac-am.fr\/index.php\/une-petite-salle-video\/","name":"Une petite salle vid\u00e9o... - Autre Conscience, Autre Monde","isPartOf":{"@id":"https:\/\/www.ac-am.fr\/#website"},"primaryImageOfPage":{"@id":"https:\/\/www.ac-am.fr\/index.php\/une-petite-salle-video\/#primaryimage"},"image":{"@id":"https:\/\/www.ac-am.fr\/index.php\/une-petite-salle-video\/#primaryimage"},"thumbnailUrl":"https:\/\/www.ac-am.fr\/wp-content\/uploads\/2015\/10\/barrebis.jpg","datePublished":"2015-10-03T09:18:32+00:00","dateModified":"2025-07-08T22:04:56+00:00","description":"Nos dirigeants, nos scientifiques, nos m\u00e9decins, nos religieux sont des irresponsables et maintiennent les populations dans une ignorance.","breadcrumb":{"@id":"https:\/\/www.ac-am.fr\/index.php\/une-petite-salle-video\/#breadcrumb"},"inLanguage":"fr-FR","potentialAction":[{"@type":"ReadAction","target":["https:\/\/www.ac-am.fr\/index.php\/une-petite-salle-video\/"]}]},{"@type":"ImageObject","inLanguage":"fr-FR","@id":"https:\/\/www.ac-am.fr\/index.php\/une-petite-salle-video\/#primaryimage","url":"https:\/\/www.ac-am.fr\/wp-content\/uploads\/2015\/10\/barrebis.jpg","contentUrl":"https:\/\/www.ac-am.fr\/wp-content\/uploads\/2015\/10\/barrebis.jpg","width":550,"height":12},{"@type":"BreadcrumbList","@id":"https:\/\/www.ac-am.fr\/index.php\/une-petite-salle-video\/#breadcrumb","itemListElement":[{"@type":"ListItem","position":1,"name":"Accueil","item":"https:\/\/www.ac-am.fr\/"},{"@type":"ListItem","position":2,"name":"Une petite salle vid\u00e9o&#8230;"}]},{"@type":"WebSite","@id":"https:\/\/www.ac-am.fr\/#website","url":"https:\/\/www.ac-am.fr\/","name":"Autre Conscience, Autre Monde","description":"","publisher":{"@id":"https:\/\/www.ac-am.fr\/#organization"},"potentialAction":[{"@type":"SearchAction","target":{"@type":"EntryPoint","urlTemplate":"https:\/\/www.ac-am.fr\/?s={search_term_string}"},"query-input":{"@type":"PropertyValueSpecification","valueRequired":true,"valueName":"search_term_string"}}],"inLanguage":"fr-FR"},{"@type":"Organization","@id":"https:\/\/www.ac-am.fr\/#organization","name":"Autre Conscience, Autre Monde","url":"https:\/\/www.ac-am.fr\/","logo":{"@type":"ImageObject","inLanguage":"fr-FR","@id":"https:\/\/www.ac-am.fr\/#\/schema\/logo\/image\/","url":"https:\/\/www.ac-am.fr\/wp-content\/uploads\/2015\/10\/bd_ac_am.gif","contentUrl":"https:\/\/www.ac-am.fr\/wp-content\/uploads\/2015\/10\/bd_ac_am.gif","width":370,"height":65,"caption":"Autre Conscience, Autre Monde"},"image":{"@id":"https:\/\/www.ac-am.fr\/#\/schema\/logo\/image\/"},"sameAs":["https:\/\/fr-fr.facebook.com\/claude.acam\/","https:\/\/www.youtube.com\/user\/consciencemonde"]}]}},"_links":{"self":[{"href":"https:\/\/www.ac-am.fr\/index.php\/wp-json\/wp\/v2\/pages\/461","targetHints":{"allow":["GET"]}}],"collection":[{"href":"https:\/\/www.ac-am.fr\/index.php\/wp-json\/wp\/v2\/pages"}],"about":[{"href":"https:\/\/www.ac-am.fr\/index.php\/wp-json\/wp\/v2\/types\/page"}],"author":[{"embeddable":true,"href":"https:\/\/www.ac-am.fr\/index.php\/wp-json\/wp\/v2\/users\/1"}],"replies":[{"embeddable":true,"href":"https:\/\/www.ac-am.fr\/index.php\/wp-json\/wp\/v2\/comments?post=461"}],"version-history":[{"count":22,"href":"https:\/\/www.ac-am.fr\/index.php\/wp-json\/wp\/v2\/pages\/461\/revisions"}],"predecessor-version":[{"id":4724,"href":"https:\/\/www.ac-am.fr\/index.php\/wp-json\/wp\/v2\/pages\/461\/revisions\/4724"}],"wp:attachment":[{"href":"https:\/\/www.ac-am.fr\/index.php\/wp-json\/wp\/v2\/media?parent=461"}],"curies":[{"name":"wp","href":"https:\/\/api.w.org\/{rel}","templated":true}]}}