{"id":713,"date":"2015-10-09T15:15:57","date_gmt":"2015-10-09T14:15:57","guid":{"rendered":"https:\/\/www.ac-am.fr\/?page_id=713"},"modified":"2025-07-25T11:14:22","modified_gmt":"2025-07-25T10:14:22","slug":"le-tiki-de-la-pensee-universelle-tiki-batisseur-de-la-paix","status":"publish","type":"page","link":"https:\/\/www.ac-am.fr\/index.php\/le-tiki-de-la-pensee-universelle-tiki-batisseur-de-la-paix\/","title":{"rendered":"Le tiki de la pens\u00e9e universelle"},"content":{"rendered":"<div style=\"background-image: url('\/wp-content\/uploads\/2015\/10\/fond_ecr.jpg'); background-attachment: fixed; border: 2px solid #000000; border-radius: 20px; opacity: 0.90;\">\n\n\n<div class=\"wp-block-group is-content-justification-center is-nowrap is-layout-flex wp-container-core-group-is-layout-23441af8 wp-block-group-is-layout-flex\">\n<h2 class=\"wp-block-heading has-white-color has-text-color has-link-color wp-elements-4914008a4103e35eb2dcc607ddcfe6a6\"><a name=\"tiki_pensee_spirituelle\"><\/a>LE TIKI DE LA PENS\u00c9E UNIVERSELLE.<br>TIKI B\u00c2TISSEUR DE LA PAIX.<\/h2>\n\n\n\n<figure class=\"wp-block-image size-full is-resized\"><a href=\"https:\/\/www.ac-am.fr\/wp-content\/uploads\/2015\/10\/pegase.gif\"><img loading=\"lazy\" decoding=\"async\" width=\"150\" height=\"224\" src=\"https:\/\/www.ac-am.fr\/wp-content\/uploads\/2015\/10\/pegase.gif\" alt=\"P\u00e9gase de la petite salle des \u00e9crits\" class=\"wp-image-339\" style=\"width:150px;height:auto\"\/><\/a><\/figure>\n<\/div>\n\n\n\n<figure class=\"wp-block-image aligncenter is-resized\"><img decoding=\"async\" src=\"https:\/\/www.ac-am.fr\/wp-content\/uploads\/2015\/09\/barrebis.jpg\" alt=\"Double barre argent\u00e9e\" style=\"width:550px\"\/><\/figure>\n\n\n\n<h3 class=\"wp-block-heading has-text-align-center has-white-color has-text-color has-link-color wp-elements-ed6875b50d7d60c003e4e5bedf089808\">Divers \u00c9crits : 2002 &#8211; 2003 &#8211; 2004<\/h3>\n\n\n\n<figure class=\"wp-block-image aligncenter\"><img decoding=\"async\" src=\"https:\/\/www.ac-am.fr\/wp-content\/uploads\/2015\/09\/barrebis.jpg\" alt=\"Double barre argent\u00e9e\"\/><\/figure>\n\n\n\n<p class=\"has-luminous-vivid-amber-color has-text-color has-link-color wp-elements-85bdcfb37c9e8e9cc1305afd0646cf9f\"><strong><u>R\u00e9sum\u00e9<\/u> :<\/strong> Encore une approche vers la r\u00e9alit\u00e9 o\u00f9 le rationnel et l&rsquo;irrationnel sont enlac\u00e9s au point o\u00f9 le \u00ab\u00a0Saint-Thomas\u00a0\u00bb d\u00e9laisse la r\u00e8gle de la rigueur scientifique pour la souplesse de la logique et du bon sens.<br \/>\nLes mots seuls sont imparfaits et parfois pointus, alors par le dessin ils prennent toutes leurs dimensions qu&rsquo;on ne saurait \u00e9crire.<br \/>Les mots sont autant de tikis ne laissant s&rsquo;\u00e9chapper qu&rsquo;une partie d&rsquo;eux-m\u00eame dont le sens varie d&rsquo;une personne \u00e0 l&rsquo;autre.<br \/>Les mots sont les tikis transporteurs de nos pens\u00e9es.<\/p>\n\n\n\n<div class=\"wp-block-group is-nowrap is-layout-flex wp-container-core-group-is-layout-6c531013 wp-block-group-is-layout-flex\">\n<h2 class=\"wp-block-heading\">&nbsp;<\/h2>\n\n\n\n<figure class=\"wp-block-image size-full\"><a href=\"https:\/\/www.ac-am.fr\/wp-content\/uploads\/2015\/11\/fleche.gif\"><img loading=\"lazy\" decoding=\"async\" width=\"7\" height=\"11\" src=\"https:\/\/www.ac-am.fr\/wp-content\/uploads\/2015\/11\/fleche.gif\" alt=\"Fl\u00e8che fixe\" class=\"wp-image-1630\"\/><\/a><\/figure>\n\n\n\n<p class=\"has-white-color has-text-color has-link-color wp-elements-2c28f0ff32f97be01d0e0a1cc90dbacc\"><em><a href=\"https:\/\/www.ac-am.fr\/wp-content\/pdf\/le_tiki_pensee.pdf\" target=\"_blank\" rel=\"noreferrer noopener\">le_tiki_pensee.pdf (12 Ko)<\/a><\/em><\/p>\n\n\n\n<figure class=\"wp-block-image size-full\"><a href=\"https:\/\/www.ac-am.fr\/wp-content\/uploads\/2015\/10\/Adobe_PDF_file_icon_32x32.png\"><img loading=\"lazy\" decoding=\"async\" width=\"32\" height=\"32\" src=\"https:\/\/www.ac-am.fr\/wp-content\/uploads\/2015\/10\/Adobe_PDF_file_icon_32x32.png\" alt=\"Ic\u00f4ne adobe PDF 32x32\" class=\"wp-image-417\"\/><\/a><\/figure>\n<\/div>\n\n\n\n<div class=\"wp-block-group is-nowrap is-layout-flex wp-container-core-group-is-layout-6c531013 wp-block-group-is-layout-flex\">\n<h2 class=\"wp-block-heading\">&nbsp;<\/h2>\n\n\n\n<figure class=\"wp-block-image size-full\"><a href=\"https:\/\/www.ac-am.fr\/wp-content\/uploads\/2015\/11\/fleche.gif\"><img loading=\"lazy\" decoding=\"async\" width=\"7\" height=\"11\" src=\"https:\/\/www.ac-am.fr\/wp-content\/uploads\/2015\/11\/fleche.gif\" alt=\"Fl\u00e8che fixe\" class=\"wp-image-1630\"\/><\/a><\/figure>\n\n\n\n<p class=\"has-white-color has-text-color has-link-color wp-elements-05705a1a11895be47222f2844f9ece88\"><em><a href=\"https:\/\/www.ac-am.fr\/wp-content\/pdf\/le_tiki_paix.pdf\" target=\"_blank\" rel=\"noreferrer noopener\">le_tiki_paix.pdf (25 Ko)<\/a><\/em><\/p>\n\n\n\n<figure class=\"wp-block-image size-full\"><a href=\"https:\/\/www.ac-am.fr\/wp-content\/uploads\/2015\/10\/Adobe_PDF_file_icon_32x32.png\"><img loading=\"lazy\" decoding=\"async\" width=\"32\" height=\"32\" src=\"https:\/\/www.ac-am.fr\/wp-content\/uploads\/2015\/10\/Adobe_PDF_file_icon_32x32.png\" alt=\"Ic\u00f4ne adobe PDF 32x32\" class=\"wp-image-417\"\/><\/a><\/figure>\n<\/div>\n\n\n\n<ul class=\"wp-block-list\">\n<li class=\"has-text-color has-link-color wp-elements-035a6839c670abc44019f512112730fd\" style=\"color:#ecec18\">Cliquez sur<strong> \u00ab\u00a0le_tiki_pensee.pdf ou le_tiki_paix.pdf\u00a0\u00bb.<\/strong> Vous pourrez ainsi lire son contenu.<\/li>\n<\/ul>\n\n\n\n<figure class=\"wp-block-image aligncenter\"><img decoding=\"async\" src=\"https:\/\/www.ac-am.fr\/wp-content\/uploads\/2015\/09\/barrebis.jpg\" alt=\"Double barre argent\u00e9e\"\/><\/figure>\n\n\n<\/div><div style=\"padding-bottom:20px; padding-top:10px;\" class=\"hupso-share-buttons\"><!-- Hupso Share Buttons - https:\/\/www.hupso.com\/share\/ --><a class=\"hupso_toolbar\" href=\"https:\/\/www.hupso.com\/share\/\"><img decoding=\"async\" src=\"https:\/\/static.hupso.com\/share\/buttons\/lang\/fr\/share.png\" style=\"border:0px; padding-top: 5px; float:left;\" alt=\"Share Button\"\/><\/a><script type=\"text\/javascript\">var hupso_services_t=new Array(\"Twitter\",\"Facebook\",\"Google Plus\");var hupso_background_t=\"#EAF4FF\";var hupso_border_t=\"#66CCFF\";var hupso_toolbar_size_t=\"big\";var hupso_image_folder_url = \"\";var hupso_url_t=\"\";var hupso_title_t=\"Le%20tiki%20de%20la%20pens%C3%A9e%20universelle\";<\/script><script type=\"text\/javascript\" src=\"https:\/\/static.hupso.com\/share\/js\/share_toolbar.js\"><\/script><!-- Hupso Share Buttons --><\/div>","protected":false},"excerpt":{"rendered":"<p>LE TIKI DE LA PENS\u00c9E UNIVERSELLE.TIKI B\u00c2TISSEUR DE LA PAIX. Divers \u00c9crits : 2002 &#8211;&#8230;<\/p>\n","protected":false},"author":1,"featured_media":0,"parent":0,"menu_order":0,"comment_status":"closed","ping_status":"closed","template":"","meta":{"footnotes":""},"class_list":["post-713","page","type-page","status-publish","hentry"],"yoast_head":"<!-- This site is optimized with the Yoast SEO plugin v26.9 - https:\/\/yoast.com\/product\/yoast-seo-wordpress\/ -->\n<title>Le tiki de la pens\u00e9e universelle - Autre Conscience, Autre Monde<\/title>\n<meta name=\"description\" content=\"Les mots seuls sont imparfaits et parfois pointus, alors par le dessin ils prennent toutes leurs dimensions qu&#039;on ne saurait \u00e9crire.\" \/>\n<meta name=\"robots\" content=\"index, follow, max-snippet:-1, max-image-preview:large, max-video-preview:-1\" \/>\n<link rel=\"canonical\" href=\"https:\/\/www.ac-am.fr\/index.php\/le-tiki-de-la-pensee-universelle-tiki-batisseur-de-la-paix\/\" \/>\n<meta property=\"og:locale\" content=\"fr_FR\" \/>\n<meta property=\"og:type\" content=\"article\" \/>\n<meta property=\"og:title\" content=\"Le tiki de la pens\u00e9e universelle - Autre Conscience, Autre Monde\" \/>\n<meta property=\"og:description\" content=\"Les mots seuls sont imparfaits et parfois pointus, alors par le dessin ils prennent toutes leurs dimensions qu&#039;on ne saurait \u00e9crire.\" \/>\n<meta property=\"og:url\" content=\"https:\/\/www.ac-am.fr\/index.php\/le-tiki-de-la-pensee-universelle-tiki-batisseur-de-la-paix\/\" \/>\n<meta property=\"og:site_name\" content=\"Autre Conscience, Autre Monde\" \/>\n<meta property=\"article:publisher\" content=\"https:\/\/fr-fr.facebook.com\/claude.acam\/\" \/>\n<meta property=\"article:modified_time\" content=\"2025-07-25T10:14:22+00:00\" \/>\n<meta property=\"og:image\" content=\"https:\/\/www.ac-am.fr\/wp-content\/uploads\/2015\/10\/pegase.gif\" \/>\n\t<meta property=\"og:image:width\" content=\"150\" \/>\n\t<meta property=\"og:image:height\" content=\"224\" \/>\n\t<meta property=\"og:image:type\" content=\"image\/gif\" \/>\n<meta name=\"twitter:card\" content=\"summary_large_image\" \/>\n<meta name=\"twitter:label1\" content=\"Dur\u00e9e de lecture estim\u00e9e\" \/>\n\t<meta name=\"twitter:data1\" content=\"3 minutes\" \/>\n<script type=\"application\/ld+json\" class=\"yoast-schema-graph\">{\"@context\":\"https:\/\/schema.org\",\"@graph\":[{\"@type\":\"WebPage\",\"@id\":\"https:\/\/www.ac-am.fr\/index.php\/le-tiki-de-la-pensee-universelle-tiki-batisseur-de-la-paix\/\",\"url\":\"https:\/\/www.ac-am.fr\/index.php\/le-tiki-de-la-pensee-universelle-tiki-batisseur-de-la-paix\/\",\"name\":\"Le tiki de la pens\u00e9e universelle - Autre Conscience, Autre Monde\",\"isPartOf\":{\"@id\":\"https:\/\/www.ac-am.fr\/#website\"},\"primaryImageOfPage\":{\"@id\":\"https:\/\/www.ac-am.fr\/index.php\/le-tiki-de-la-pensee-universelle-tiki-batisseur-de-la-paix\/#primaryimage\"},\"image\":{\"@id\":\"https:\/\/www.ac-am.fr\/index.php\/le-tiki-de-la-pensee-universelle-tiki-batisseur-de-la-paix\/#primaryimage\"},\"thumbnailUrl\":\"https:\/\/www.ac-am.fr\/wp-content\/uploads\/2015\/10\/pegase.gif\",\"datePublished\":\"2015-10-09T14:15:57+00:00\",\"dateModified\":\"2025-07-25T10:14:22+00:00\",\"description\":\"Les mots seuls sont imparfaits et parfois pointus, alors par le dessin ils prennent toutes leurs dimensions qu'on ne saurait \u00e9crire.\",\"breadcrumb\":{\"@id\":\"https:\/\/www.ac-am.fr\/index.php\/le-tiki-de-la-pensee-universelle-tiki-batisseur-de-la-paix\/#breadcrumb\"},\"inLanguage\":\"fr-FR\",\"potentialAction\":[{\"@type\":\"ReadAction\",\"target\":[\"https:\/\/www.ac-am.fr\/index.php\/le-tiki-de-la-pensee-universelle-tiki-batisseur-de-la-paix\/\"]}]},{\"@type\":\"ImageObject\",\"inLanguage\":\"fr-FR\",\"@id\":\"https:\/\/www.ac-am.fr\/index.php\/le-tiki-de-la-pensee-universelle-tiki-batisseur-de-la-paix\/#primaryimage\",\"url\":\"https:\/\/www.ac-am.fr\/wp-content\/uploads\/2015\/10\/pegase.gif\",\"contentUrl\":\"https:\/\/www.ac-am.fr\/wp-content\/uploads\/2015\/10\/pegase.gif\",\"width\":150,\"height\":224,\"caption\":\"P\u00e9gase de la petite salle des \u00e9crits\"},{\"@type\":\"BreadcrumbList\",\"@id\":\"https:\/\/www.ac-am.fr\/index.php\/le-tiki-de-la-pensee-universelle-tiki-batisseur-de-la-paix\/#breadcrumb\",\"itemListElement\":[{\"@type\":\"ListItem\",\"position\":1,\"name\":\"Accueil\",\"item\":\"https:\/\/www.ac-am.fr\/\"},{\"@type\":\"ListItem\",\"position\":2,\"name\":\"Le tiki de la pens\u00e9e universelle\"}]},{\"@type\":\"WebSite\",\"@id\":\"https:\/\/www.ac-am.fr\/#website\",\"url\":\"https:\/\/www.ac-am.fr\/\",\"name\":\"Autre Conscience, Autre Monde\",\"description\":\"\",\"publisher\":{\"@id\":\"https:\/\/www.ac-am.fr\/#organization\"},\"potentialAction\":[{\"@type\":\"SearchAction\",\"target\":{\"@type\":\"EntryPoint\",\"urlTemplate\":\"https:\/\/www.ac-am.fr\/?s={search_term_string}\"},\"query-input\":{\"@type\":\"PropertyValueSpecification\",\"valueRequired\":true,\"valueName\":\"search_term_string\"}}],\"inLanguage\":\"fr-FR\"},{\"@type\":\"Organization\",\"@id\":\"https:\/\/www.ac-am.fr\/#organization\",\"name\":\"Autre Conscience, Autre Monde\",\"url\":\"https:\/\/www.ac-am.fr\/\",\"logo\":{\"@type\":\"ImageObject\",\"inLanguage\":\"fr-FR\",\"@id\":\"https:\/\/www.ac-am.fr\/#\/schema\/logo\/image\/\",\"url\":\"https:\/\/www.ac-am.fr\/wp-content\/uploads\/2015\/10\/bd_ac_am.gif\",\"contentUrl\":\"https:\/\/www.ac-am.fr\/wp-content\/uploads\/2015\/10\/bd_ac_am.gif\",\"width\":370,\"height\":65,\"caption\":\"Autre Conscience, Autre Monde\"},\"image\":{\"@id\":\"https:\/\/www.ac-am.fr\/#\/schema\/logo\/image\/\"},\"sameAs\":[\"https:\/\/fr-fr.facebook.com\/claude.acam\/\",\"https:\/\/www.youtube.com\/user\/consciencemonde\"]}]}<\/script>\n<!-- \/ Yoast SEO plugin. -->","yoast_head_json":{"title":"Le tiki de la pens\u00e9e universelle - Autre Conscience, Autre Monde","description":"Les mots seuls sont imparfaits et parfois pointus, alors par le dessin ils prennent toutes leurs dimensions qu'on ne saurait \u00e9crire.","robots":{"index":"index","follow":"follow","max-snippet":"max-snippet:-1","max-image-preview":"max-image-preview:large","max-video-preview":"max-video-preview:-1"},"canonical":"https:\/\/www.ac-am.fr\/index.php\/le-tiki-de-la-pensee-universelle-tiki-batisseur-de-la-paix\/","og_locale":"fr_FR","og_type":"article","og_title":"Le tiki de la pens\u00e9e universelle - Autre Conscience, Autre Monde","og_description":"Les mots seuls sont imparfaits et parfois pointus, alors par le dessin ils prennent toutes leurs dimensions qu'on ne saurait \u00e9crire.","og_url":"https:\/\/www.ac-am.fr\/index.php\/le-tiki-de-la-pensee-universelle-tiki-batisseur-de-la-paix\/","og_site_name":"Autre Conscience, Autre Monde","article_publisher":"https:\/\/fr-fr.facebook.com\/claude.acam\/","article_modified_time":"2025-07-25T10:14:22+00:00","og_image":[{"width":150,"height":224,"url":"https:\/\/www.ac-am.fr\/wp-content\/uploads\/2015\/10\/pegase.gif","type":"image\/gif"}],"twitter_card":"summary_large_image","twitter_misc":{"Dur\u00e9e de lecture estim\u00e9e":"3 minutes"},"schema":{"@context":"https:\/\/schema.org","@graph":[{"@type":"WebPage","@id":"https:\/\/www.ac-am.fr\/index.php\/le-tiki-de-la-pensee-universelle-tiki-batisseur-de-la-paix\/","url":"https:\/\/www.ac-am.fr\/index.php\/le-tiki-de-la-pensee-universelle-tiki-batisseur-de-la-paix\/","name":"Le tiki de la pens\u00e9e universelle - Autre Conscience, Autre Monde","isPartOf":{"@id":"https:\/\/www.ac-am.fr\/#website"},"primaryImageOfPage":{"@id":"https:\/\/www.ac-am.fr\/index.php\/le-tiki-de-la-pensee-universelle-tiki-batisseur-de-la-paix\/#primaryimage"},"image":{"@id":"https:\/\/www.ac-am.fr\/index.php\/le-tiki-de-la-pensee-universelle-tiki-batisseur-de-la-paix\/#primaryimage"},"thumbnailUrl":"https:\/\/www.ac-am.fr\/wp-content\/uploads\/2015\/10\/pegase.gif","datePublished":"2015-10-09T14:15:57+00:00","dateModified":"2025-07-25T10:14:22+00:00","description":"Les mots seuls sont imparfaits et parfois pointus, alors par le dessin ils prennent toutes leurs dimensions qu'on ne saurait \u00e9crire.","breadcrumb":{"@id":"https:\/\/www.ac-am.fr\/index.php\/le-tiki-de-la-pensee-universelle-tiki-batisseur-de-la-paix\/#breadcrumb"},"inLanguage":"fr-FR","potentialAction":[{"@type":"ReadAction","target":["https:\/\/www.ac-am.fr\/index.php\/le-tiki-de-la-pensee-universelle-tiki-batisseur-de-la-paix\/"]}]},{"@type":"ImageObject","inLanguage":"fr-FR","@id":"https:\/\/www.ac-am.fr\/index.php\/le-tiki-de-la-pensee-universelle-tiki-batisseur-de-la-paix\/#primaryimage","url":"https:\/\/www.ac-am.fr\/wp-content\/uploads\/2015\/10\/pegase.gif","contentUrl":"https:\/\/www.ac-am.fr\/wp-content\/uploads\/2015\/10\/pegase.gif","width":150,"height":224,"caption":"P\u00e9gase de la petite salle des \u00e9crits"},{"@type":"BreadcrumbList","@id":"https:\/\/www.ac-am.fr\/index.php\/le-tiki-de-la-pensee-universelle-tiki-batisseur-de-la-paix\/#breadcrumb","itemListElement":[{"@type":"ListItem","position":1,"name":"Accueil","item":"https:\/\/www.ac-am.fr\/"},{"@type":"ListItem","position":2,"name":"Le tiki de la pens\u00e9e universelle"}]},{"@type":"WebSite","@id":"https:\/\/www.ac-am.fr\/#website","url":"https:\/\/www.ac-am.fr\/","name":"Autre Conscience, Autre Monde","description":"","publisher":{"@id":"https:\/\/www.ac-am.fr\/#organization"},"potentialAction":[{"@type":"SearchAction","target":{"@type":"EntryPoint","urlTemplate":"https:\/\/www.ac-am.fr\/?s={search_term_string}"},"query-input":{"@type":"PropertyValueSpecification","valueRequired":true,"valueName":"search_term_string"}}],"inLanguage":"fr-FR"},{"@type":"Organization","@id":"https:\/\/www.ac-am.fr\/#organization","name":"Autre Conscience, Autre Monde","url":"https:\/\/www.ac-am.fr\/","logo":{"@type":"ImageObject","inLanguage":"fr-FR","@id":"https:\/\/www.ac-am.fr\/#\/schema\/logo\/image\/","url":"https:\/\/www.ac-am.fr\/wp-content\/uploads\/2015\/10\/bd_ac_am.gif","contentUrl":"https:\/\/www.ac-am.fr\/wp-content\/uploads\/2015\/10\/bd_ac_am.gif","width":370,"height":65,"caption":"Autre Conscience, Autre Monde"},"image":{"@id":"https:\/\/www.ac-am.fr\/#\/schema\/logo\/image\/"},"sameAs":["https:\/\/fr-fr.facebook.com\/claude.acam\/","https:\/\/www.youtube.com\/user\/consciencemonde"]}]}},"_links":{"self":[{"href":"https:\/\/www.ac-am.fr\/index.php\/wp-json\/wp\/v2\/pages\/713","targetHints":{"allow":["GET"]}}],"collection":[{"href":"https:\/\/www.ac-am.fr\/index.php\/wp-json\/wp\/v2\/pages"}],"about":[{"href":"https:\/\/www.ac-am.fr\/index.php\/wp-json\/wp\/v2\/types\/page"}],"author":[{"embeddable":true,"href":"https:\/\/www.ac-am.fr\/index.php\/wp-json\/wp\/v2\/users\/1"}],"replies":[{"embeddable":true,"href":"https:\/\/www.ac-am.fr\/index.php\/wp-json\/wp\/v2\/comments?post=713"}],"version-history":[{"count":5,"href":"https:\/\/www.ac-am.fr\/index.php\/wp-json\/wp\/v2\/pages\/713\/revisions"}],"predecessor-version":[{"id":4941,"href":"https:\/\/www.ac-am.fr\/index.php\/wp-json\/wp\/v2\/pages\/713\/revisions\/4941"}],"wp:attachment":[{"href":"https:\/\/www.ac-am.fr\/index.php\/wp-json\/wp\/v2\/media?parent=713"}],"curies":[{"name":"wp","href":"https:\/\/api.w.org\/{rel}","templated":true}]}}